{"id":100,"date":"2026-03-07T20:10:34","date_gmt":"2026-03-07T20:10:34","guid":{"rendered":"http:\/\/web2.pssr.sk\/?page_id=100"},"modified":"2026-04-15T12:07:31","modified_gmt":"2026-04-15T12:07:31","slug":"kozy","status":"publish","type":"page","link":"http:\/\/web2.pssr.sk\/index.php\/sk\/kozy\/","title":{"rendered":"Kozy"},"content":{"rendered":"\n<h2 class=\"wp-block-heading\">Kontrola \u00fa\u017eitkovosti k\u00f4z<\/h2>\n\n\n\n<p>Plemen\u00e1rske slu\u017eby SR, \u0161.p. zabezpe\u010duj\u00fa prostredn\u00edctvom svojich region\u00e1lnych pracov\u00edsk kontrolu \u00fa\u017eitkovosti k\u00f4z v \u0161\u013eachtite\u013esk\u00fdch, rozmno\u017eovac\u00edch a \u00fa\u017eitkov\u00fdch chovoch za \u00fa\u010delom objekt\u00edvneho zis\u0165ovania a hodnotenia \u00fa\u017eitkov\u00fdch vlastnost\u00ed jednotliv\u00fdch zvierat, st\u00e1d a chovov.<\/p>\n\n\n\n<h4 class=\"wp-block-heading\">Pri v\u00fdkone kontroly \u00fa\u017eitkovosti k\u00f4z sa zis\u0165uje<\/h4>\n\n\n\n<ul class=\"wp-block-list\">\n<li>po\u010det naroden\u00fdch kozliat<\/li>\n\n\n\n<li>mliekov\u00e1 \u00fa\u017eitkovos\u0165 (mno\u017estvo mlieka nadojen\u00e9ho za normovan\u00fa lakt\u00e1ciu a obsah mlie\u010dnych zlo\u017eiek &#8211; tuk, bielkovina, lakt\u00f3za)<\/li>\n\n\n\n<li>reproduk\u010dn\u00e9 ukazovatele (% oplodnenia, % plodnosti a % plodnosti na okoten\u00fa kozu)<\/li>\n<\/ul>\n\n\n\n<p>Samotn\u00fd v\u00fdkon kontroly \u00fa\u017eitkovosti predstavuje v\u00fdber kozliat na reprodukciu, ozna\u010dovanie a subjekt\u00edvne hodnotenie.<\/p>\n\n\n\n<h4 class=\"wp-block-heading\">\u010co z\u00edskate kontrolou \u00fa\u017eitkovosti?<\/h4>\n\n\n\n<ul class=\"wp-block-list\">\n<li>kontrola \u00fa\u017eitkovosti k\u00f4z I.stup\u0148a poskytuje chovate\u013eovi mo\u017enosti kvalifikovane sa rozhodova\u0165 a vykon\u00e1va\u0165 \u00fa\u010dinn\u00e9 opatrenia v st\u00e1de<\/li>\n\n\n\n<li>mo\u017enos\u0165 sledova\u0165 a selektova\u0165 jedince z viacpo\u010detn\u00fdch vrhov u matiek a otcov a po matk\u00e1ch s vysokou mliekovou \u00fa\u017eitkovos\u0165ou<\/li>\n\n\n\n<li>zve\u013ea\u010fovanie chovu z h\u013eadiska po\u010dtu kvalitn\u00fdch zvierat a zvy\u0161ovanie \u00fa\u017eitkovosti<\/li>\n\n\n\n<li>r\u00fdchlu n\u00e1vratnos\u0165 n\u00e1kladov vynalo\u017een\u00fdch na kontrolu \u00fa\u017eitkovosti<\/li>\n<\/ul>\n\n\n\n\n\n<hr class=\"wp-block-separator has-alpha-channel-opacity\"\/>\n\n\n\n<div class=\"wp-block-columns is-layout-flex wp-container-core-columns-is-layout-9d6595d7 wp-block-columns-is-layout-flex\">\n<div class=\"wp-block-column is-layout-flow wp-block-column-is-layout-flow\" style=\"flex-basis:66.66%\">\n<p><a href=\"https:\/\/pssr.sk\/index.php\/sk\/publikacna-cinnost\/\" target=\"_blank\" rel=\"noreferrer noopener\">Publikovan\u00e9 v\u00fdsledky K\u00da k\u00f4z<\/a><br><a href=\"https:\/\/pssr.sk\/index.php\/sk\/ku-ko-icar\/\">ICAR \u2013 medzin\u00e1rodn\u00e1 organiz\u00e1cia pre kontrolu \u00fa\u017eitkovosti<\/a><br><a href=\"https:\/\/pssr.sk\/wp-content\/uploads\/ku\/subory\/ky\/bonKlucKY.pdf\">Bonita\u010dn\u00fd k\u013e\u00fa\u010d<\/a><br><a href=\"\/index.php\/nakupne-trhy-capov\/\">N\u00e1kupne trhy capov<\/a><br><a href=\"https:\/\/pssr.sk\/wp-content\/uploads\/ku\/subory\/ov\/Zasady_ASD_ovce_kozy.pdf\" target=\"_blank\" rel=\"noreferrer noopener\">Z\u00e1sady automatizovan\u00e9ho spracovania d\u00e1t oviec a k\u00f4z<\/a><\/p>\n<\/div>\n\n\n\n<div class=\"wp-block-column is-layout-flow wp-block-column-is-layout-flow\" style=\"flex-basis:33.33%\">\n<p><a href=\"https:\/\/pssr.sk\/index.php\/sk\/softver-pre-chovatela\/\">Program K\u00da pre chovate\u013ea<\/a><br><a href=\"https:\/\/pssr.sk\/index.php\/sk\/tlaciva-kontroly-uzitkovosti\/\">Tla\u010div\u00e1 K\u00da<\/a><\/p>\n<\/div>\n<\/div>\n\n\n\n<p><\/p>\n","protected":false},"excerpt":{"rendered":"<p>Kontrola \u00fa\u017eitkovosti k\u00f4z Plemen\u00e1rske slu\u017eby SR, \u0161.p. zabezpe\u010duj\u00fa prostredn\u00edctvom svojich region\u00e1lnych pracov\u00edsk kontrolu \u00fa\u017eitkovosti k\u00f4z v \u0161\u013eachtite\u013esk\u00fdch, rozmno\u017eovac\u00edch a \u00fa\u017eitkov\u00fdch chovoch za \u00fa\u010delom objekt\u00edvneho zis\u0165ovania a hodnotenia \u00fa\u017eitkov\u00fdch vlastnost\u00ed jednotliv\u00fdch zvierat, st\u00e1d a chovov. Pri v\u00fdkone kontroly \u00fa\u017eitkovosti k\u00f4z sa zis\u0165uje Samotn\u00fd v\u00fdkon kontroly \u00fa\u017eitkovosti predstavuje v\u00fdber kozliat na reprodukciu, ozna\u010dovanie a subjekt\u00edvne hodnotenie. \u010co&#8230;<\/p>\n","protected":false},"author":1,"featured_media":0,"parent":0,"menu_order":0,"comment_status":"closed","ping_status":"closed","template":"","meta":{"footnotes":""},"class_list":["post-100","page","type-page","status-publish","hentry"],"_links":{"self":[{"href":"http:\/\/web2.pssr.sk\/index.php\/wp-json\/wp\/v2\/pages\/100","targetHints":{"allow":["GET"]}}],"collection":[{"href":"http:\/\/web2.pssr.sk\/index.php\/wp-json\/wp\/v2\/pages"}],"about":[{"href":"http:\/\/web2.pssr.sk\/index.php\/wp-json\/wp\/v2\/types\/page"}],"author":[{"embeddable":true,"href":"http:\/\/web2.pssr.sk\/index.php\/wp-json\/wp\/v2\/users\/1"}],"replies":[{"embeddable":true,"href":"http:\/\/web2.pssr.sk\/index.php\/wp-json\/wp\/v2\/comments?post=100"}],"version-history":[{"count":7,"href":"http:\/\/web2.pssr.sk\/index.php\/wp-json\/wp\/v2\/pages\/100\/revisions"}],"predecessor-version":[{"id":1164,"href":"http:\/\/web2.pssr.sk\/index.php\/wp-json\/wp\/v2\/pages\/100\/revisions\/1164"}],"wp:attachment":[{"href":"http:\/\/web2.pssr.sk\/index.php\/wp-json\/wp\/v2\/media?parent=100"}],"curies":[{"name":"wp","href":"https:\/\/api.w.org\/{rel}","templated":true}]}}