{"id":122,"date":"2026-03-07T21:06:58","date_gmt":"2026-03-07T21:06:58","guid":{"rendered":"http:\/\/web2.pssr.sk\/?page_id=122"},"modified":"2026-04-15T12:43:36","modified_gmt":"2026-04-15T12:43:36","slug":"crhz-hovadzi-dobytok","status":"publish","type":"page","link":"http:\/\/web2.pssr.sk\/index.php\/sk\/crhz-hovadzi-dobytok\/","title":{"rendered":"CRHZ &#8211; Hov\u00e4dz\u00ed dobytok"},"content":{"rendered":"\n<h2 class=\"wp-block-heading\">Ozna\u010dovanie hov\u00e4dzieho dobytka<\/h2>\n\n\n\n<ul class=\"wp-block-list\">\n<li>Presn\u00e9 individu\u00e1lne ozna\u010dovanie hov\u00e4dzieho dobytka (HD) je z\u00e1kladn\u00fdm predpokladom pre vedenie centr\u00e1lnej evidencie.<\/li>\n\n\n\n<li>Individu\u00e1lnym ozna\u010dovan\u00edm je zabezpe\u010den\u00e9 ur\u010denie toto\u017enosti ka\u017ed\u00e9ho zviera\u0165a a jeho p\u00f4vodu vzh\u013eadom na chov, miesto narodenia, krajinu p\u00f4vodu ako aj ur\u010denie zmien v lokaliz\u00e1cii vzh\u013eadom na jeho chov a jednotliv\u00fdch dr\u017eite\u013eov po\u010das jeho \u017eivota.<\/li>\n\n\n\n<li>Trval\u00e9 ozna\u010denie plastov\u00fdmi u\u0161n\u00fdmi zna\u010dkami, pri\u010dom ka\u017ed\u00e9 zviera mus\u00ed ma\u0165 najmenej dve origin\u00e1lne u\u0161n\u00e9 zna\u010dky s popisom, po jednej v ka\u017edom uchu, ktor\u00e9 mu zost\u00e1vaj\u00fa po\u010das cel\u00e9ho jeho \u017eivota a nesm\u00fa sa meni\u0165.<\/li>\n<\/ul>\n\n\n\n<h2 class=\"wp-block-heading\">PAS \u2013 sprievodn\u00fd doklad zviera\u0165a<\/h2>\n\n\n\n<ul class=\"wp-block-list\">\n<li>doklad je vystavovan\u00fd pre v\u0161etky novonaroden\u00e9 te\u013eat\u00e1<\/li>\n\n\n\n<li>CRHZ vypln\u00ed do pasu \u010d\u00edslo u\u0161nej zna\u010dky zviera\u0165a, registra\u010dn\u00e9 \u010d\u00edslo chovu, d\u00e1tum narodenia, plemeno a plemenn\u00fa skladbu, pohlavie, farbu srsti, identifika\u010dn\u00e9 \u010d\u00edslo matky, d\u00e1tum vystavenia pasu, n\u00e1zov a adresu prv\u00e9ho dr\u017eite\u013ea zviera\u0165a, v\u0161etko na z\u00e1klade spracovan\u00fdch \u00fadajov z tla\u010diva \u201eHl\u00e1senie zmien hov\u00e4dzieho dobytka\u201c<\/li>\n\n\n\n<li>sprev\u00e1dza zviera po cel\u00fa dobu jeho \u017eivota a pri ka\u017edej zmene dr\u017eite\u013ea je povinnos\u0165ou p\u00f4vodn\u00e9ho dr\u017eite\u013ea doklad nov\u00e9mu dr\u017eite\u013eovi odovzda\u0165<\/li>\n<\/ul>\n\n\n\n<p>U\u0161n\u00e9 zna\u010dky, inform\u00e1cie a doklady potrebn\u00e9 k vedeniu centr\u00e1lneho registra poskytuj\u00fa region\u00e1lne stredisk\u00e1 Plemen\u00e1rskych slu\u017eieb SR, \u0161.p.<\/p>\n\n\n\n<p>Aktu\u00e1lne <strong>k\u00f3dy a n\u00e1zvy plemien, kraj\u00edn, udalost\u00ed a ostatn\u00e9 \u010d\u00edslen\u00edky<\/strong> potrebn\u00e9 k vedeniu centr\u00e1lnej evidencie n\u00e1jdete vo Vo\u013enom pr\u00edstupe k d\u00e1tam CRHZ v \u010dasti <strong>Z\u00e1kladn\u00e9 \u010d\u00edseln\u00edky<\/strong> na <a href=\"https:\/\/www.cehz.sk\" target=\"_blank\" rel=\"noreferrer noopener\">www.crhz.sk<\/a>.<\/p>\n\n\n\n<p><strong>Kontakt:<\/strong><\/p>\n\n\n\n<p><strong><a href=\"tel:+421415073744\">+421 41 5073 744<\/a><\/strong> \u201ehotline slu\u017eba pre verejnos\u0165\u201c od 8:00 do 15:00 hod.<br><br><strong>Centr\u00e1lny register hospod\u00e1rskych zvierat (CRHZ)<\/strong><br>Rosinsk\u00e1 cesta 12<br>010 08 \u017dilina<br><a href=\"tel:+421415073744\">+421 41 5073 744<\/a><br><a href=\"mailto:crhz@pssr.sk\">crhz@pssr.sk<\/a><\/p>\n\n\n\n\t<div class=\"govuk-accordion\" data-module=\"idsk-accordion\" id=\"1UgFgrKV7czW3Ua4nbL-n\">\n\t\t<div class=\"govuk-accordion__controls\">\n\t\t\t<button class=\"govuk-accordion__open-all\"\n\t\t\t\tdata-open-title=\"Open all\"\n\t\t\t\tdata-close-title=\"Close all\"\n\t\t\t\ttype=\"button\"\n\t\t\t\taria-expanded=\"false\"\n\t\t\t>\n\t\t\t\t<span class=\"govuk-visually-hidden govuk-accordion__controls-span\" data-section-title=\"sections\"><\/span>\n\t\t\t<\/button>\n\t\t<\/div>\n\n\t\t\t\t\t<div class=\"govuk-accordion__section \">\n\t\t\t\t<div class=\"govuk-accordion__section-header\">\n\t\t\t\t\t<h2 class=\"govuk-accordion__section-heading\">\n\t\t\t\t\t\t<span class=\"govuk-accordion__section-button\" id=\"1UgFgrKV7czW3Ua4nbL-n-heading-1\">\n\t\t\t\t\t\t\tVyhl\u00e1\u0161ky\t\t\t\t\t\t<\/span>\n\t\t\t\t\t<\/h2>\n\t\t\t\t\t<div class=\"govuk-accordion__section-summary govuk-body\" id=\"1UgFgrKV7czW3Ua4nbL-n-summary-1\">\n\t\t\t\t\t\t\t\t\t\t\t<\/div>\n\t\t\t\t<\/div>\n\t\t\t\t<div id=\"1UgFgrKV7czW3Ua4nbL-n-content-1\"\n\t\t\t\t\tclass=\"govuk-accordion__section-content\"\n\t\t\t\t\taria-labelledby=\"1UgFgrKV7czW3Ua4nbL-n-heading-1\"\n\t\t\t\t>\n\t\t\t\t\t<a href=\"https:\/\/pssr.sk\/wp-content\/uploads\/cehz\/subory\/hd\/VyhlaskaHD_437_2024.pdf\">Vyhl\u00e1\u0161ka Ministerstva p\u00f4dohospod\u00e1rstva a rozvoja vidieka Slovenskej republiky \u010d. 437 z 13. novembra 2023, ktorou sa men\u00ed vyhl\u00e1\u0161ka Ministerstva p\u00f4dohospod\u00e1rstva a rozvoja vidieka Slovenskej republiky \u010d. 20\/2012 Z. z., ktorou sa ustanovuj\u00fa podrobnosti o identifik\u00e1cii a registr\u00e1cii hov\u00e4dzieho dobytka v znen\u00ed neskor\u0161\u00edch predpisov<\/a><br><br><a href=\"https:\/\/pssr.sk\/wp-content\/uploads\/cehz\/subory\/hd\/VyhlaskaHD_306_2023.pdf\">Vyhl\u00e1\u0161ka Ministerstva p\u00f4dohospod\u00e1rstva a rozvoja vidieka Slovenskej republiky \u010d. 306 z 19. j\u00fala 2023, ktorou sa men\u00ed vyhl\u00e1\u0161ka Ministerstva p\u00f4dohospod\u00e1rstva a rozvoja vidieka Slovenskej republiky \u010d. 20\/2012 Z. z.,<\/a><br><br><a href=\"https:\/\/pssr.sk\/wp-content\/uploads\/cehz\/subory\/hd\/VyhlaskaHD_ZZ_2020_52.pdf\">Vyhl\u00e1\u0161ka MPRV SR \u010d. 52 zo 16. marca 2020, ktorou sa men\u00ed a dop\u013a\u0148a vyhl\u00e1\u0161ka \u010d. 20\/2012 Z.z. ktorou sa ustanovuj\u00fa podrobnosti o identifik\u00e1cii a registr\u00e1cii HD v znen\u00ed neskor\u0161\u00edch predpisov<\/a><br><br><a href=\"https:\/\/pssr.sk\/wp-content\/uploads\/cehz\/subory\/hd\/VyhlaskaHD2017.pdf\">Vyhl\u00e1\u0161ka MPRV SR \u010d. 105\/2017 z 25. apr\u00edla 2017, ktorou sa men\u00ed a dop\u013a\u0148a vyhl\u00e1\u0161ka \u010d. 20\/2012 Z.z. ktorou sa ustanovuj\u00fa podrobnosti o identifik\u00e1cii a registr\u00e1cii HD v znen\u00ed vyhl\u00e1\u0161ky \u010d. 50\/2015 Z.z.<\/a><br><br><a href=\"https:\/\/pssr.sk\/wp-content\/uploads\/cehz\/subory\/hd\/vyhlaskaHD2015.pdf\">Vyhl\u00e1\u0161ka MPRV SR \u010d. 50\/2015 Z.z. zo d\u0148a 9. marca 2015, ktorou sa men\u00ed a dop\u013a\u0148a vyhl\u00e1\u0161ka \u010d. 20\/2012 Z. z.<\/a><br><br><a href=\"https:\/\/pssr.sk\/wp-content\/uploads\/cehz\/subory\/hd\/vyhlaskaHD.pdf\">Vyhl\u00e1\u0161ka \u010d. 20\/2012 Z.z. zo d\u0148a 13. janu\u00e1ra 2012, ktorou sa ustanovuj\u00fa podrobnosti o identifik\u00e1cii a registr\u00e1cii hov\u00e4dzieho dobytka<\/a><br><br><a href=\"https:\/\/pssr.sk\/wp-content\/uploads\/cehz\/subory\/hd\/Slovakia-HD.pdf\">Ofici\u00e1lny dokument \u2013 vzor pasu, u\u0161n\u00fdch zna\u010diek, individu\u00e1lneho registra a ofici\u00e1lny zoznam plemien HD<\/a><br><br><a href=\"http:\/\/pssr.sk\/wp-content\/uploads\/cehz\/subory\/Online-hl%C3%A1senie-cez-pr%C3%ADstup-farm%C3%A1ra-v6_web.pdf\">Pokyny k elektronick\u00e9mu hl\u00e1seniu zmien do Centr\u00e1lneho registra hospod\u00e1rskych zvierat<\/a>\t\t\t\t<\/div>\n\t\t\t<\/div>\n\t\t\t\t<\/div>\n\n\t\n\n\n<hr class=\"wp-block-separator has-alpha-channel-opacity\"\/>\n\n\n\n<p><a href=\"https:\/\/pssr.sk\/index.php\/sk\/prirucky-k-programom\/\">Individu\u00e1lny register HD v elektronickej podobe \u2013 program WinregHD<\/a><\/p>\n\n\n\n<p><\/p>\n","protected":false},"excerpt":{"rendered":"<p>Ozna\u010dovanie hov\u00e4dzieho dobytka PAS \u2013 sprievodn\u00fd doklad zviera\u0165a U\u0161n\u00e9 zna\u010dky, inform\u00e1cie a doklady potrebn\u00e9 k vedeniu centr\u00e1lneho registra poskytuj\u00fa region\u00e1lne stredisk\u00e1 Plemen\u00e1rskych slu\u017eieb SR, \u0161.p. Aktu\u00e1lne k\u00f3dy a n\u00e1zvy plemien, kraj\u00edn, udalost\u00ed a ostatn\u00e9 \u010d\u00edslen\u00edky potrebn\u00e9 k vedeniu centr\u00e1lnej evidencie n\u00e1jdete vo Vo\u013enom pr\u00edstupe k d\u00e1tam CRHZ v \u010dasti Z\u00e1kladn\u00e9 \u010d\u00edseln\u00edky na www.crhz.sk. Kontakt: +421&#8230;<\/p>\n","protected":false},"author":1,"featured_media":0,"parent":0,"menu_order":0,"comment_status":"closed","ping_status":"closed","template":"","meta":{"footnotes":""},"class_list":["post-122","page","type-page","status-publish","hentry"],"_links":{"self":[{"href":"http:\/\/web2.pssr.sk\/index.php\/wp-json\/wp\/v2\/pages\/122","targetHints":{"allow":["GET"]}}],"collection":[{"href":"http:\/\/web2.pssr.sk\/index.php\/wp-json\/wp\/v2\/pages"}],"about":[{"href":"http:\/\/web2.pssr.sk\/index.php\/wp-json\/wp\/v2\/types\/page"}],"author":[{"embeddable":true,"href":"http:\/\/web2.pssr.sk\/index.php\/wp-json\/wp\/v2\/users\/1"}],"replies":[{"embeddable":true,"href":"http:\/\/web2.pssr.sk\/index.php\/wp-json\/wp\/v2\/comments?post=122"}],"version-history":[{"count":14,"href":"http:\/\/web2.pssr.sk\/index.php\/wp-json\/wp\/v2\/pages\/122\/revisions"}],"predecessor-version":[{"id":1192,"href":"http:\/\/web2.pssr.sk\/index.php\/wp-json\/wp\/v2\/pages\/122\/revisions\/1192"}],"wp:attachment":[{"href":"http:\/\/web2.pssr.sk\/index.php\/wp-json\/wp\/v2\/media?parent=122"}],"curies":[{"name":"wp","href":"https:\/\/api.w.org\/{rel}","templated":true}]}}