{"id":140,"date":"2026-03-07T21:32:16","date_gmt":"2026-03-07T21:32:16","guid":{"rendered":"http:\/\/web2.pssr.sk\/?page_id=140"},"modified":"2026-04-15T12:43:35","modified_gmt":"2026-04-15T12:43:35","slug":"crhz-ovce-a-kozy","status":"publish","type":"page","link":"http:\/\/web2.pssr.sk\/index.php\/sk\/crhz-ovce-a-kozy\/","title":{"rendered":"CRHZ &#8211; Ovce a kozy"},"content":{"rendered":"\n<h2 class=\"wp-block-heading\">Ozna\u010dovanie oviec a k\u00f4z<\/h2>\n\n\n\n<ul class=\"wp-block-list\">\n<li>Individu\u00e1lne ozna\u010dovanie oviec a k\u00f4z je z\u00e1kladn\u00fdm predpokladom pre vedenie centr\u00e1lnej evidencie.<\/li>\n\n\n\n<li>Individu\u00e1lnym ozna\u010dovan\u00edm je zabezpe\u010den\u00e9 ur\u010denie toto\u017enosti ka\u017ed\u00e9ho zviera\u0165a a jeho p\u00f4vodu vzh\u013eadom na chov, miesto narodenia, krajinu p\u00f4vodu ako aj ur\u010denie zmien v lokaliz\u00e1cii vzh\u013eadom na jeho chov a jednotliv\u00fdch dr\u017eite\u013eov po\u010das jeho \u017eivota.<\/li>\n\n\n\n<li>Trval\u00e9 ozna\u010denie oviec alebo k\u00f4z dvomi plastov\u00fdmi u\u0161n\u00fdmi zna\u010dkami, alebo jednou plastovou u\u0161nou zna\u010dkou a elektronick\u00fdm identifik\u00e1torom, alebo jednou plastovou u\u0161nou zna\u010dkou len u oviec alebo k\u00f4z do veku 12 mesiacov, ktor\u00e9 s\u00fa ur\u010den\u00e9 na jato\u010dn\u00e9 \u00fa\u010dely v r\u00e1mci Slovenskej republiky, alebo in\u00fdm sp\u00f4sobom pod\u013ea osobitn\u00e9ho predpisu, len u zvierat, ktor\u00e9 nie je mo\u017en\u00e9 ozna\u010di\u0165 plastovou u\u0161nou zna\u010dkou ( zo zdravotn\u00fdch alebo in\u00fdch d\u00f4vodov). Takto ozna\u010den\u00e9 zvierat\u00e1 nie s\u00fa v zmysle platn\u00fdch predpisov ur\u010den\u00e9 pre obchod v r\u00e1mci spolo\u010denstva.<\/li>\n<\/ul>\n\n\n\n<p>U\u0161n\u00e9 zna\u010dky, inform\u00e1cie a doklady potrebn\u00e9 k vedeniu centr\u00e1lnej evidencie poskytuj\u00fa region\u00e1lne stredisk\u00e1 Plemen\u00e1rske slu\u017eby SR, \u0161.p.<\/p>\n\n\n\n<p>Aktu\u00e1lne <strong>k\u00f3dy a n\u00e1zvy plemien, kraj\u00edn, udalost\u00ed a ostatn\u00e9 \u010d\u00edslen\u00edky<\/strong> potrebn\u00e9 k vedeniu centr\u00e1lnej evidencie n\u00e1jdete vo Vo\u013enom pr\u00edstupe k d\u00e1tam CRHZ v \u010dasti <strong>Z\u00e1kladn\u00e9 \u010d\u00edseln\u00edky<\/strong> na <a href=\"https:\/\/www.cehz.sk\" target=\"_blank\" rel=\"noreferrer noopener\">www.crhz.sk<\/a>.<\/p>\n\n\n\n<p><strong>Kontakt:<\/strong><\/p>\n\n\n\n<p><strong><a href=\"tel:+421415073744\">+421 41 5073 744<\/a><\/strong> \u201ehotline slu\u017eba pre verejnos\u0165\u201c od 8:00 do 15:00 hod.<\/p>\n\n\n\n<p><strong>Centr\u00e1lna register hospod\u00e1rskych zvierat (CRHZ)<\/strong><br>Rosinsk\u00e1 cesta 12<br>010 08 \u017dilina<br><a href=\"tel:+421415073744\">+421 41 5073 744<\/a><br><a href=\"mailto:crhz@pssr.sk\">crhz@pssr.sk<\/a><\/p>\n\n\n\n\t<div class=\"govuk-accordion\" data-module=\"idsk-accordion\" id=\"8DZfm2z5PveCJxS7DZmqF\">\n\t\t<div class=\"govuk-accordion__controls\">\n\t\t\t<button class=\"govuk-accordion__open-all\"\n\t\t\t\tdata-open-title=\"Open all\"\n\t\t\t\tdata-close-title=\"Close all\"\n\t\t\t\ttype=\"button\"\n\t\t\t\taria-expanded=\"false\"\n\t\t\t>\n\t\t\t\t<span class=\"govuk-visually-hidden govuk-accordion__controls-span\" data-section-title=\"sections\"><\/span>\n\t\t\t<\/button>\n\t\t<\/div>\n\n\t\t\t\t\t<div class=\"govuk-accordion__section \">\n\t\t\t\t<div class=\"govuk-accordion__section-header\">\n\t\t\t\t\t<h2 class=\"govuk-accordion__section-heading\">\n\t\t\t\t\t\t<span class=\"govuk-accordion__section-button\" id=\"8DZfm2z5PveCJxS7DZmqF-heading-1\">\n\t\t\t\t\t\t\tVyhl\u00e1\u0161ky\t\t\t\t\t\t<\/span>\n\t\t\t\t\t<\/h2>\n\t\t\t\t\t<div class=\"govuk-accordion__section-summary govuk-body\" id=\"8DZfm2z5PveCJxS7DZmqF-summary-1\">\n\t\t\t\t\t\t\t\t\t\t\t<\/div>\n\t\t\t\t<\/div>\n\t\t\t\t<div id=\"8DZfm2z5PveCJxS7DZmqF-content-1\"\n\t\t\t\t\tclass=\"govuk-accordion__section-content\"\n\t\t\t\t\taria-labelledby=\"8DZfm2z5PveCJxS7DZmqF-heading-1\"\n\t\t\t\t>\n\t\t\t\t\t<a href=\"https:\/\/pssr.sk\/wp-content\/uploads\/cehz\/subory\/ovky\/VyhlaskaOVKY_436_2024.pdf\">Vyhl\u00e1\u0161ka Ministerstva p\u00f4dohospod\u00e1rstva a rozvoja vidieka Slovenskej republiky \u010d. 436 z 13. novembra 2023, ktorou sa men\u00ed vyhl\u00e1\u0161ka Ministerstva p\u00f4dohospod\u00e1rstva a rozvoja vidieka Slovenskej republiky \u010d. 18\/2012 Z. z. o identifik\u00e1cii a registr\u00e1cii oviec a k\u00f4z v znen\u00ed neskor\u0161\u00edch predpisov<\/a><br><br><a href=\"https:\/\/pssr.sk\/wp-content\/uploads\/cehz\/subory\/ovky\/VyhlaskaOV_308_2023.pdf\">Vyhl\u00e1\u0161ka Ministerstva p\u00f4dohospod\u00e1rstva a rozvoja vidieka Slovenskej republiky \u010d. 308 z 19. j\u00fala 2023, ktorou sa men\u00ed vyhl\u00e1\u0161ka Ministerstva p\u00f4dohospod\u00e1rstva a rozvoja vidieka Slovenskej republiky \u010d. 18\/2012 Z. z.,<\/a><br><br><a href=\"https:\/\/pssr.sk\/wp-content\/uploads\/cehz\/subory\/ovky\/VyhlaskaOVKY2017.pdf\">Vyhl\u00e1\u0161ka MPRV SR \u010d. 102\/2017 z 25. apr\u00edla 2017, ktorou sa men\u00ed a dop\u013a\u0148a vyhl\u00e1\u0161ka \u010d. 18\/2012 Z.z. o identifik\u00e1cii a registr\u00e1cii oviec a k\u00f4z v znen\u00ed vyhl\u00e1\u0161ky \u010d. 49\/2015 Z.z.<\/a><br><br><a href=\"https:\/\/pssr.sk\/wp-content\/uploads\/cehz\/subory\/ovky\/vyhlaskaOVKY2015.pdf\">Vyhl\u00e1\u0161ka MPRV SR \u010d. 49\/2015 Z.z. zo d\u0148a 9. marca 2015, ktorou sa men\u00ed a dop\u013a\u0148a vyhl\u00e1\u0161ka \u010d. 18\/2012 Z. z.<\/a><br><br><a href=\"https:\/\/pssr.sk\/wp-content\/uploads\/cehz\/subory\/ovky\/vyhlaskaOVKY.pdf\">Vyhl\u00e1\u0161ka Ministerstva p\u00f4dohospod\u00e1rstva a rozvoja vidieka SR \u010d. 18\/2012 Z.z. z 13. janu\u00e1ra 2012 o identifik\u00e1cii a registr\u00e1cii oviec a k\u00f4z<\/a><br><br><a href=\"https:\/\/pssr.sk\/wp-content\/uploads\/cehz\/subory\/ovky\/Slovakia-OV-KZ.pdf\">Ofici\u00e1lny dokument \u2013 z\u00e1kladn\u00e9 dokumenty v centr\u00e1lnej evidencii oviec a k\u00f4z, vzory u\u0161n\u00fdch zna\u010diek<\/a><br><br><a href=\"http:\/\/pssr.sk\/wp-content\/uploads\/cehz\/subory\/Online-hl%C3%A1senie-cez-pr%C3%ADstup-farm%C3%A1ra-v6_web.pdf\">Pokyny k elektronick\u00e9mu hl\u00e1seniu zmien do Centr\u00e1lneho registra hospod\u00e1rskych zvierat<\/a>\t\t\t\t<\/div>\n\t\t\t<\/div>\n\t\t\t\t<\/div>\n\n\t\n\n\n<hr class=\"wp-block-separator has-alpha-channel-opacity\"\/>\n\n\n\n<p><a href=\"https:\/\/pssr.sk\/index.php\/sk\/prirucky-k-programom\/\">Individu\u00e1lny register OV\/KZ v elektronickej podobe \u2013 program WinregOV\/WinregKO<\/a><\/p>\n","protected":false},"excerpt":{"rendered":"<p>Ozna\u010dovanie oviec a k\u00f4z U\u0161n\u00e9 zna\u010dky, inform\u00e1cie a doklady potrebn\u00e9 k vedeniu centr\u00e1lnej evidencie poskytuj\u00fa region\u00e1lne stredisk\u00e1 Plemen\u00e1rske slu\u017eby SR, \u0161.p. Aktu\u00e1lne k\u00f3dy a n\u00e1zvy plemien, kraj\u00edn, udalost\u00ed a ostatn\u00e9 \u010d\u00edslen\u00edky potrebn\u00e9 k vedeniu centr\u00e1lnej evidencie n\u00e1jdete vo Vo\u013enom pr\u00edstupe k d\u00e1tam CRHZ v \u010dasti Z\u00e1kladn\u00e9 \u010d\u00edseln\u00edky na www.crhz.sk. Kontakt: +421 41 5073 744 \u201ehotline&#8230;<\/p>\n","protected":false},"author":1,"featured_media":0,"parent":0,"menu_order":0,"comment_status":"closed","ping_status":"closed","template":"","meta":{"footnotes":""},"class_list":["post-140","page","type-page","status-publish","hentry"],"_links":{"self":[{"href":"http:\/\/web2.pssr.sk\/index.php\/wp-json\/wp\/v2\/pages\/140","targetHints":{"allow":["GET"]}}],"collection":[{"href":"http:\/\/web2.pssr.sk\/index.php\/wp-json\/wp\/v2\/pages"}],"about":[{"href":"http:\/\/web2.pssr.sk\/index.php\/wp-json\/wp\/v2\/types\/page"}],"author":[{"embeddable":true,"href":"http:\/\/web2.pssr.sk\/index.php\/wp-json\/wp\/v2\/users\/1"}],"replies":[{"embeddable":true,"href":"http:\/\/web2.pssr.sk\/index.php\/wp-json\/wp\/v2\/comments?post=140"}],"version-history":[{"count":6,"href":"http:\/\/web2.pssr.sk\/index.php\/wp-json\/wp\/v2\/pages\/140\/revisions"}],"predecessor-version":[{"id":1190,"href":"http:\/\/web2.pssr.sk\/index.php\/wp-json\/wp\/v2\/pages\/140\/revisions\/1190"}],"wp:attachment":[{"href":"http:\/\/web2.pssr.sk\/index.php\/wp-json\/wp\/v2\/media?parent=140"}],"curies":[{"name":"wp","href":"https:\/\/api.w.org\/{rel}","templated":true}]}}