{"id":179,"date":"2026-03-09T10:36:35","date_gmt":"2026-03-09T10:36:35","guid":{"rendered":"http:\/\/web2.pssr.sk\/?page_id=179"},"modified":"2026-04-15T12:43:34","modified_gmt":"2026-04-15T12:43:34","slug":"doskolovacie-pracovisko","status":"publish","type":"page","link":"http:\/\/web2.pssr.sk\/index.php\/sk\/doskolovacie-pracovisko\/","title":{"rendered":"Do\u0161kolovacie pracovisko"},"content":{"rendered":"\n<h2 class=\"wp-block-heading\">Uskuto\u010d\u0148ujeme kurzy ovl\u00e1dania plemen\u00e1rskych programov a to:<\/h2>\n\n\n\n<p>Na z\u00e1klade schv\u00e1len\u00e9ho harmonogramu vzdel\u00e1vac\u00edch aktiv\u00edt si V\u00e1s dovo\u013eujeme upozorni\u0165 na nov\u00e9 po\u010d\u00edta\u010dov\u00e9 programy v r\u00e1mci Plemen\u00e1rskych slu\u017eieb SR, \u0161.p., ktor\u00e9 s\u00fa dostupn\u00e9 na str\u00e1nke www.pssr.sk a to:<\/p>\n\n\n\n<p><a href=\"https:\/\/www.plis.sk\">Plemen\u00e1rsky informa\u010dn\u00fd syst\u00e9m (PLIS)<\/a> \u2013 Inform\u00e1cie z kontroly \u00fa\u017eitkovosti hov\u00e4dzieho dobytka, o\u0161\u00edpan\u00fdch, oviec a k\u00f4z v Slovenskej republike. Aktu\u00e1lne v\u00fdsledky z rozborov pre chovate\u013ea, \u0161tatistick\u00e9 inform\u00e1cie pre odborn\u00edkov a mana\u017e\u00e9rov.<\/p>\n\n\n\n<p><a href=\"https:\/\/www.cehz.sk\">Vedenie centr\u00e1lneho registra hospod\u00e1rskych zvierat (CRHZ)<\/a> \u2013 Inform\u00e1cie z centr\u00e1lnej evidencie hov\u00e4dzieho dobytka, oviec, k\u00f4z, o\u0161\u00edpan\u00fdch, hydiny a be\u017ecov. Aktu\u00e1lne \u00fadaje o stave a premiestneniach hospod\u00e1rskych zvierat na chovoch v Slovenskej republike. Program <strong>Winreg<\/strong> pre elektronick\u00e9 vedenie CRHZ<\/p>\n\n\n\n<h2 class=\"wp-block-heading\">Online webin\u00e1re<\/h2>\n\n\n\n\t<div class=\"govuk-inset-text\">\n\t\t<strong>Plemen\u00e1rsky informa\u010dn\u00fd syst\u00e9m: kontrola mliekovej \u00fa\u017eitkovosti hov\u00e4dzieho dobytka.<\/strong><br>D\u00e1tum a \u010das: <strong>28.4.2026<\/strong> v utorok o <strong>9:00 hod.<\/strong><br><br>Pripojenie: <a href=\"https:\/\/meet.google.com\/dtq-ommg-iak\">https:\/\/meet.google.com\/dtq-ommg-iak<\/a><br>Viac inform\u00e1ci\u00ed v let\u00e1ku na <a href=\"https:\/\/fb.me\/e\/62DUE1j88\">facebooku<\/a>.\t<\/div>\n\n\t\n\n\n\t<div class=\"govuk-inset-text\">\n\t\t<strong>Plemen\u00e1rsky informa\u010dn\u00fd syst\u00e9m: kontrola m\u00e4sovej \u00fa\u017eitkovosti hov\u00e4dzieho dobytka.<\/strong><br>D\u00e1tum a \u010das: <strong>29.4.2026<\/strong> v streda o <strong>9:00 hod.<\/strong><br><br>Pripojenie: <a href=\"https:\/\/meet.google.com\/cym-wdhy-oxc\">https:\/\/meet.google.com\/cym-wdhy-oxc<\/a><br>Viac inform\u00e1ci\u00ed v let\u00e1ku na <a href=\"https:\/\/fb.me\/e\/kbYvxNsyt\">facebooku<\/a>.\t<\/div>\n\n\t\n\n\n<p>Pre inform\u00e1cie o aktu\u00e1lnych kurzoch kontaktujte: <\/p>\n\n\n\n<p><strong>Ing. Lenka Mlynekov\u00e1, PhD.<\/strong> <br>Ved\u00faca Laborat\u00f3rium genetiky a vzdel\u00e1vania<br>Hlohoveck\u00e1 7<br>951 41 Lu\u017eianky<\/p>\n\n\n\n<p><a href=\"tel:+421905700951\">+421 905 700 951<\/a><br><a href=\"mailto:lenkamlynekova@pssr.sk\">lenkamlynekova@pssr.sk<\/a><\/p>\n\n\n\n\t<div class=\"govuk-accordion\" data-module=\"idsk-accordion\" id=\"LkCK1Hs30FhsWyr1abcxt\">\n\t\t<div class=\"govuk-accordion__controls\">\n\t\t\t<button class=\"govuk-accordion__open-all\"\n\t\t\t\tdata-open-title=\"Open all\"\n\t\t\t\tdata-close-title=\"Close all\"\n\t\t\t\ttype=\"button\"\n\t\t\t\taria-expanded=\"false\"\n\t\t\t>\n\t\t\t\t<span class=\"govuk-visually-hidden govuk-accordion__controls-span\" data-section-title=\"sections\"><\/span>\n\t\t\t<\/button>\n\t\t<\/div>\n\n\t\t\t\t\t<div class=\"govuk-accordion__section \">\n\t\t\t\t<div class=\"govuk-accordion__section-header\">\n\t\t\t\t\t<h2 class=\"govuk-accordion__section-heading\">\n\t\t\t\t\t\t<span class=\"govuk-accordion__section-button\" id=\"LkCK1Hs30FhsWyr1abcxt-heading-1\">\n\t\t\t\t\t\t\tZ\u00e1znamy \u0161kolen\u00ed\t\t\t\t\t\t<\/span>\n\t\t\t\t\t<\/h2>\n\t\t\t\t\t<div class=\"govuk-accordion__section-summary govuk-body\" id=\"LkCK1Hs30FhsWyr1abcxt-summary-1\">\n\t\t\t\t\t\t\t\t\t\t\t<\/div>\n\t\t\t\t<\/div>\n\t\t\t\t<div id=\"LkCK1Hs30FhsWyr1abcxt-content-1\"\n\t\t\t\t\tclass=\"govuk-accordion__section-content\"\n\t\t\t\t\taria-labelledby=\"LkCK1Hs30FhsWyr1abcxt-heading-1\"\n\t\t\t\t>\n\t\t\t\t\t<a href=\"https:\/\/pssr.sk\/wp-content\/uploads\/stiah\/skolenia\/Zaznam_skolenia_WinregOS_17032025.mp4\">Z\u00e1znam zo \u0161kolenia Winreg O\u0160 17.3.2025<\/a><br><a href=\"https:\/\/pssr.sk\/wp-content\/uploads\/stiah\/skolenia\/Zaznam_skolenia_WinregHD_31032025.mp4\">Z\u00e1znam zo \u0161kolenia Winreg HD 31.3.2025<\/a>\t\t\t\t<\/div>\n\t\t\t<\/div>\n\t\t\t\t<\/div>\n\n\t","protected":false},"excerpt":{"rendered":"<p>Uskuto\u010d\u0148ujeme kurzy ovl\u00e1dania plemen\u00e1rskych programov a to: Na z\u00e1klade schv\u00e1len\u00e9ho harmonogramu vzdel\u00e1vac\u00edch aktiv\u00edt si V\u00e1s dovo\u013eujeme upozorni\u0165 na nov\u00e9 po\u010d\u00edta\u010dov\u00e9 programy v r\u00e1mci Plemen\u00e1rskych slu\u017eieb SR, \u0161.p., ktor\u00e9 s\u00fa dostupn\u00e9 na str\u00e1nke www.pssr.sk a to: Plemen\u00e1rsky informa\u010dn\u00fd syst\u00e9m (PLIS) \u2013 Inform\u00e1cie z kontroly \u00fa\u017eitkovosti hov\u00e4dzieho dobytka, o\u0161\u00edpan\u00fdch, oviec a k\u00f4z v Slovenskej republike. Aktu\u00e1lne v\u00fdsledky&#8230;<\/p>\n","protected":false},"author":1,"featured_media":0,"parent":0,"menu_order":0,"comment_status":"closed","ping_status":"closed","template":"","meta":{"footnotes":""},"class_list":["post-179","page","type-page","status-publish","hentry"],"_links":{"self":[{"href":"http:\/\/web2.pssr.sk\/index.php\/wp-json\/wp\/v2\/pages\/179","targetHints":{"allow":["GET"]}}],"collection":[{"href":"http:\/\/web2.pssr.sk\/index.php\/wp-json\/wp\/v2\/pages"}],"about":[{"href":"http:\/\/web2.pssr.sk\/index.php\/wp-json\/wp\/v2\/types\/page"}],"author":[{"embeddable":true,"href":"http:\/\/web2.pssr.sk\/index.php\/wp-json\/wp\/v2\/users\/1"}],"replies":[{"embeddable":true,"href":"http:\/\/web2.pssr.sk\/index.php\/wp-json\/wp\/v2\/comments?post=179"}],"version-history":[{"count":10,"href":"http:\/\/web2.pssr.sk\/index.php\/wp-json\/wp\/v2\/pages\/179\/revisions"}],"predecessor-version":[{"id":1189,"href":"http:\/\/web2.pssr.sk\/index.php\/wp-json\/wp\/v2\/pages\/179\/revisions\/1189"}],"wp:attachment":[{"href":"http:\/\/web2.pssr.sk\/index.php\/wp-json\/wp\/v2\/media?parent=179"}],"curies":[{"name":"wp","href":"https:\/\/api.w.org\/{rel}","templated":true}]}}