{"id":256,"date":"2026-03-09T13:45:44","date_gmt":"2026-03-09T13:45:44","guid":{"rendered":"http:\/\/web2.pssr.sk\/?page_id=256"},"modified":"2026-04-15T12:43:34","modified_gmt":"2026-04-15T12:43:34","slug":"konovite-zvierata","status":"publish","type":"page","link":"http:\/\/web2.pssr.sk\/index.php\/sk\/konovite-zvierata\/","title":{"rendered":"CRHZ &#8211; Ko\u0148ovit\u00e9 zvierat\u00e1"},"content":{"rendered":"\n<p>V\u00e1\u017een\u00ed chovatelia kon\u00ed,<br><strong>Winreg kone<\/strong> sl\u00fa\u017ei pre chovate\u013eov kon\u00ed na vedenie individu\u00e1lneho registra kon\u00ed na farme a na vytv\u00e1ranie elektronick\u00fdch tla\u010d\u00edv, ktor\u00e9 sa zasielaj\u00fa na pracovisko centr\u00e1lnej evidencie zvierat. Vzh\u013eadom na to, \u017ee vyhl\u00e1\u0161ka neumo\u017e\u0148uje nahlasovanie zmien kon\u00ed elektronicky, <strong>hl\u00e1senia sa aj na\u010falej zasielaj\u00fa na spracovanie po\u0161tou<\/strong>.<\/p>\n\n\n\n<p><a href=\"https:\/\/pssr.sk\/wp-content\/uploads\/cehz\/subory\/ko\/IR_konovite.pdf\">Individu\u00e1lny register ko\u0148ovit\u00fdch zvierat v chove, ktor\u00fd sl\u00fa\u017ei na registr\u00e1ciu zmien v chove, nezasiela sa do CRHZ<\/a><\/p>\n\n\n\n<p>Aktu\u00e1lne <strong>k\u00f3dy a n\u00e1zvy plemien, kraj\u00edn, udalost\u00ed a ostatn\u00e9 \u010d\u00edslen\u00edky<\/strong> potrebn\u00e9 k vedeniu centr\u00e1lnej evidencie n\u00e1jdete vo Vo\u013enom pr\u00edstupe k d\u00e1tam CEHZ v \u010dasti <strong>Z\u00e1kladn\u00e9 \u010d\u00edseln\u00edky<\/strong> na <a href=\"https:\/\/www.cehz.sk\" target=\"_blank\" rel=\"noreferrer noopener\">www.cehz.sk<\/a>.<\/p>\n\n\n\n<p><strong>Kontakt:<\/strong><\/p>\n\n\n\n<p><strong><a href=\"tel:+421415073744\">+421 41 5073 744<\/a><\/strong> \u201ehotline slu\u017eba pre verejnos\u0165\u201c od 8:00 do 15:00 hod.<\/p>\n\n\n\n<p><strong>Centr\u00e1lny register hospod\u00e1rskych zvierat (CRHZ)<\/strong><br>Rosinsk\u00e1 cesta 12<br>010 08 \u017dilina<br><a href=\"tel:+421415073744\">+421 41 5073 744<\/a><br><a href=\"mailto:lubicamicencova@pssr.sk\">lubicamicencova@pssr.sk<\/a><\/p>\n\n\n\n\t<div class=\"govuk-accordion\" data-module=\"idsk-accordion\" id=\"bcs7vIa1d9LfOQ19-Ss46\">\n\t\t<div class=\"govuk-accordion__controls\">\n\t\t\t<button class=\"govuk-accordion__open-all\"\n\t\t\t\tdata-open-title=\"Open all\"\n\t\t\t\tdata-close-title=\"Close all\"\n\t\t\t\ttype=\"button\"\n\t\t\t\taria-expanded=\"false\"\n\t\t\t>\n\t\t\t\t<span class=\"govuk-visually-hidden govuk-accordion__controls-span\" data-section-title=\"sections\"><\/span>\n\t\t\t<\/button>\n\t\t<\/div>\n\n\t\t\t\t\t<div class=\"govuk-accordion__section \">\n\t\t\t\t<div class=\"govuk-accordion__section-header\">\n\t\t\t\t\t<h2 class=\"govuk-accordion__section-heading\">\n\t\t\t\t\t\t<span class=\"govuk-accordion__section-button\" id=\"bcs7vIa1d9LfOQ19-Ss46-heading-1\">\n\t\t\t\t\t\t\tVyhl\u00e1\u0161ky\t\t\t\t\t\t<\/span>\n\t\t\t\t\t<\/h2>\n\t\t\t\t\t<div class=\"govuk-accordion__section-summary govuk-body\" id=\"bcs7vIa1d9LfOQ19-Ss46-summary-1\">\n\t\t\t\t\t\t\t\t\t\t\t<\/div>\n\t\t\t\t<\/div>\n\t\t\t\t<div id=\"bcs7vIa1d9LfOQ19-Ss46-content-1\"\n\t\t\t\t\tclass=\"govuk-accordion__section-content\"\n\t\t\t\t\taria-labelledby=\"bcs7vIa1d9LfOQ19-Ss46-heading-1\"\n\t\t\t\t>\n\t\t\t\t\t<a href=\"https:\/\/pssr.sk\/wp-content\/uploads\/stiah\/leg\/16-2012.pdf\">Vyhl\u00e1\u0161ka Ministerstva p\u00f4dohospod\u00e1rstva a rozvoja vidieka SR \u010d. 16\/2012 Z.z. z 13. janu\u00e1ra 2012 o identifik\u00e1cii a registr\u00e1cii ko\u0148ovit\u00fdch zvierat<\/a>\t\t\t\t<\/div>\n\t\t\t<\/div>\n\t\t\t\t<\/div>\n\n\t\n\n\n<hr class=\"wp-block-separator has-alpha-channel-opacity\"\/>\n\n\n\n<p><a href=\"https:\/\/pssr.sk\/wp-content\/uploads\/cehz\/subory\/ko\/hlasenie_kone1.pdf\">Hl\u00e1senie \u00fadajov o ko\u0148ovitom zvierati<\/a><br><a href=\"https:\/\/pssr.sk\/wp-content\/uploads\/cehz\/subory\/ko\/hlasenie_kone2.pdf\">Hl\u00e1senie \u00fadajov o vlastn\u00edkovi, dr\u017eite\u013eovi a o premiestnen\u00ed ko\u0148ovit\u00e9ho zviera\u0165a<\/a><br><a href=\"https:\/\/pssr.sk\/wp-content\/uploads\/cehz\/subory\/ko\/IR_konovite.pdf\">Individu\u00e1lny register ko\u0148ovit\u00fdch zvierat v chove<\/a><\/p>\n","protected":false},"excerpt":{"rendered":"<p>V\u00e1\u017een\u00ed chovatelia kon\u00ed,Winreg kone sl\u00fa\u017ei pre chovate\u013eov kon\u00ed na vedenie individu\u00e1lneho registra kon\u00ed na farme a na vytv\u00e1ranie elektronick\u00fdch tla\u010d\u00edv, ktor\u00e9 sa zasielaj\u00fa na pracovisko centr\u00e1lnej evidencie zvierat. Vzh\u013eadom na to, \u017ee vyhl\u00e1\u0161ka neumo\u017e\u0148uje nahlasovanie zmien kon\u00ed elektronicky, hl\u00e1senia sa aj na\u010falej zasielaj\u00fa na spracovanie po\u0161tou. Individu\u00e1lny register ko\u0148ovit\u00fdch zvierat v chove, ktor\u00fd sl\u00fa\u017ei na&#8230;<\/p>\n","protected":false},"author":1,"featured_media":0,"parent":0,"menu_order":0,"comment_status":"closed","ping_status":"closed","template":"","meta":{"footnotes":""},"class_list":["post-256","page","type-page","status-publish","hentry"],"_links":{"self":[{"href":"http:\/\/web2.pssr.sk\/index.php\/wp-json\/wp\/v2\/pages\/256","targetHints":{"allow":["GET"]}}],"collection":[{"href":"http:\/\/web2.pssr.sk\/index.php\/wp-json\/wp\/v2\/pages"}],"about":[{"href":"http:\/\/web2.pssr.sk\/index.php\/wp-json\/wp\/v2\/types\/page"}],"author":[{"embeddable":true,"href":"http:\/\/web2.pssr.sk\/index.php\/wp-json\/wp\/v2\/users\/1"}],"replies":[{"embeddable":true,"href":"http:\/\/web2.pssr.sk\/index.php\/wp-json\/wp\/v2\/comments?post=256"}],"version-history":[{"count":4,"href":"http:\/\/web2.pssr.sk\/index.php\/wp-json\/wp\/v2\/pages\/256\/revisions"}],"predecessor-version":[{"id":1188,"href":"http:\/\/web2.pssr.sk\/index.php\/wp-json\/wp\/v2\/pages\/256\/revisions\/1188"}],"wp:attachment":[{"href":"http:\/\/web2.pssr.sk\/index.php\/wp-json\/wp\/v2\/media?parent=256"}],"curies":[{"name":"wp","href":"https:\/\/api.w.org\/{rel}","templated":true}]}}