{"id":314,"date":"2026-03-09T19:31:30","date_gmt":"2026-03-09T19:31:30","guid":{"rendered":"http:\/\/web2.pssr.sk\/?page_id=314"},"modified":"2026-03-09T19:38:37","modified_gmt":"2026-03-09T19:38:37","slug":"vyrocne-spravy","status":"publish","type":"page","link":"http:\/\/web2.pssr.sk\/index.php\/sk\/vyrocne-spravy\/","title":{"rendered":"V\u00fdro\u010dn\u00e9 spr\u00e1vy"},"content":{"rendered":"\n\t<div class=\"govuk-accordion\" data-module=\"idsk-accordion\" id=\"lYY4NdG3X7Qrp1513zQep\">\n\t\t<div class=\"govuk-accordion__controls\">\n\t\t\t<button class=\"govuk-accordion__open-all\"\n\t\t\t\tdata-open-title=\"Open all\"\n\t\t\t\tdata-close-title=\"Close all\"\n\t\t\t\ttype=\"button\"\n\t\t\t\taria-expanded=\"false\"\n\t\t\t>\n\t\t\t\t<span class=\"govuk-visually-hidden govuk-accordion__controls-span\" data-section-title=\"sections\"><\/span>\n\t\t\t<\/button>\n\t\t<\/div>\n\n\t\t\t\t\t<div class=\"govuk-accordion__section \">\n\t\t\t\t<div class=\"govuk-accordion__section-header\">\n\t\t\t\t\t<h2 class=\"govuk-accordion__section-heading\">\n\t\t\t\t\t\t<span class=\"govuk-accordion__section-button\" id=\"lYY4NdG3X7Qrp1513zQep-heading-1\">\n\t\t\t\t\t\t\tV\u00fdro\u010dn\u00e9 spr\u00e1vy v obdob\u00ed 2021-2025\t\t\t\t\t\t<\/span>\n\t\t\t\t\t<\/h2>\n\t\t\t\t\t<div class=\"govuk-accordion__section-summary govuk-body\" id=\"lYY4NdG3X7Qrp1513zQep-summary-1\">\n\t\t\t\t\t\t\t\t\t\t\t<\/div>\n\t\t\t\t<\/div>\n\t\t\t\t<div id=\"lYY4NdG3X7Qrp1513zQep-content-1\"\n\t\t\t\t\tclass=\"govuk-accordion__section-content\"\n\t\t\t\t\taria-labelledby=\"lYY4NdG3X7Qrp1513zQep-heading-1\"\n\t\t\t\t>\n\t\t\t\t\t<a href=\"https:\/\/pssr.sk\/wp-content\/uploads\/vyrocnasprava\/PSSR_vyrocna_sprava_2024.pdf\" target=\"_blank\" rel=\"noreferrer noopener\">2024<\/a><br><a href=\"https:\/\/pssr.sk\/wp-content\/uploads\/vyrocnasprava\/PSSR_vyrocna_sprava_2023.pdf\" target=\"_blank\" rel=\"noreferrer noopener\">2023<\/a><br><a href=\"https:\/\/pssr.sk\/wp-content\/uploads\/vyrocnasprava\/PSSR_vyrocna_sprava_2022.pdf\" target=\"_blank\" rel=\"noreferrer noopener\">2022<\/a><br><a href=\"https:\/\/pssr.sk\/wp-content\/uploads\/vyrocnasprava\/PSSR_vyrocna_sprava_2021.pdf\" target=\"_blank\" rel=\"noreferrer noopener\">2021<\/a>\t\t\t\t<\/div>\n\t\t\t<\/div>\n\t\t\t\t\t\t<div class=\"govuk-accordion__section \">\n\t\t\t\t<div class=\"govuk-accordion__section-header\">\n\t\t\t\t\t<h2 class=\"govuk-accordion__section-heading\">\n\t\t\t\t\t\t<span class=\"govuk-accordion__section-button\" id=\"lYY4NdG3X7Qrp1513zQep-heading-2\">\n\t\t\t\t\t\t\tV\u00fdro\u010dn\u00e9 spr\u00e1vy v obdob\u00ed 2016-2020\t\t\t\t\t\t<\/span>\n\t\t\t\t\t<\/h2>\n\t\t\t\t\t<div class=\"govuk-accordion__section-summary govuk-body\" id=\"lYY4NdG3X7Qrp1513zQep-summary-2\">\n\t\t\t\t\t\t\t\t\t\t\t<\/div>\n\t\t\t\t<\/div>\n\t\t\t\t<div id=\"lYY4NdG3X7Qrp1513zQep-content-2\"\n\t\t\t\t\tclass=\"govuk-accordion__section-content\"\n\t\t\t\t\taria-labelledby=\"lYY4NdG3X7Qrp1513zQep-heading-2\"\n\t\t\t\t>\n\t\t\t\t\t<a href=\"https:\/\/pssr.sk\/wp-content\/uploads\/vyrocnasprava\/PSSR_vyrocna_sprava_2020.pdf\" target=\"_blank\" rel=\"noreferrer noopener\">2020<\/a><br><a href=\"https:\/\/pssr.sk\/wp-content\/uploads\/vyrocnasprava\/PSSR_vyrocna_sprava_2019.pdf\" target=\"_blank\" rel=\"noreferrer noopener\">2019<\/a><br><a href=\"https:\/\/pssr.sk\/wp-content\/uploads\/vyrocnasprava\/PSSR_vyrocna_sprava_2018.pdf\" target=\"_blank\" rel=\"noreferrer noopener\">2018<\/a><br><a href=\"https:\/\/pssr.sk\/wp-content\/uploads\/vyrocnasprava\/PSSR_vyrocna_sprava_2017.pdf\" target=\"_blank\" rel=\"noreferrer noopener\">2017<\/a><br><a href=\"https:\/\/pssr.sk\/wp-content\/uploads\/vyrocnasprava\/PSSR_vyrocna_sprava_2016.pdf\" target=\"_blank\" rel=\"noreferrer noopener\">2016<\/a>\t\t\t\t<\/div>\n\t\t\t<\/div>\n\t\t\t\t\t\t<div class=\"govuk-accordion__section \">\n\t\t\t\t<div class=\"govuk-accordion__section-header\">\n\t\t\t\t\t<h2 class=\"govuk-accordion__section-heading\">\n\t\t\t\t\t\t<span class=\"govuk-accordion__section-button\" id=\"lYY4NdG3X7Qrp1513zQep-heading-3\">\n\t\t\t\t\t\t\tV\u00fdro\u010dn\u00e9 spr\u00e1vy v obdob\u00ed 2011-2015\t\t\t\t\t\t<\/span>\n\t\t\t\t\t<\/h2>\n\t\t\t\t\t<div class=\"govuk-accordion__section-summary govuk-body\" id=\"lYY4NdG3X7Qrp1513zQep-summary-3\">\n\t\t\t\t\t\t\t\t\t\t\t<\/div>\n\t\t\t\t<\/div>\n\t\t\t\t<div id=\"lYY4NdG3X7Qrp1513zQep-content-3\"\n\t\t\t\t\tclass=\"govuk-accordion__section-content\"\n\t\t\t\t\taria-labelledby=\"lYY4NdG3X7Qrp1513zQep-heading-3\"\n\t\t\t\t>\n\t\t\t\t\t<a href=\"https:\/\/pssr.sk\/wp-content\/uploads\/vyrocnasprava\/PSSR_vyrocna_sprava_2016.pdf\" target=\"_blank\" rel=\"noreferrer noopener\">2015<\/a><br><a href=\"https:\/\/pssr.sk\/wp-content\/uploads\/vyrocnasprava\/PSSR_vyrocna_sprava_2014.pdf\" target=\"_blank\" rel=\"noreferrer noopener\">2014<\/a><br><a href=\"https:\/\/pssr.sk\/wp-content\/uploads\/vyrocnasprava\/PSSR_vyrocna_sprava_2013.pdf\" target=\"_blank\" rel=\"noreferrer noopener\">2013<\/a><br><a href=\"https:\/\/pssr.sk\/wp-content\/uploads\/vyrocnasprava\/PSSR_vyrocna_sprava_2012.pdf\" target=\"_blank\" rel=\"noreferrer noopener\">2012<\/a><br><a href=\"https:\/\/pssr.sk\/wp-content\/uploads\/vyrocnasprava\/PSSR_vyrocna_sprava_2011.pdf\" target=\"_blank\" rel=\"noreferrer noopener\">2011<\/a>\t\t\t\t<\/div>\n\t\t\t<\/div>\n\t\t\t\t\t\t<div class=\"govuk-accordion__section \">\n\t\t\t\t<div class=\"govuk-accordion__section-header\">\n\t\t\t\t\t<h2 class=\"govuk-accordion__section-heading\">\n\t\t\t\t\t\t<span class=\"govuk-accordion__section-button\" id=\"lYY4NdG3X7Qrp1513zQep-heading-4\">\n\t\t\t\t\t\t\tV\u00fdro\u010dn\u00e9 spr\u00e1vy v obdob\u00ed 2008-2010\t\t\t\t\t\t<\/span>\n\t\t\t\t\t<\/h2>\n\t\t\t\t\t<div class=\"govuk-accordion__section-summary govuk-body\" id=\"lYY4NdG3X7Qrp1513zQep-summary-4\">\n\t\t\t\t\t\t\t\t\t\t\t<\/div>\n\t\t\t\t<\/div>\n\t\t\t\t<div id=\"lYY4NdG3X7Qrp1513zQep-content-4\"\n\t\t\t\t\tclass=\"govuk-accordion__section-content\"\n\t\t\t\t\taria-labelledby=\"lYY4NdG3X7Qrp1513zQep-heading-4\"\n\t\t\t\t>\n\t\t\t\t\t<a href=\"https:\/\/pssr.sk\/wp-content\/uploads\/vyrocnasprava\/PSSR_vyrocna_sprava_2010.pdf\" target=\"_blank\" rel=\"noreferrer noopener\">2010<\/a><br><a href=\"https:\/\/pssr.sk\/wp-content\/uploads\/vyrocnasprava\/PSSR_vyrocna_sprava_2009.pdf\" target=\"_blank\" rel=\"noreferrer noopener\">2009<\/a><br><a href=\"https:\/\/pssr.sk\/wp-content\/uploads\/vyrocnasprava\/PSSR_vyrocna_sprava_2008.pdf\" target=\"_blank\" rel=\"noreferrer noopener\">2008<\/a>\t\t\t\t<\/div>\n\t\t\t<\/div>\n\t\t\t\t<\/div>\n\n\t\n\n\n<p><\/p>\n","protected":false},"excerpt":{"rendered":"","protected":false},"author":1,"featured_media":0,"parent":0,"menu_order":0,"comment_status":"closed","ping_status":"closed","template":"","meta":{"footnotes":""},"class_list":["post-314","page","type-page","status-publish","hentry"],"_links":{"self":[{"href":"http:\/\/web2.pssr.sk\/index.php\/wp-json\/wp\/v2\/pages\/314","targetHints":{"allow":["GET"]}}],"collection":[{"href":"http:\/\/web2.pssr.sk\/index.php\/wp-json\/wp\/v2\/pages"}],"about":[{"href":"http:\/\/web2.pssr.sk\/index.php\/wp-json\/wp\/v2\/types\/page"}],"author":[{"embeddable":true,"href":"http:\/\/web2.pssr.sk\/index.php\/wp-json\/wp\/v2\/users\/1"}],"replies":[{"embeddable":true,"href":"http:\/\/web2.pssr.sk\/index.php\/wp-json\/wp\/v2\/comments?post=314"}],"version-history":[{"count":4,"href":"http:\/\/web2.pssr.sk\/index.php\/wp-json\/wp\/v2\/pages\/314\/revisions"}],"predecessor-version":[{"id":321,"href":"http:\/\/web2.pssr.sk\/index.php\/wp-json\/wp\/v2\/pages\/314\/revisions\/321"}],"wp:attachment":[{"href":"http:\/\/web2.pssr.sk\/index.php\/wp-json\/wp\/v2\/media?parent=314"}],"curies":[{"name":"wp","href":"https:\/\/api.w.org\/{rel}","templated":true}]}}