{"id":358,"date":"2026-03-10T06:57:18","date_gmt":"2026-03-10T06:57:18","guid":{"rendered":"http:\/\/web2.pssr.sk\/?page_id=358"},"modified":"2026-03-16T17:21:10","modified_gmt":"2026-03-16T17:21:10","slug":"na-stiahnutie","status":"publish","type":"page","link":"http:\/\/web2.pssr.sk\/index.php\/sk\/na-stiahnutie\/","title":{"rendered":"Na stiahnutie"},"content":{"rendered":"\n\t<div class=\"govuk-clearfix\"><\/div>\n\t<div data-module=\"idsk-crossroad\" class=\"\">\n\t\t\t\t\t<div class=\"idsk-crossroad idsk-crossroad-1\">\n\t\t\t\t\t\t\t\t\t\t<div class=\"idsk-crossroad__item \">\n\t\t\t\t\t\t\t<a href=\"\/index.php\/tlaciva-centralneho-registra-hospodarskych-zvierat\/\" class=\"govuk-link idsk-crossroad-title\" title=\"Tla\u010div\u00e1 centr\u00e1lneho registra hospod\u00e1rskych zvierat\" aria-hidden=\"\">\n\t\t\t\t\t\t\t\tTla\u010div\u00e1 centr\u00e1lneho registra hospod\u00e1rskych zvierat\t\t\t\t\t\t\t<\/a>\n\t\t\t\t\t\t\t\n\t\t\t\t\t\t\t<hr class=\"idsk-crossroad-line\" aria-hidden=\"true\"\/>\n\t\t\t\t\t\t<\/div>\n\t\t\t\t\t\t\t\t\t\t\t\t<div class=\"idsk-crossroad__item \">\n\t\t\t\t\t\t\t<a href=\"\/index.php\/tlaciva-kontroly-uzitkovosti\/\" class=\"govuk-link idsk-crossroad-title\" title=\"Tla\u010div\u00e1 kontroly \u00fa\u017eitkovosti\" aria-hidden=\"\">\n\t\t\t\t\t\t\t\tTla\u010div\u00e1 kontroly \u00fa\u017eitkovosti\t\t\t\t\t\t\t<\/a>\n\t\t\t\t\t\t\t\n\t\t\t\t\t\t\t<hr class=\"idsk-crossroad-line\" aria-hidden=\"true\"\/>\n\t\t\t\t\t\t<\/div>\n\t\t\t\t\t\t\t\t\t\t\t\t<div class=\"idsk-crossroad__item \">\n\t\t\t\t\t\t\t<a href=\"\/index.php\/tlaciva-genetickeho-laboratoria\/\" class=\"govuk-link idsk-crossroad-title\" title=\"Tla\u010div\u00e1 genetick\u00e9ho laborat\u00f3ria\" aria-hidden=\"\">\n\t\t\t\t\t\t\t\tTla\u010div\u00e1 genetick\u00e9ho laborat\u00f3ria\t\t\t\t\t\t\t<\/a>\n\t\t\t\t\t\t\t\n\t\t\t\t\t\t\t<hr class=\"idsk-crossroad-line\" aria-hidden=\"true\"\/>\n\t\t\t\t\t\t<\/div>\n\t\t\t\t\t\t\t\t\t\t\t\t<div class=\"idsk-crossroad__item \">\n\t\t\t\t\t\t\t<a href=\"\/index.php\/softver-pre-chovatela\/\" class=\"govuk-link idsk-crossroad-title\" title=\"Softv\u00e9r pre chovate\u013ea\" aria-hidden=\"\">\n\t\t\t\t\t\t\t\tSoftv\u00e9r pre chovate\u013ea\t\t\t\t\t\t\t<\/a>\n\t\t\t\t\t\t\t\n\t\t\t\t\t\t\t<hr class=\"idsk-crossroad-line\" aria-hidden=\"true\"\/>\n\t\t\t\t\t\t<\/div>\n\t\t\t\t\t\t\t\t\t\t\t\t<div class=\"idsk-crossroad__item \">\n\t\t\t\t\t\t\t<a href=\"\/index.php\/prirucky-k-programom\/\" class=\"govuk-link idsk-crossroad-title\" title=\"Pr\u00edru\u010dky k programom\" aria-hidden=\"\">\n\t\t\t\t\t\t\t\tPr\u00edru\u010dky k programom\t\t\t\t\t\t\t<\/a>\n\t\t\t\t\t\t\t\n\t\t\t\t\t\t\t<hr class=\"idsk-crossroad-line\" aria-hidden=\"true\"\/>\n\t\t\t\t\t\t<\/div>\n\t\t\t\t\t\t\t\t\t\t\t\t<div class=\"idsk-crossroad__item \">\n\t\t\t\t\t\t\t<a href=\"\/index.php\/ciselniky\/\" class=\"govuk-link idsk-crossroad-title\" title=\"\u010c\u00edseln\u00edky\" aria-hidden=\"\">\n\t\t\t\t\t\t\t\t\u010c\u00edseln\u00edky\t\t\t\t\t\t\t<\/a>\n\t\t\t\t\t\t\t\n\t\t\t\t\t\t\t<hr class=\"idsk-crossroad-line\" aria-hidden=\"true\"\/>\n\t\t\t\t\t\t<\/div>\n\t\t\t\t\t\t\t\t\t\t\t\t<div class=\"idsk-crossroad__item \">\n\t\t\t\t\t\t\t<a href=\"\/index.php\/legislativa\/\" class=\"govuk-link idsk-crossroad-title\" title=\"Legislat\u00edva\" aria-hidden=\"\">\n\t\t\t\t\t\t\t\tLegislat\u00edva\t\t\t\t\t\t\t<\/a>\n\t\t\t\t\t\t\t\n\t\t\t\t\t\t\t<hr class=\"idsk-crossroad-line\" aria-hidden=\"true\"\/>\n\t\t\t\t\t\t<\/div>\n\t\t\t\t\t\t\t\t\t\t\t\t<div class=\"idsk-crossroad__item \">\n\t\t\t\t\t\t\t<a href=\"\" class=\"govuk-link idsk-crossroad-title\" title=\"Reklama\u010dn\u00fd poriadok\" aria-hidden=\"\">\n\t\t\t\t\t\t\t\tReklama\u010dn\u00fd poriadok\t\t\t\t\t\t\t<\/a>\n\t\t\t\t\t\t\t\n\t\t\t\t\t\t\t<hr class=\"idsk-crossroad-line\" aria-hidden=\"true\"\/>\n\t\t\t\t\t\t<\/div>\n\t\t\t\t\t\t\t\t\t\t\t\t<div class=\"idsk-crossroad__item \">\n\t\t\t\t\t\t\t<a href=\"\" class=\"govuk-link idsk-crossroad-title\" title=\"Cenn\u00edk slu\u017eieb a tovaru\" aria-hidden=\"\">\n\t\t\t\t\t\t\t\tCenn\u00edk slu\u017eieb a tovaru\t\t\t\t\t\t\t<\/a>\n\t\t\t\t\t\t\t\n\t\t\t\t\t\t\t<hr class=\"idsk-crossroad-line\" aria-hidden=\"true\"\/>\n\t\t\t\t\t\t<\/div>\n\t\t\t\t\t\t\t\t\t<\/div>\n\t\t\t\t<\/div>\n\n\t","protected":false},"excerpt":{"rendered":"","protected":false},"author":1,"featured_media":0,"parent":0,"menu_order":0,"comment_status":"closed","ping_status":"closed","template":"","meta":{"footnotes":""},"class_list":["post-358","page","type-page","status-publish","hentry"],"_links":{"self":[{"href":"http:\/\/web2.pssr.sk\/index.php\/wp-json\/wp\/v2\/pages\/358","targetHints":{"allow":["GET"]}}],"collection":[{"href":"http:\/\/web2.pssr.sk\/index.php\/wp-json\/wp\/v2\/pages"}],"about":[{"href":"http:\/\/web2.pssr.sk\/index.php\/wp-json\/wp\/v2\/types\/page"}],"author":[{"embeddable":true,"href":"http:\/\/web2.pssr.sk\/index.php\/wp-json\/wp\/v2\/users\/1"}],"replies":[{"embeddable":true,"href":"http:\/\/web2.pssr.sk\/index.php\/wp-json\/wp\/v2\/comments?post=358"}],"version-history":[{"count":11,"href":"http:\/\/web2.pssr.sk\/index.php\/wp-json\/wp\/v2\/pages\/358\/revisions"}],"predecessor-version":[{"id":851,"href":"http:\/\/web2.pssr.sk\/index.php\/wp-json\/wp\/v2\/pages\/358\/revisions\/851"}],"wp:attachment":[{"href":"http:\/\/web2.pssr.sk\/index.php\/wp-json\/wp\/v2\/media?parent=358"}],"curies":[{"name":"wp","href":"https:\/\/api.w.org\/{rel}","templated":true}]}}