{"id":366,"date":"2026-03-10T07:12:21","date_gmt":"2026-03-10T07:12:21","guid":{"rendered":"http:\/\/web2.pssr.sk\/?page_id=366"},"modified":"2026-03-10T08:30:28","modified_gmt":"2026-03-10T08:30:28","slug":"tlaciva-centralneho-registra-hospodarskych-zvierat","status":"publish","type":"page","link":"http:\/\/web2.pssr.sk\/index.php\/sk\/tlaciva-centralneho-registra-hospodarskych-zvierat\/","title":{"rendered":"Tla\u010div\u00e1 centr\u00e1lneho registra hospod\u00e1rskych zvierat"},"content":{"rendered":"\n\t<div class=\"govuk-accordion\" data-module=\"idsk-accordion\" id=\"IIGv3FqQ7RgSBvBWB7y0Q\">\n\t\t<div class=\"govuk-accordion__controls\">\n\t\t\t<button class=\"govuk-accordion__open-all\"\n\t\t\t\tdata-open-title=\"Open all\"\n\t\t\t\tdata-close-title=\"Close all\"\n\t\t\t\ttype=\"button\"\n\t\t\t\taria-expanded=\"false\"\n\t\t\t>\n\t\t\t\t<span class=\"govuk-visually-hidden govuk-accordion__controls-span\" data-section-title=\"sections\"><\/span>\n\t\t\t<\/button>\n\t\t<\/div>\n\n\t\t\t\t\t<div class=\"govuk-accordion__section \">\n\t\t\t\t<div class=\"govuk-accordion__section-header\">\n\t\t\t\t\t<h2 class=\"govuk-accordion__section-heading\">\n\t\t\t\t\t\t<span class=\"govuk-accordion__section-button\" id=\"IIGv3FqQ7RgSBvBWB7y0Q-heading-1\">\n\t\t\t\t\t\t\tTla\u010div\u00e1 CRHZ pre farmu\t\t\t\t\t\t<\/span>\n\t\t\t\t\t<\/h2>\n\t\t\t\t\t<div class=\"govuk-accordion__section-summary govuk-body\" id=\"IIGv3FqQ7RgSBvBWB7y0Q-summary-1\">\n\t\t\t\t\t\t\t\t\t\t\t<\/div>\n\t\t\t\t<\/div>\n\t\t\t\t<div id=\"IIGv3FqQ7RgSBvBWB7y0Q-content-1\"\n\t\t\t\t\tclass=\"govuk-accordion__section-content\"\n\t\t\t\t\taria-labelledby=\"IIGv3FqQ7RgSBvBWB7y0Q-heading-1\"\n\t\t\t\t>\n\t\t\t\t\t<a href=\"https:\/\/pssr.sk\/wp-content\/uploads\/stiah\/cehz\/RegFarm.pdf\" target=\"_blank\" rel=\"noreferrer noopener\">Registr\u00e1cia chovn\u00e9ho zariadenia<\/a><br><a href=\"https:\/\/pssr.sk\/wp-content\/uploads\/stiah\/cehz\/ziadostPF.pdf\" target=\"_blank\" rel=\"noreferrer noopener\">\u017diados\u0165 o pripojenie do datab\u00e1zy CRHZ cez Pr\u00edstup farm\u00e1ra<\/a><br><a href=\"https:\/\/pssr.sk\/wp-content\/uploads\/stiah\/cehz\/ObjDuplPas.pdf\" target=\"_blank\" rel=\"noreferrer noopener\">Objedn\u00e1vka na duplik\u00e1ty pasov a duplik\u00e1t Registra chovu<\/a><br><a href=\"https:\/\/pssr.sk\/wp-content\/uploads\/cehz\/subory\/os\/RegFarmDchov.pdf\" target=\"_blank\" rel=\"noreferrer noopener\">Registr\u00e1cia chovu o\u0161\u00edpanej na dom\u00e1cu spotrebu a jej zabitie do 24 hod\u00edn<\/a><br><a href=\"https:\/\/pssr.sk\/wp-content\/uploads\/stiah\/cehz\/Suhlas_zasielanie_el_fak.docx\" target=\"_blank\" rel=\"noreferrer noopener\">S\u00fahlas so zasielan\u00edm elektronickej fakt\u00fary<\/a><br><a href=\"https:\/\/pssr.sk\/wp-content\/uploads\/stiah\/cehz\/Prehlasenie_CEHZ_API.pdf\" target=\"_blank\" rel=\"noreferrer noopener\">Prehl\u00e1senie CRHZ pre pr\u00edstup tret\u00edm stran\u00e1m cez API<\/a>\t\t\t\t<\/div>\n\t\t\t<\/div>\n\t\t\t\t\t\t<div class=\"govuk-accordion__section \">\n\t\t\t\t<div class=\"govuk-accordion__section-header\">\n\t\t\t\t\t<h2 class=\"govuk-accordion__section-heading\">\n\t\t\t\t\t\t<span class=\"govuk-accordion__section-button\" id=\"IIGv3FqQ7RgSBvBWB7y0Q-heading-2\">\n\t\t\t\t\t\t\tTla\u010div\u00e1 CRHZ pre hov\u00e4dz\u00ed dobytok\t\t\t\t\t\t<\/span>\n\t\t\t\t\t<\/h2>\n\t\t\t\t\t<div class=\"govuk-accordion__section-summary govuk-body\" id=\"IIGv3FqQ7RgSBvBWB7y0Q-summary-2\">\n\t\t\t\t\t\t\t\t\t\t\t<\/div>\n\t\t\t\t<\/div>\n\t\t\t\t<div id=\"IIGv3FqQ7RgSBvBWB7y0Q-content-2\"\n\t\t\t\t\tclass=\"govuk-accordion__section-content\"\n\t\t\t\t\taria-labelledby=\"IIGv3FqQ7RgSBvBWB7y0Q-heading-2\"\n\t\t\t\t>\n\t\t\t\t\t<a href=\"https:\/\/pssr.sk\/wp-content\/uploads\/stiah\/cehz\/SPD28.pdf\" target=\"_blank\" rel=\"noreferrer noopener\">Sprievodn\u00fd doklad te\u013ea\u0165a do veku 28 dn\u00ed<\/a><br><a href=\"https:\/\/pssr.sk\/wp-content\/uploads\/stiah\/cehz\/irHD.pdf\" target=\"_blank\" rel=\"noreferrer noopener\">Individu\u00e1lny register hov\u00e4dzieho dobytka v chove<\/a>\t\t\t\t<\/div>\n\t\t\t<\/div>\n\t\t\t\t\t\t<div class=\"govuk-accordion__section \">\n\t\t\t\t<div class=\"govuk-accordion__section-header\">\n\t\t\t\t\t<h2 class=\"govuk-accordion__section-heading\">\n\t\t\t\t\t\t<span class=\"govuk-accordion__section-button\" id=\"IIGv3FqQ7RgSBvBWB7y0Q-heading-3\">\n\t\t\t\t\t\t\tTla\u010div\u00e1 CRHZ pre ovce a kozy\t\t\t\t\t\t<\/span>\n\t\t\t\t\t<\/h2>\n\t\t\t\t\t<div class=\"govuk-accordion__section-summary govuk-body\" id=\"IIGv3FqQ7RgSBvBWB7y0Q-summary-3\">\n\t\t\t\t\t\t\t\t\t\t\t<\/div>\n\t\t\t\t<\/div>\n\t\t\t\t<div id=\"IIGv3FqQ7RgSBvBWB7y0Q-content-3\"\n\t\t\t\t\tclass=\"govuk-accordion__section-content\"\n\t\t\t\t\taria-labelledby=\"IIGv3FqQ7RgSBvBWB7y0Q-heading-3\"\n\t\t\t\t>\n\t\t\t\t\t<a href=\"https:\/\/pssr.sk\/wp-content\/uploads\/stiah\/cehz\/irOVKY.pdf\" target=\"_blank\" rel=\"noreferrer noopener\">Individu\u00e1lny register oviec a k\u00f4z v chove<\/a>\t\t\t\t<\/div>\n\t\t\t<\/div>\n\t\t\t\t\t\t<div class=\"govuk-accordion__section \">\n\t\t\t\t<div class=\"govuk-accordion__section-header\">\n\t\t\t\t\t<h2 class=\"govuk-accordion__section-heading\">\n\t\t\t\t\t\t<span class=\"govuk-accordion__section-button\" id=\"IIGv3FqQ7RgSBvBWB7y0Q-heading-4\">\n\t\t\t\t\t\t\tTla\u010div\u00e1 CRHZ pre o\u0161\u00edpan\u00e9\t\t\t\t\t\t<\/span>\n\t\t\t\t\t<\/h2>\n\t\t\t\t\t<div class=\"govuk-accordion__section-summary govuk-body\" id=\"IIGv3FqQ7RgSBvBWB7y0Q-summary-4\">\n\t\t\t\t\t\t\t\t\t\t\t<\/div>\n\t\t\t\t<\/div>\n\t\t\t\t<div id=\"IIGv3FqQ7RgSBvBWB7y0Q-content-4\"\n\t\t\t\t\tclass=\"govuk-accordion__section-content\"\n\t\t\t\t\taria-labelledby=\"IIGv3FqQ7RgSBvBWB7y0Q-heading-4\"\n\t\t\t\t>\n\t\t\t\t\t<a href=\"https:\/\/pssr.sk\/wp-content\/uploads\/cehz\/subory\/os\/RegFarmDchov.pdf\" target=\"_blank\" rel=\"noreferrer noopener\">Registr\u00e1cia chovu o\u0161\u00edpanej na dom\u00e1cu spotrebu a jej zabitie do 24 hod\u00edn<\/a><br><a href=\"https:\/\/pssr.sk\/wp-content\/uploads\/stiah\/cehz\/irOS.pdf\" target=\"_blank\" rel=\"noreferrer noopener\">Register o\u0161\u00edpan\u00fdch v chove<\/a>\t\t\t\t<\/div>\n\t\t\t<\/div>\n\t\t\t\t\t\t<div class=\"govuk-accordion__section \">\n\t\t\t\t<div class=\"govuk-accordion__section-header\">\n\t\t\t\t\t<h2 class=\"govuk-accordion__section-heading\">\n\t\t\t\t\t\t<span class=\"govuk-accordion__section-button\" id=\"IIGv3FqQ7RgSBvBWB7y0Q-heading-5\">\n\t\t\t\t\t\t\tTla\u010div\u00e1 CRHZ pre ko\u0148ovit\u00e9 zvierat\u00e1\t\t\t\t\t\t<\/span>\n\t\t\t\t\t<\/h2>\n\t\t\t\t\t<div class=\"govuk-accordion__section-summary govuk-body\" id=\"IIGv3FqQ7RgSBvBWB7y0Q-summary-5\">\n\t\t\t\t\t\t\t\t\t\t\t<\/div>\n\t\t\t\t<\/div>\n\t\t\t\t<div id=\"IIGv3FqQ7RgSBvBWB7y0Q-content-5\"\n\t\t\t\t\tclass=\"govuk-accordion__section-content\"\n\t\t\t\t\taria-labelledby=\"IIGv3FqQ7RgSBvBWB7y0Q-heading-5\"\n\t\t\t\t>\n\t\t\t\t\t<a href=\"https:\/\/pssr.sk\/wp-content\/uploads\/cehz\/subory\/ko\/hlasenie_kone1.pdf\" target=\"_blank\" rel=\"noreferrer noopener\">Hl\u00e1senie \u00fadajov o ko\u0148ovitom zvierati<\/a><br><a href=\"https:\/\/pssr.sk\/wp-content\/uploads\/cehz\/subory\/ko\/hlasenie_kone2.pdf\" target=\"_blank\" rel=\"noreferrer noopener\">Hl\u00e1senie \u00fadajov o vlastn\u00edkovi, dr\u017eite\u013eovi a o premiestnen\u00ed ko\u0148ovit\u00e9ho zviera\u0165a<\/a>\t\t\t\t<\/div>\n\t\t\t<\/div>\n\t\t\t\t\t\t<div class=\"govuk-accordion__section \">\n\t\t\t\t<div class=\"govuk-accordion__section-header\">\n\t\t\t\t\t<h2 class=\"govuk-accordion__section-heading\">\n\t\t\t\t\t\t<span class=\"govuk-accordion__section-button\" id=\"IIGv3FqQ7RgSBvBWB7y0Q-heading-6\">\n\t\t\t\t\t\t\tTla\u010div\u00e1 CRHZ pre hydinu a be\u017ece\t\t\t\t\t\t<\/span>\n\t\t\t\t\t<\/h2>\n\t\t\t\t\t<div class=\"govuk-accordion__section-summary govuk-body\" id=\"IIGv3FqQ7RgSBvBWB7y0Q-summary-6\">\n\t\t\t\t\t\t\t\t\t\t\t<\/div>\n\t\t\t\t<\/div>\n\t\t\t\t<div id=\"IIGv3FqQ7RgSBvBWB7y0Q-content-6\"\n\t\t\t\t\tclass=\"govuk-accordion__section-content\"\n\t\t\t\t\taria-labelledby=\"IIGv3FqQ7RgSBvBWB7y0Q-heading-6\"\n\t\t\t\t>\n\t\t\t\t\t<a href=\"https:\/\/pssr.sk\/wp-content\/uploads\/stiah\/cehz\/HlasZmienHYD.pdf\" target=\"_blank\" rel=\"noreferrer noopener\">Hl\u00e1senie zmien v po\u010dte hydiny a be\u017ecov (PDF)<\/a><br><a href=\"https:\/\/pssr.sk\/wp-content\/uploads\/stiah\/cehz\/HlasZmienHYD.xls\" target=\"_blank\" rel=\"noreferrer noopener\">Hl\u00e1senie zmien v po\u010dte hydiny a be\u017ecov (XLS)<\/a><br><a href=\"https:\/\/pssr.sk\/wp-content\/uploads\/stiah\/cehz\/HlasZmienHYDLiahen.pdf\" target=\"_blank\" rel=\"noreferrer noopener\">Hl\u00e1senie o mesa\u010dnom naskladnen\u00ed vajec a liahnut\u00ed jednod\u0148ovej hydiny a be\u017ecov (PDF)<\/a><br><a href=\"https:\/\/pssr.sk\/wp-content\/uploads\/stiah\/cehz\/HlasZmienHYDLiahen.xls\" target=\"_blank\" rel=\"noreferrer noopener\">Hl\u00e1senie o mesa\u010dnom naskladnen\u00ed vajec a liahnut\u00ed jednod\u0148ovej hydiny a be\u017ecov (XLS)<\/a><br><a href=\"https:\/\/pssr.sk\/wp-content\/uploads\/stiah\/cehz\/DoklPremHYD.pdf\" target=\"_blank\" rel=\"noreferrer noopener\">Doklad o premiestnen\u00ed hydiny a be\u017ecov (PDF)<\/a><br><a href=\"https:\/\/pssr.sk\/wp-content\/uploads\/stiah\/cehz\/DoklPremHYD.xls\" target=\"_blank\" rel=\"noreferrer noopener\">Doklad o premiestnen\u00ed hydiny a be\u017ecov (XLS)<\/a><br><a href=\"https:\/\/pssr.sk\/wp-content\/uploads\/stiah\/cehz\/irHYBE.pdf\" target=\"_blank\" rel=\"noreferrer noopener\">Register hydiny a be\u017ecov<\/a><br><a href=\"https:\/\/pssr.sk\/wp-content\/uploads\/stiah\/cehz\/irprevadzkovatelaHYBE.pdf\" target=\"_blank\" rel=\"noreferrer noopener\">Register prev\u00e1dzkovate\u013ea liahne<\/a>\t\t\t\t<\/div>\n\t\t\t<\/div>\n\t\t\t\t\t\t<div class=\"govuk-accordion__section \">\n\t\t\t\t<div class=\"govuk-accordion__section-header\">\n\t\t\t\t\t<h2 class=\"govuk-accordion__section-heading\">\n\t\t\t\t\t\t<span class=\"govuk-accordion__section-button\" id=\"IIGv3FqQ7RgSBvBWB7y0Q-heading-7\">\n\t\t\t\t\t\t\tTla\u010div\u00e1 CRHZ pre v\u010dely\t\t\t\t\t\t<\/span>\n\t\t\t\t\t<\/h2>\n\t\t\t\t\t<div class=\"govuk-accordion__section-summary govuk-body\" id=\"IIGv3FqQ7RgSBvBWB7y0Q-summary-7\">\n\t\t\t\t\t\t\t\t\t\t\t<\/div>\n\t\t\t\t<\/div>\n\t\t\t\t<div id=\"IIGv3FqQ7RgSBvBWB7y0Q-content-7\"\n\t\t\t\t\tclass=\"govuk-accordion__section-content\"\n\t\t\t\t\taria-labelledby=\"IIGv3FqQ7RgSBvBWB7y0Q-heading-7\"\n\t\t\t\t>\n\t\t\t\t\t<a href=\"https:\/\/pssr.sk\/wp-content\/uploads\/stiah\/cehz\/HlasZmienVC.pdf\" target=\"_blank\" rel=\"noreferrer noopener\">Hl\u00e1senie zmien pre v\u010dely<\/a><br><a href=\"https:\/\/pssr.sk\/wp-content\/uploads\/stiah\/cehz\/Oznamenie_o_chove_vcelstiev.pdf\" target=\"_blank\" rel=\"noreferrer noopener\">Ozn\u00e1menie o chove v\u010delstiev<\/a><br><a href=\"https:\/\/pssr.sk\/wp-content\/uploads\/stiah\/cehz\/Rocne_hlasenie_o_stanovisti_vcelstiev.pdf\" target=\"_blank\" rel=\"noreferrer noopener\">Ro\u010dn\u00e9 hl\u00e1senie o stanovi\u0161ti v\u010delstiev<\/a><br><a href=\"https:\/\/pssr.sk\/wp-content\/uploads\/stiah\/cehz\/Ziadost_o_pristup_pre_vcelarsku_organizaciu.pdf\" target=\"_blank\" rel=\"noreferrer noopener\">\u017diados\u0165 o pr\u00edstup pre v\u010del\u00e1rsku organiz\u00e1ciu<\/a><br><a href=\"https:\/\/pssr.sk\/wp-content\/uploads\/stiah\/cehz\/Vzor_elektronickeho_hlasenia_o_priebehu_kocovania.pdf\" target=\"_blank\" rel=\"noreferrer noopener\">Vzor elektronick\u00e9ho hl\u00e1senia o priebehu kocovania<\/a><br><a href=\"https:\/\/pssr.sk\/wp-content\/uploads\/stiah\/cehz\/RegFarm.pdf\" target=\"_blank\" rel=\"noreferrer noopener\">Registr\u00e1cia chovn\u00e9ho zariadenia<\/a><br><a href=\"https:\/\/pssr.sk\/wp-content\/uploads\/stiah\/cehz\/ziadostPF.pdf\" target=\"_blank\" rel=\"noreferrer noopener\">\u017diados\u0165 o pripojenie do datab\u00e1zy CEHZ cez Pr\u00edstup farm\u00e1ra<\/a><br><a href=\"https:\/\/pssr.sk\/wp-content\/uploads\/stiah\/cehz\/Manual_kocovanie.pdf\" target=\"_blank\" rel=\"noreferrer noopener\">Manu\u00e1l pl\u00e1nu a skuto\u010dnosti ko\u010dovania<\/a><br><a href=\"https:\/\/pssr.sk\/wp-content\/uploads\/stiah\/cehz\/manual_prehladu_vc.pdf\" target=\"_blank\" rel=\"noreferrer noopener\">Manu\u00e1l preh\u013eadu evidencie v\u010delstiev vo vo\u013enej z\u00f3ne<\/a>\t\t\t\t<\/div>\n\t\t\t<\/div>\n\t\t\t\t<\/div>\n\n\t","protected":false},"excerpt":{"rendered":"","protected":false},"author":1,"featured_media":0,"parent":0,"menu_order":0,"comment_status":"closed","ping_status":"closed","template":"","meta":{"footnotes":""},"class_list":["post-366","page","type-page","status-publish","hentry"],"_links":{"self":[{"href":"http:\/\/web2.pssr.sk\/index.php\/wp-json\/wp\/v2\/pages\/366","targetHints":{"allow":["GET"]}}],"collection":[{"href":"http:\/\/web2.pssr.sk\/index.php\/wp-json\/wp\/v2\/pages"}],"about":[{"href":"http:\/\/web2.pssr.sk\/index.php\/wp-json\/wp\/v2\/types\/page"}],"author":[{"embeddable":true,"href":"http:\/\/web2.pssr.sk\/index.php\/wp-json\/wp\/v2\/users\/1"}],"replies":[{"embeddable":true,"href":"http:\/\/web2.pssr.sk\/index.php\/wp-json\/wp\/v2\/comments?post=366"}],"version-history":[{"count":5,"href":"http:\/\/web2.pssr.sk\/index.php\/wp-json\/wp\/v2\/pages\/366\/revisions"}],"predecessor-version":[{"id":374,"href":"http:\/\/web2.pssr.sk\/index.php\/wp-json\/wp\/v2\/pages\/366\/revisions\/374"}],"wp:attachment":[{"href":"http:\/\/web2.pssr.sk\/index.php\/wp-json\/wp\/v2\/media?parent=366"}],"curies":[{"name":"wp","href":"https:\/\/api.w.org\/{rel}","templated":true}]}}