{"id":385,"date":"2026-03-10T08:42:33","date_gmt":"2026-03-10T08:42:33","guid":{"rendered":"http:\/\/web2.pssr.sk\/?page_id=385"},"modified":"2026-04-10T07:24:24","modified_gmt":"2026-04-10T07:24:24","slug":"ciselniky","status":"publish","type":"page","link":"http:\/\/web2.pssr.sk\/index.php\/sk\/ciselniky\/","title":{"rendered":"\u010c\u00edseln\u00edky"},"content":{"rendered":"\n\t<div class=\"govuk-accordion\" data-module=\"idsk-accordion\" id=\"8YVwXXaR-P55STJyoNRqX\">\n\t\t<div class=\"govuk-accordion__controls\">\n\t\t\t<button class=\"govuk-accordion__open-all\"\n\t\t\t\tdata-open-title=\"Open all\"\n\t\t\t\tdata-close-title=\"Close all\"\n\t\t\t\ttype=\"button\"\n\t\t\t\taria-expanded=\"false\"\n\t\t\t>\n\t\t\t\t<span class=\"govuk-visually-hidden govuk-accordion__controls-span\" data-section-title=\"sections\"><\/span>\n\t\t\t<\/button>\n\t\t<\/div>\n\n\t\t\t\t\t<div class=\"govuk-accordion__section \">\n\t\t\t\t<div class=\"govuk-accordion__section-header\">\n\t\t\t\t\t<h2 class=\"govuk-accordion__section-heading\">\n\t\t\t\t\t\t<span class=\"govuk-accordion__section-button\" id=\"8YVwXXaR-P55STJyoNRqX-heading-1\">\n\t\t\t\t\t\t\tAktualiz\u00e1cie \u010d\u00edseln\u00edkov pre Winreg HD, OV, KO\t\t\t\t\t\t<\/span>\n\t\t\t\t\t<\/h2>\n\t\t\t\t\t<div class=\"govuk-accordion__section-summary govuk-body\" id=\"8YVwXXaR-P55STJyoNRqX-summary-1\">\n\t\t\t\t\t\t\t\t\t\t\t<\/div>\n\t\t\t\t<\/div>\n\t\t\t\t<div id=\"8YVwXXaR-P55STJyoNRqX-content-1\"\n\t\t\t\t\tclass=\"govuk-accordion__section-content\"\n\t\t\t\t\taria-labelledby=\"8YVwXXaR-P55STJyoNRqX-heading-1\"\n\t\t\t\t>\n\t\t\t\t\t<a href=\"https:\/\/pssr.sk\/wp-content\/uploads\/stiah\/cis\/farmy_hd.zip\">farmy pre WinregHD \u2013 aktualiz\u00e1cia 30.03.2026<\/a><br><a href=\"https:\/\/pssr.sk\/wp-content\/uploads\/stiah\/cis\/farmy_ov.zip\">farmy pre WinregOV \u2013 aktualiz\u00e1cia 30.03.2026<\/a><br><a href=\"https:\/\/pssr.sk\/wp-content\/uploads\/stiah\/cis\/farmy_ko.zip\">farmy pre WinregKO \u2013 aktualiz\u00e1cia 30.03.2026<\/a><br><a href=\"https:\/\/pssr.sk\/wp-content\/uploads\/stiah\/cis\/cisel_HD.zip\">\u010d\u00edseln\u00edky pre WinregHD \u2013 aktualiz\u00e1cia 30.05.2024<\/a><br><a href=\"https:\/\/pssr.sk\/wp-content\/uploads\/stiah\/cis\/cisel_OV.zip\">\u010d\u00edseln\u00edky pre WinregOV \u2013 aktualiz\u00e1cia 24.01.2022<\/a><br><a href=\"https:\/\/pssr.sk\/wp-content\/uploads\/stiah\/cis\/cisel_KO.zip\">\u010d\u00edseln\u00edky pre WinregKO \u2013 aktualiz\u00e1cia 24.01.2022<\/a>\t\t\t\t<\/div>\n\t\t\t<\/div>\n\t\t\t\t<\/div>\n\n\t","protected":false},"excerpt":{"rendered":"","protected":false},"author":1,"featured_media":0,"parent":0,"menu_order":0,"comment_status":"closed","ping_status":"closed","template":"","meta":{"footnotes":""},"class_list":["post-385","page","type-page","status-publish","hentry"],"_links":{"self":[{"href":"http:\/\/web2.pssr.sk\/index.php\/wp-json\/wp\/v2\/pages\/385","targetHints":{"allow":["GET"]}}],"collection":[{"href":"http:\/\/web2.pssr.sk\/index.php\/wp-json\/wp\/v2\/pages"}],"about":[{"href":"http:\/\/web2.pssr.sk\/index.php\/wp-json\/wp\/v2\/types\/page"}],"author":[{"embeddable":true,"href":"http:\/\/web2.pssr.sk\/index.php\/wp-json\/wp\/v2\/users\/1"}],"replies":[{"embeddable":true,"href":"http:\/\/web2.pssr.sk\/index.php\/wp-json\/wp\/v2\/comments?post=385"}],"version-history":[{"count":2,"href":"http:\/\/web2.pssr.sk\/index.php\/wp-json\/wp\/v2\/pages\/385\/revisions"}],"predecessor-version":[{"id":1104,"href":"http:\/\/web2.pssr.sk\/index.php\/wp-json\/wp\/v2\/pages\/385\/revisions\/1104"}],"wp:attachment":[{"href":"http:\/\/web2.pssr.sk\/index.php\/wp-json\/wp\/v2\/media?parent=385"}],"curies":[{"name":"wp","href":"https:\/\/api.w.org\/{rel}","templated":true}]}}