{"id":387,"date":"2026-03-10T08:51:41","date_gmt":"2026-03-10T08:51:41","guid":{"rendered":"http:\/\/web2.pssr.sk\/?page_id=387"},"modified":"2026-03-10T08:54:04","modified_gmt":"2026-03-10T08:54:04","slug":"legislativa","status":"publish","type":"page","link":"http:\/\/web2.pssr.sk\/index.php\/sk\/legislativa\/","title":{"rendered":"Legislat\u00edva"},"content":{"rendered":"\n<p><a href=\"https:\/\/pssr.sk\/wp-content\/uploads\/stiah\/leg\/c_194_1998_z_z_.pdf\" target=\"_blank\" rel=\"noreferrer noopener\">Z\u00e1kon o \u0161\u013eachten\u00ed a plemenitbe hospod\u00e1rskych zvierat<\/a><br><a href=\"https:\/\/pssr.sk\/wp-content\/uploads\/stiah\/leg\/39-2007c.pdf\" target=\"_blank\" rel=\"noreferrer noopener\">Z\u00e1kon o veterin\u00e1rnej starostlivosti<\/a><\/p>\n\n\n\n<p><a href=\"https:\/\/pssr.sk\/wp-content\/uploads\/stiah\/leg\/c_18_2001_z_z_.pdf\" target=\"_blank\" rel=\"noreferrer noopener\">Vyhl\u00e1\u0161ka o vykon\u00e1van\u00ed kontroly \u00fa\u017eitkovosti, kontroly dedi\u010dnosti a testovania \u00fa\u017eitkov\u00fdch vlastnost\u00ed, kontroly zdravia, kontroly dedi\u010dnosti a testovania zdravia, hodnotenia zov\u0148aj\u0161ka hospod\u00e1rskych zvierat, o zalo\u017een\u00ed a veden\u00ed plemennej knihy, zalo\u017een\u00ed a veden\u00ed plemenn\u00e9ho registra, veden\u00ed predp\u00edsanej evidencie a o overovan\u00ed p\u00f4vodu hospod\u00e1rskych zvierat<\/a><\/p>\n\n\n\n<p><a href=\"https:\/\/pssr.sk\/wp-content\/uploads\/stiah\/leg\/16-2012.pdf\" target=\"_blank\" rel=\"noreferrer noopener\">Vyhl\u00e1\u0161ka o identifik\u00e1cii a registr\u00e1cii ko\u0148ovit\u00fdch zvierat<\/a><br><a href=\"https:\/\/pssr.sk\/wp-content\/uploads\/stiah\/leg\/c_19_2012_z_z_.pdf\" target=\"_blank\" rel=\"noreferrer noopener\">Vyhl\u00e1\u0161ka o identifik\u00e1cii a registr\u00e1cii spolo\u010densk\u00fdch zvierat<\/a><br><a href=\"https:\/\/pssr.sk\/wp-content\/uploads\/stiah\/leg\/21_2012.pdf\" target=\"_blank\" rel=\"noreferrer noopener\">Nariadenie Rady ES ktor\u00fdm sa ustanovuje syst\u00e9m na identifik\u00e1ciu a registr\u00e1ciu oviec a k\u00f4z<\/a><\/p>\n\n\n\n\t<div class=\"govuk-accordion\" data-module=\"idsk-accordion\" id=\"Zy9_man4FK_iq0XkWyKRW\">\n\t\t<div class=\"govuk-accordion__controls\">\n\t\t\t<button class=\"govuk-accordion__open-all\"\n\t\t\t\tdata-open-title=\"Open all\"\n\t\t\t\tdata-close-title=\"Close all\"\n\t\t\t\ttype=\"button\"\n\t\t\t\taria-expanded=\"false\"\n\t\t\t>\n\t\t\t\t<span class=\"govuk-visually-hidden govuk-accordion__controls-span\" data-section-title=\"sections\"><\/span>\n\t\t\t<\/button>\n\t\t<\/div>\n\n\t\t\t\t\t<div class=\"govuk-accordion__section \">\n\t\t\t\t<div class=\"govuk-accordion__section-header\">\n\t\t\t\t\t<h2 class=\"govuk-accordion__section-heading\">\n\t\t\t\t\t\t<span class=\"govuk-accordion__section-button\" id=\"Zy9_man4FK_iq0XkWyKRW-heading-1\">\n\t\t\t\t\t\t\tVyhl\u00e1\u0161ka, ktorou sa ustanovuj\u00fa podrobnosti o identifik\u00e1cii a registr\u00e1cii hov\u00e4dzieho dobytka\t\t\t\t\t\t<\/span>\n\t\t\t\t\t<\/h2>\n\t\t\t\t\t<div class=\"govuk-accordion__section-summary govuk-body\" id=\"Zy9_man4FK_iq0XkWyKRW-summary-1\">\n\t\t\t\t\t\t\t\t\t\t\t<\/div>\n\t\t\t\t<\/div>\n\t\t\t\t<div id=\"Zy9_man4FK_iq0XkWyKRW-content-1\"\n\t\t\t\t\tclass=\"govuk-accordion__section-content\"\n\t\t\t\t\taria-labelledby=\"Zy9_man4FK_iq0XkWyKRW-heading-1\"\n\t\t\t\t>\n\t\t\t\t\t<a href=\"https:\/\/pssr.sk\/wp-content\/uploads\/cehz\/subory\/hd\/VyhlaskaHD2017.pdf\">Vyhl\u00e1\u0161ka MPRV SR \u010d. 105\/2017 z 25. apr\u00edla 2017, ktorou sa men\u00ed a dop\u013a\u0148a vyhl\u00e1\u0161ka \u010d. 20\/2012 Z.z. ktorou sa ustanovuj\u00fa podrobnosti o identifik\u00e1cii a registr\u00e1cii HD v znen\u00ed vyhl\u00e1\u0161ky \u010d. 50\/2015 Z.z.<\/a><br><br><a href=\"https:\/\/pssr.sk\/wp-content\/uploads\/cehz\/subory\/hd\/vyhlaskaHD2015.pdf\" target=\"_blank\" rel=\"noreferrer noopener\">\u010d. 50\/2015 Z.z. zo d\u0148a 9. marca 2015<\/a><br><br><a href=\"https:\/\/pssr.sk\/wp-content\/uploads\/cehz\/subory\/hd\/vyhlaskaHD.pdf\" target=\"_blank\" rel=\"noreferrer noopener\">\u010d. 20\/2012 Z.z. zo d\u0148a 13. janu\u00e1ra 2012<\/a>\t\t\t\t<\/div>\n\t\t\t<\/div>\n\t\t\t\t\t\t<div class=\"govuk-accordion__section \">\n\t\t\t\t<div class=\"govuk-accordion__section-header\">\n\t\t\t\t\t<h2 class=\"govuk-accordion__section-heading\">\n\t\t\t\t\t\t<span class=\"govuk-accordion__section-button\" id=\"Zy9_man4FK_iq0XkWyKRW-heading-2\">\n\t\t\t\t\t\t\tVyhl\u00e1\u0161ka o identifik\u00e1cii a registr\u00e1cii o\u0161\u00edpan\u00fdch\t\t\t\t\t\t<\/span>\n\t\t\t\t\t<\/h2>\n\t\t\t\t\t<div class=\"govuk-accordion__section-summary govuk-body\" id=\"Zy9_man4FK_iq0XkWyKRW-summary-2\">\n\t\t\t\t\t\t\t\t\t\t\t<\/div>\n\t\t\t\t<\/div>\n\t\t\t\t<div id=\"Zy9_man4FK_iq0XkWyKRW-content-2\"\n\t\t\t\t\tclass=\"govuk-accordion__section-content\"\n\t\t\t\t\taria-labelledby=\"Zy9_man4FK_iq0XkWyKRW-heading-2\"\n\t\t\t\t>\n\t\t\t\t\t<a href=\"https:\/\/pssr.sk\/wp-content\/uploads\/cehz\/subory\/os\/VyhlaskaOS2017.pdf\">Vyhl\u00e1\u0161ka MPRV SR \u010d. 104\/2017 z 25. apr\u00edla 2017, ktorou sa men\u00ed a dop\u013a\u0148a vyhl\u00e1\u0161ka \u010d. 17\/2012 Z.z. o identifik\u00e1cii a registr\u00e1cii o\u0161\u00edpan\u00fdch v znen\u00ed vyhl\u00e1\u0161ky \u010d. 48\/2015 Z.z.<\/a><br><br><a href=\"https:\/\/pssr.sk\/wp-content\/uploads\/cehz\/subory\/os\/vyhlaskaOS2015.pdf\" target=\"_blank\" rel=\"noreferrer noopener\">\u010d. 48\/2015 Z.z. zo d\u0148a 9. marca 2015<\/a><br><br><a href=\"https:\/\/pssr.sk\/wp-content\/uploads\/cehz\/subory\/os\/vyhlaskaOS.pdf\" target=\"_blank\" rel=\"noreferrer noopener\">\u010d. 17\/2012 Z.z. zo d\u0148a 13. janu\u00e1ra 2012<\/a>\t\t\t\t<\/div>\n\t\t\t<\/div>\n\t\t\t\t\t\t<div class=\"govuk-accordion__section \">\n\t\t\t\t<div class=\"govuk-accordion__section-header\">\n\t\t\t\t\t<h2 class=\"govuk-accordion__section-heading\">\n\t\t\t\t\t\t<span class=\"govuk-accordion__section-button\" id=\"Zy9_man4FK_iq0XkWyKRW-heading-3\">\n\t\t\t\t\t\t\tVyhl\u00e1\u0161ka o identifik\u00e1cii a registr\u00e1cii oviec a k\u00f4z\t\t\t\t\t\t<\/span>\n\t\t\t\t\t<\/h2>\n\t\t\t\t\t<div class=\"govuk-accordion__section-summary govuk-body\" id=\"Zy9_man4FK_iq0XkWyKRW-summary-3\">\n\t\t\t\t\t\t\t\t\t\t\t<\/div>\n\t\t\t\t<\/div>\n\t\t\t\t<div id=\"Zy9_man4FK_iq0XkWyKRW-content-3\"\n\t\t\t\t\tclass=\"govuk-accordion__section-content\"\n\t\t\t\t\taria-labelledby=\"Zy9_man4FK_iq0XkWyKRW-heading-3\"\n\t\t\t\t>\n\t\t\t\t\t<a href=\"https:\/\/pssr.sk\/wp-content\/uploads\/cehz\/subory\/ovky\/VyhlaskaOVKY2017.pdf\">Vyhl\u00e1\u0161ka MPRV SR \u010d. 102\/2017 z 25. apr\u00edla 2017, ktorou sa men\u00ed a dop\u013a\u0148a vyhl\u00e1\u0161ka \u010d. 18\/2012 Z.z. o identifik\u00e1cii a registr\u00e1cii oviec a k\u00f4z v znen\u00ed vyhl\u00e1\u0161ky \u010d. 49\/2015 Z.z.<\/a><br><br><a href=\"https:\/\/pssr.sk\/wp-content\/uploads\/cehz\/subory\/ovky\/vyhlaskaOVKY2015.pdf\" target=\"_blank\" rel=\"noreferrer noopener\">\u010d. 49\/2015 Z.z. zo d\u0148a 9. marca 2015<\/a><br><br><a href=\"https:\/\/pssr.sk\/wp-content\/uploads\/cehz\/subory\/ovky\/vyhlaskaOVKY.pdf\" target=\"_blank\" rel=\"noreferrer noopener\">\u010d. 18\/2012 Z.z. zo d\u0148a 13. janu\u00e1ra 2012<\/a>\t\t\t\t<\/div>\n\t\t\t<\/div>\n\t\t\t\t\t\t<div class=\"govuk-accordion__section \">\n\t\t\t\t<div class=\"govuk-accordion__section-header\">\n\t\t\t\t\t<h2 class=\"govuk-accordion__section-heading\">\n\t\t\t\t\t\t<span class=\"govuk-accordion__section-button\" id=\"Zy9_man4FK_iq0XkWyKRW-heading-4\">\n\t\t\t\t\t\t\tVyhl\u00e1\u0161ka o identifik\u00e1cii a registr\u00e1cii hydiny a be\u017ecov\t\t\t\t\t\t<\/span>\n\t\t\t\t\t<\/h2>\n\t\t\t\t\t<div class=\"govuk-accordion__section-summary govuk-body\" id=\"Zy9_man4FK_iq0XkWyKRW-summary-4\">\n\t\t\t\t\t\t\t\t\t\t\t<\/div>\n\t\t\t\t<\/div>\n\t\t\t\t<div id=\"Zy9_man4FK_iq0XkWyKRW-content-4\"\n\t\t\t\t\tclass=\"govuk-accordion__section-content\"\n\t\t\t\t\taria-labelledby=\"Zy9_man4FK_iq0XkWyKRW-heading-4\"\n\t\t\t\t>\n\t\t\t\t\t<a href=\"https:\/\/pssr.sk\/wp-content\/uploads\/cehz\/subory\/hy\/VyhlaskaHYBE2017.pdf\">Vyhl\u00e1\u0161ka MPRV SR \u010d. 103\/2017 z 25. apr\u00edla 2017, ktorou sa men\u00ed a dop\u013a\u0148a vyhl\u00e1\u0161ka \u010d. 342\/2013 Z.z. ktorou sa ustanovuj\u00fa podrobnosti o registr\u00e1cii hydiny a be\u017ecov<\/a><br><a href=\"https:\/\/pssr.sk\/wp-content\/uploads\/cehz\/subory\/hy\/vyhlaskaHYBE.pdf\">Vyhl\u00e1\u0161ka Ministerstva p\u00f4dohospod\u00e1rstva a rozvoja vidieka SR \u010d. 342\/2013 Z.z. zo d\u0148a 23. okt\u00f3bra 2013, ktorou sa ustanovuj\u00fa podrobnosti o registr\u00e1cii hydiny a be\u017ecov<\/a>\t\t\t\t<\/div>\n\t\t\t<\/div>\n\t\t\t\t<\/div>\n\n\t","protected":false},"excerpt":{"rendered":"<p>Z\u00e1kon o \u0161\u013eachten\u00ed a plemenitbe hospod\u00e1rskych zvieratZ\u00e1kon o veterin\u00e1rnej starostlivosti Vyhl\u00e1\u0161ka o vykon\u00e1van\u00ed kontroly \u00fa\u017eitkovosti, kontroly dedi\u010dnosti a testovania \u00fa\u017eitkov\u00fdch vlastnost\u00ed, kontroly zdravia, kontroly dedi\u010dnosti a testovania zdravia, hodnotenia zov\u0148aj\u0161ka hospod\u00e1rskych zvierat, o zalo\u017een\u00ed a veden\u00ed plemennej knihy, zalo\u017een\u00ed a veden\u00ed plemenn\u00e9ho registra, veden\u00ed predp\u00edsanej evidencie a o overovan\u00ed p\u00f4vodu hospod\u00e1rskych zvierat Vyhl\u00e1\u0161ka o identifik\u00e1cii&#8230;<\/p>\n","protected":false},"author":1,"featured_media":0,"parent":0,"menu_order":0,"comment_status":"closed","ping_status":"closed","template":"","meta":{"footnotes":""},"class_list":["post-387","page","type-page","status-publish","hentry"],"_links":{"self":[{"href":"http:\/\/web2.pssr.sk\/index.php\/wp-json\/wp\/v2\/pages\/387","targetHints":{"allow":["GET"]}}],"collection":[{"href":"http:\/\/web2.pssr.sk\/index.php\/wp-json\/wp\/v2\/pages"}],"about":[{"href":"http:\/\/web2.pssr.sk\/index.php\/wp-json\/wp\/v2\/types\/page"}],"author":[{"embeddable":true,"href":"http:\/\/web2.pssr.sk\/index.php\/wp-json\/wp\/v2\/users\/1"}],"replies":[{"embeddable":true,"href":"http:\/\/web2.pssr.sk\/index.php\/wp-json\/wp\/v2\/comments?post=387"}],"version-history":[{"count":3,"href":"http:\/\/web2.pssr.sk\/index.php\/wp-json\/wp\/v2\/pages\/387\/revisions"}],"predecessor-version":[{"id":392,"href":"http:\/\/web2.pssr.sk\/index.php\/wp-json\/wp\/v2\/pages\/387\/revisions\/392"}],"wp:attachment":[{"href":"http:\/\/web2.pssr.sk\/index.php\/wp-json\/wp\/v2\/media?parent=387"}],"curies":[{"name":"wp","href":"https:\/\/api.w.org\/{rel}","templated":true}]}}