{"id":441,"date":"2026-03-10T13:26:50","date_gmt":"2026-03-10T13:26:50","guid":{"rendered":"http:\/\/web2.pssr.sk\/?page_id=441"},"modified":"2026-03-14T07:37:55","modified_gmt":"2026-03-14T07:37:55","slug":"ucelove-plemenarske-zariadenie","status":"publish","type":"page","link":"http:\/\/web2.pssr.sk\/index.php\/sk\/ucelove-plemenarske-zariadenie\/","title":{"rendered":"\u00da\u010delov\u00e9 plemen\u00e1rske zariadenie"},"content":{"rendered":"\n<h3 class=\"wp-block-heading\">Plemen\u00e1rske slu\u017eby Slovenskej republiky, \u0161.p.<\/h3>\n\n\n\n<p>Rosinsk\u00e1 cesta 12<br>010 08 \u017dilina<br><a href=\"tel:+421415073711\">+421 41 5073 711<\/a> &#8211; Vr\u00e1tnica, dostupn\u00e1 od 15:00 hod. &#8211; 6:00 hod.<br>mapa podniku: <a href=\"https:\/\/maps.app.goo.gl\/eLMAKUd8RQiiHNEG9\">mapa<\/a><br>e-mail: <a href=\"mailto:pssrba@pssr.sk\">upzza@pssr.sk<\/a><\/p>\n\n\n\n<hr class=\"wp-block-separator has-alpha-channel-opacity\"\/>\n\n\n\n\t<details class=\"govuk-details\" data-module=\"govuk-details\">\n\t\t<summary class=\"govuk-details__summary\">\n\t\t\t<span class=\"govuk-details__summary-text\">\n\t\t\t\tHotline Centr\u00e1lny register hospod\u00e1rskych zvierat\t\t\t<\/span>\n\t\t<\/summary>\n\t\t<div class=\"govuk-details__text\">\n\t\t\t<a href=\"tel:+421415073744\">+421 41 5073 744<\/a> \u201ehotline slu\u017eba pre verejnos\u0165\u201c od 8:00 do 15:00 hod.<br><br>Rosinsk\u00e1 cesta 12<br>010 08 \u017dilina<br><a href=\"tel:+421415073744\">+421 41 5073 744<\/a><br><a href=\"mailto:cehz@pssr.sk\">cehz@pssr.sk<\/a>\t\t<\/div>\n\t<\/details>\n\n\t\n\n\n\t<details class=\"govuk-details\" data-module=\"govuk-details\">\n\t\t<summary class=\"govuk-details__summary\">\n\t\t\t<span class=\"govuk-details__summary-text\">\n\t\t\t\tIng. Marcel Benkei &#8211; ved\u00faci \u00daPZ\t\t\t<\/span>\n\t\t<\/summary>\n\t\t<div class=\"govuk-details__text\">\n\t\t\t<strong>\u00da\u010delov\u00e9 plemen\u00e1rske zariadenie<\/strong><br>Rosinsk\u00e1 cesta 12<br>010 08 \u017dilina<br><a href=\"tel:+421415073741\">+421 41 5073 741<\/a> \/kl.720<br><a href=\"tel:+421908783731\">+421 908 783 731<\/a><br><a href=\"mailto:marcelbenkei@pssr.sk\">marcelbenkei@pssr.sk<\/a>\t\t<\/div>\n\t<\/details>\n\n\t\n\n\n\t<details class=\"govuk-details\" data-module=\"govuk-details\">\n\t\t<summary class=\"govuk-details__summary\">\n\t\t\t<span class=\"govuk-details__summary-text\">\n\t\t\t\tIng. Michal Ta\u0161ka &#8211; ved\u00faci \u00fatvaru distribu\u010dn\u00e9ho centra\t\t\t<\/span>\n\t\t<\/summary>\n\t\t<div class=\"govuk-details__text\">\n\t\t\t<strong>Distribu\u010dn\u00e9 centrum<\/strong><br>Rosinsk\u00e1 cesta 12<br>010 08 \u017dilina<br><a href=\"tel:+421415073742\">+421 41 5073 742<\/a> \/kl.721<br><a href=\"tel:+421905444610\">+421 905 444 610<\/a><br><a href=\"mailto:michaltaska@pssr.sk\">michaltaska@pssr.sk<\/a><br>\t\t<\/div>\n\t<\/details>\n\n\t\n\n\n\t<details class=\"govuk-details\" data-module=\"govuk-details\">\n\t\t<summary class=\"govuk-details__summary\">\n\t\t\t<span class=\"govuk-details__summary-text\">\n\t\t\t\tIng. Janka Beharkov\u00e1 &#8211; samostatn\u00fd v\u0161eobecn\u00fd \u00fa\u010dtovn\u00edk\t\t\t<\/span>\n\t\t<\/summary>\n\t\t<div class=\"govuk-details__text\">\n\t\t\t<strong>\u00datvar ved\u00faceho \u00daPZ<\/strong><br>Rosinsk\u00e1 cesta 12<br>010 08 \u017dilina<br><a href=\"tel:+421415073721\">+421 41 5073 721<\/a> \/kl.712<br><a href=\"mailto:janabeharkova@pssr.sk\">janabeharkova@pssr.sk<\/a>\t\t<\/div>\n\t<\/details>\n\n\t\n\n\n\t<details class=\"govuk-details\" data-module=\"govuk-details\">\n\t\t<summary class=\"govuk-details__summary\">\n\t\t\t<span class=\"govuk-details__summary-text\">\n\t\t\t\tIng. Eva Benkeiov\u00e1 &#8211; ved\u00faca \u00fatvaru CLRM\t\t\t<\/span>\n\t\t<\/summary>\n\t\t<div class=\"govuk-details__text\">\n\t\t\t<strong>Centr\u00e1lne laborat\u00f3rium rozboru mlieka (CLRM)<\/strong><br>Rosinsk\u00e1 cesta 12<br>010 08 \u017dilina<br><a href=\"tel:+421415073733\">+421 41 5073 733<\/a> \/kl. 740<br><a href=\"tel:+421905636482\">+421 905 636 482<\/a><br><a href=\"mailto:evabenkeiova@pssr.sk\">evabenkeiova@pssr.sk<\/a>\t\t<\/div>\n\t<\/details>\n\n\t\n\n\n\t<details class=\"govuk-details\" data-module=\"govuk-details\">\n\t\t<summary class=\"govuk-details__summary\">\n\t\t\t<span class=\"govuk-details__summary-text\">\n\t\t\t\tIng. Pavla Rosin\u010dinov\u00e1 &#8211; ved\u00faca \u00fatvaru PLIS\t\t\t<\/span>\n\t\t<\/summary>\n\t\t<div class=\"govuk-details__text\">\n\t\t\t<strong>Plemen\u00e1rsky informa\u010dn\u00fd syst\u00e9m (PLIS)<\/strong><br>Rosinsk\u00e1 cesta 12<br>010 08 \u017dilina<br><a href=\"tel:+421415073758\">+421 41 5073 758<\/a> \/kl. 735<br><a href=\"tel:+421905700937\">+421 905 700 937<\/a><br><a href=\"mailto:pavlarosincinova@pssr.sk\">pavlarosincinova@pssr.sk<\/a>\t\t<\/div>\n\t<\/details>\n\n\t\n\n\n\t<details class=\"govuk-details\" data-module=\"govuk-details\">\n\t\t<summary class=\"govuk-details__summary\">\n\t\t\t<span class=\"govuk-details__summary-text\">\n\t\t\t\tAdriana Kubenov\u00e1 &#8211; referent kontroly PLIS\t\t\t<\/span>\n\t\t<\/summary>\n\t\t<div class=\"govuk-details__text\">\n\t\t\t<strong>Plemen\u00e1rsky informa\u010dn\u00fd syst\u00e9m (PLIS)<\/strong><br>Rosinsk\u00e1 cesta 12<br>010 08 \u017dilina<br><a href=\"tel:+421415073796\">+421 41 5073 796<\/a> \/kl.736<br><a href=\"tel:+421905700959\">+421 905 700 959<\/a><br><a href=\"mailto:kuhz@pssr.sk\">kuhz@pssr.sk<\/a>\t\t<\/div>\n\t<\/details>\n\n\t\n\n\n\t<details class=\"govuk-details\" data-module=\"govuk-details\">\n\t\t<summary class=\"govuk-details__summary\">\n\t\t\t<span class=\"govuk-details__summary-text\">\n\t\t\t\tMgr. Peter Bubliak &#8211; spr\u00e1vca budovy \u0160S \u00dastie nad Priehradou\t\t\t<\/span>\n\t\t<\/summary>\n\t\t<div class=\"govuk-details__text\">\n\t\t\t<strong>\u00datvar ved\u00faceho \u00daPZ<\/strong><br>Rosinsk\u00e1 cesta 12<br>010 08 \u017dilina<br><a href=\"tel:+421908906022\">+421 908 906 022<\/a>\t\t<\/div>\n\t<\/details>\n\n\t\n\n\n\t<details class=\"govuk-details\" data-module=\"govuk-details\">\n\t\t<summary class=\"govuk-details__summary\">\n\t\t\t<span class=\"govuk-details__summary-text\">\n\t\t\t\tIng. Lenka Mlynekov\u00e1, PhD. &#8211; Ved\u00faca Laborat\u00f3rium genetiky a vzdel\u00e1vania\t\t\t<\/span>\n\t\t<\/summary>\n\t\t<div class=\"govuk-details__text\">\n\t\t\t<strong>\u00datvar Laborat\u00f3ria genetiky a vzdel\u00e1vania v Lu\u017eiankach<\/strong><br>Hlohoveck\u00e1 7<br>951 41 Lu\u017eianky<br><a href=\"tel:+421377783002\">+421 37 77 830 02<\/a> \/kl. 306<br><a href=\"tel:+421905700951\">+421 905 700 951<\/a><br><a href=\"mailto:lenkamlynekova@pssr.sk\">lenkamlynekova@pssr.sk<\/a>\t\t<\/div>\n\t<\/details>\n\n\t\n\n\n\t<details class=\"govuk-details\" data-module=\"govuk-details\">\n\t\t<summary class=\"govuk-details__summary\">\n\t\t\t<span class=\"govuk-details__summary-text\">\n\t\t\t\tIng. Monika Fe\u010dkov\u00e1, PhD. &#8211; genetik\t\t\t<\/span>\n\t\t<\/summary>\n\t\t<div class=\"govuk-details__text\">\n\t\t\t<strong>\u00datvar Laborat\u00f3ria genetiky a vzdel\u00e1vania v Lu\u017eiankach<\/strong><br>Hlohoveck\u00e1 7<br>951 41 Lu\u017eianky<br><a href=\"tel:+421377783087\">+421 37 7783 087<\/a> \/kl. 307<br><a href=\"tel:+421905700932\">+421 905 700 932<\/a><br><a href=\"mailto:monikafeckova@pssr.sk\">monikafeckova@pssr.sk<\/a>\t\t<\/div>\n\t<\/details>\n\n\t\n\n\n\t<details class=\"govuk-details\" data-module=\"govuk-details\">\n\t\t<summary class=\"govuk-details__summary\">\n\t\t\t<span class=\"govuk-details__summary-text\">\n\t\t\t\tIng. Eva Ivani\u010dov\u00e1 &#8211; Fakturant \u2013 \u00fa\u010dtovn\u00edk\t\t\t<\/span>\n\t\t<\/summary>\n\t\t<div class=\"govuk-details__text\">\n\t\t\t<strong>\u00datvar Laborat\u00f3ria genetiky a vzdel\u00e1vania v Lu\u017eiankach<\/strong><br>Hlohoveck\u00e1 7<br>951 41 Lu\u017eianky<br><a href=\"tel:+421377783090\">+421 37 7783 090<\/a> \/kl. 300<br><a href=\"mailto:evaivanicova@pssr.sk\">evaivanicova@pssr.sk<\/a>\t\t<\/div>\n\t<\/details>\n\n\t\n\n\n\t<details class=\"govuk-details\" data-module=\"govuk-details\">\n\t\t<summary class=\"govuk-details__summary\">\n\t\t\t<span class=\"govuk-details__summary-text\">\n\t\t\t\tMgr. Adri\u00e1na Schwarzov\u00e1 &#8211; genetik\t\t\t<\/span>\n\t\t<\/summary>\n\t\t<div class=\"govuk-details__text\">\n\t\t\t<strong>\u00datvar Laborat\u00f3ria genetiky a vzdel\u00e1vania v Lu\u017eiankach<\/strong><br>Hlohoveck\u00e1 7<br>951 41 Lu\u017eianky<br><a href=\"tel:+421377783082\">+421 37 7783 082<\/a> \/kl. 305<br><a href=\"mailto:adrianaschwarzova@pssr.sk\">adrianaschwarzova@pssr.sk<\/a>\t\t<\/div>\n\t<\/details>\n\n\t\n\n\n\t<details class=\"govuk-details\" data-module=\"govuk-details\">\n\t\t<summary class=\"govuk-details__summary\">\n\t\t\t<span class=\"govuk-details__summary-text\">\n\t\t\t\tZvozn\u00e1 linka \u010d.1 &#8211; vodi\u010d &#8211; zvozn\u00e1 linka\t\t\t<\/span>\n\t\t<\/summary>\n\t\t<div class=\"govuk-details__text\">\n\t\t\t<strong>\u00datvar ved\u00faceho \u00daPZ<\/strong><br>Rosinsk\u00e1 cesta 12<br>010 08 \u017dilina<br><a href=\"tel:+421907994301\"> +421 907 994 301<\/a>\t\t<\/div>\n\t<\/details>\n\n\t\n\n\n\t<details class=\"govuk-details\" data-module=\"govuk-details\">\n\t\t<summary class=\"govuk-details__summary\">\n\t\t\t<span class=\"govuk-details__summary-text\">\n\t\t\t\tZvozn\u00e1 linka \u010d.2 &#8211; vodi\u010d &#8211; zvozn\u00e1 linka\t\t\t<\/span>\n\t\t<\/summary>\n\t\t<div class=\"govuk-details__text\">\n\t\t\t<strong>\u00datvar ved\u00faceho \u00daPZ<\/strong><br>Rosinsk\u00e1 cesta 12<br>010 08 \u017dilina<br><a href=\"tel:+421908676322\">+421 908 676 322<\/a>\t\t<\/div>\n\t<\/details>\n\n\t","protected":false},"excerpt":{"rendered":"<p>Plemen\u00e1rske slu\u017eby Slovenskej republiky, \u0161.p. Rosinsk\u00e1 cesta 12010 08 \u017dilina+421 41 5073 711 &#8211; Vr\u00e1tnica, dostupn\u00e1 od 15:00 hod. &#8211; 6:00 hod.mapa podniku: mapae-mail: upzza@pssr.sk<\/p>\n","protected":false},"author":1,"featured_media":0,"parent":0,"menu_order":0,"comment_status":"closed","ping_status":"closed","template":"","meta":{"footnotes":""},"class_list":["post-441","page","type-page","status-publish","hentry"],"_links":{"self":[{"href":"http:\/\/web2.pssr.sk\/index.php\/wp-json\/wp\/v2\/pages\/441","targetHints":{"allow":["GET"]}}],"collection":[{"href":"http:\/\/web2.pssr.sk\/index.php\/wp-json\/wp\/v2\/pages"}],"about":[{"href":"http:\/\/web2.pssr.sk\/index.php\/wp-json\/wp\/v2\/types\/page"}],"author":[{"embeddable":true,"href":"http:\/\/web2.pssr.sk\/index.php\/wp-json\/wp\/v2\/users\/1"}],"replies":[{"embeddable":true,"href":"http:\/\/web2.pssr.sk\/index.php\/wp-json\/wp\/v2\/comments?post=441"}],"version-history":[{"count":24,"href":"http:\/\/web2.pssr.sk\/index.php\/wp-json\/wp\/v2\/pages\/441\/revisions"}],"predecessor-version":[{"id":808,"href":"http:\/\/web2.pssr.sk\/index.php\/wp-json\/wp\/v2\/pages\/441\/revisions\/808"}],"wp:attachment":[{"href":"http:\/\/web2.pssr.sk\/index.php\/wp-json\/wp\/v2\/media?parent=441"}],"curies":[{"name":"wp","href":"https:\/\/api.w.org\/{rel}","templated":true}]}}