{"id":481,"date":"2026-03-11T06:18:23","date_gmt":"2026-03-11T06:18:23","guid":{"rendered":"http:\/\/web2.pssr.sk\/?page_id=481"},"modified":"2026-03-11T06:18:23","modified_gmt":"2026-03-11T06:18:23","slug":"regionalne-strediska","status":"publish","type":"page","link":"http:\/\/web2.pssr.sk\/index.php\/sk\/regionalne-strediska\/","title":{"rendered":"Region\u00e1lne stredisk\u00e1"},"content":{"rendered":"\n<p>Region\u00e1lne stredisko Z\u00e1pad (RS Z\u00e1pad)<\/p>\n\n\n\n<p>Region\u00e1lne stredisko Stred (RS Stred)<\/p>\n\n\n\n<p>Region\u00e1lne stredisko V\u00fdchod (RS V\u00fdchod)<\/p>\n\n\n\n<p><\/p>\n","protected":false},"excerpt":{"rendered":"<p>Region\u00e1lne stredisko Z\u00e1pad (RS Z\u00e1pad) Region\u00e1lne stredisko Stred (RS Stred) Region\u00e1lne stredisko V\u00fdchod (RS V\u00fdchod)<\/p>\n","protected":false},"author":1,"featured_media":0,"parent":0,"menu_order":0,"comment_status":"closed","ping_status":"closed","template":"","meta":{"footnotes":""},"class_list":["post-481","page","type-page","status-publish","hentry"],"_links":{"self":[{"href":"http:\/\/web2.pssr.sk\/index.php\/wp-json\/wp\/v2\/pages\/481","targetHints":{"allow":["GET"]}}],"collection":[{"href":"http:\/\/web2.pssr.sk\/index.php\/wp-json\/wp\/v2\/pages"}],"about":[{"href":"http:\/\/web2.pssr.sk\/index.php\/wp-json\/wp\/v2\/types\/page"}],"author":[{"embeddable":true,"href":"http:\/\/web2.pssr.sk\/index.php\/wp-json\/wp\/v2\/users\/1"}],"replies":[{"embeddable":true,"href":"http:\/\/web2.pssr.sk\/index.php\/wp-json\/wp\/v2\/comments?post=481"}],"version-history":[{"count":1,"href":"http:\/\/web2.pssr.sk\/index.php\/wp-json\/wp\/v2\/pages\/481\/revisions"}],"predecessor-version":[{"id":482,"href":"http:\/\/web2.pssr.sk\/index.php\/wp-json\/wp\/v2\/pages\/481\/revisions\/482"}],"wp:attachment":[{"href":"http:\/\/web2.pssr.sk\/index.php\/wp-json\/wp\/v2\/media?parent=481"}],"curies":[{"name":"wp","href":"https:\/\/api.w.org\/{rel}","templated":true}]}}