{"id":483,"date":"2026-03-11T06:21:20","date_gmt":"2026-03-11T06:21:20","guid":{"rendered":"http:\/\/web2.pssr.sk\/?page_id=483"},"modified":"2026-04-15T10:59:36","modified_gmt":"2026-04-15T10:59:36","slug":"regionalne-stredisko-zapad","status":"publish","type":"page","link":"http:\/\/web2.pssr.sk\/index.php\/sk\/regionalne-stredisko-zapad\/","title":{"rendered":"Region\u00e1lne stredisko V\u00fdchod"},"content":{"rendered":"\n<div class=\"wp-block-columns is-layout-flex wp-container-core-columns-is-layout-9d6595d7 wp-block-columns-is-layout-flex\">\n<div class=\"wp-block-column is-layout-flow wp-block-column-is-layout-flow\">\n<h3 class=\"wp-block-heading\">Plemen\u00e1rske slu\u017eby SR, \u0161.p.<\/h3>\n\n\n\n<p>Bayerov\u00e1 7<br>080 01 Pre\u0161ov<br><a href=\"tel:+421517734624\">+421 51 7734 624<\/a><br>mapa podniku: <a href=\"https:\/\/maps.app.goo.gl\/ru9SHjNDgGom8JbM6\">mapa<\/a><\/p>\n\n\n\n<p>email: <a href=\"mailto:regionpo@pssr.sk\">regionpo@pssr.sk<\/a><br><a href=\"mailto:presov@pssr.sk\">presov@pssr.sk<\/a><\/p>\n<\/div>\n\n\n\n<div class=\"wp-block-column is-layout-flow wp-block-column-is-layout-flow\">\n<h3 class=\"wp-block-heading\">Str\u00e1nkov\u00e9 dni<\/h3>\n\n\n\n\t<details class=\"govuk-details\" data-module=\"govuk-details\">\n\t\t<summary class=\"govuk-details__summary\">\n\t\t\t<span class=\"govuk-details__summary-text\">\n\t\t\t\tBardejov\t\t\t<\/span>\n\t\t<\/summary>\n\t\t<div class=\"govuk-details__text\">\n\t\t\tPo dohode s chovate\u013eom<br><br><strong>Mari\u00e1n Kuchta<\/strong><br><a href=\"tel:+421915851457\">+421 915 851 457<\/a>\t\t<\/div>\n\t<\/details>\n\n\t\n\n\n\t<details class=\"govuk-details\" data-module=\"govuk-details\">\n\t\t<summary class=\"govuk-details__summary\">\n\t\t\t<span class=\"govuk-details__summary-text\">\n\t\t\t\tHumenn\u00e9\t\t\t<\/span>\n\t\t<\/summary>\n\t\t<div class=\"govuk-details__text\">\n\t\t\tPondelok 7:00 \u2013 15:00 hod.<br><br><strong>Bc. \u0160tefan Benej<\/strong><br><a href=\"tel:+421915852248\">+421 915 852 248<\/a><br>Stani\u010dn\u00e1 2880\/3<br>066 01 Humenn\u00e9\t\t<\/div>\n\t<\/details>\n\n\t\n\n\n\t<details class=\"govuk-details\" data-module=\"govuk-details\">\n\t\t<summary class=\"govuk-details__summary\">\n\t\t\t<span class=\"govuk-details__summary-text\">\n\t\t\t\tKo\u0161ice\t\t\t<\/span>\n\t\t<\/summary>\n\t\t<div class=\"govuk-details__text\">\n\t\t\tPo dohode s chovate\u013eom<br><br><strong>Luk\u00e1\u0161 Kovka<\/strong><br><a href=\"tel:+421905700961\"><a href=\"tel:+421905700957\">+421 905 700 957<\/a><\/a><br>\t\t<\/div>\n\t<\/details>\n\n\t\n\n\n\t<details class=\"govuk-details\" data-module=\"govuk-details\">\n\t\t<summary class=\"govuk-details__summary\">\n\t\t\t<span class=\"govuk-details__summary-text\">\n\t\t\t\tPoprad\t\t\t<\/span>\n\t\t<\/summary>\n\t\t<div class=\"govuk-details__text\">\n\t\t\tKa\u017ed\u00fd prv\u00fd a tret\u00ed pondelok v mesiaci 7:30<br>hod. \u2013 15:30 hod.<br><br><strong>Ing. Maro\u0161 Spi\u0161\u00e1k<\/strong><br><a href=\"tel:+421905700961\">+421 905 700 961<\/a><br><strong>Ing. Tom\u00e1\u0161 Kitz<\/strong><br><a href=\"tel:+421908676332\">+421 908 676 332<\/a><br>Hrani\u010dn\u00e1 12<br>058 01 Poprad\t\t<\/div>\n\t<\/details>\n\n\t\n\n\n\t<details class=\"govuk-details\" data-module=\"govuk-details\">\n\t\t<summary class=\"govuk-details__summary\">\n\t\t\t<span class=\"govuk-details__summary-text\">\n\t\t\t\tPre\u0161ov\t\t\t<\/span>\n\t\t<\/summary>\n\t\t<div class=\"govuk-details__text\">\n\t\t\tPondelok &#8211; \u0160tvrtok 7:00 hod. \u2013 15:00 hod.<br>Piatok 7:00 hod. \u2013 14:00 hod.<br><br><strong>Vikt\u00f3ria Andrekov\u00e1<\/strong><br><a href=\"tel:+421517734623\">+421 51 7734623<\/a><br><strong>Iveta Biedkov\u00e1<\/strong><br><a href=\"tel:+421905444614\">+421 905 444 614<\/a><br>Bayerova 7<br>080 01 Pre\u0161ov\t\t<\/div>\n\t<\/details>\n\n\t\n\n\n\t<details class=\"govuk-details\" data-module=\"govuk-details\">\n\t\t<summary class=\"govuk-details__summary\">\n\t\t\t<span class=\"govuk-details__summary-text\">\n\t\t\t\tSpi\u0161sk\u00e1 Nov\u00e1 Ves\t\t\t<\/span>\n\t\t<\/summary>\n\t\t<div class=\"govuk-details__text\">\n\t\t\t<strong>Ing. Maro\u0161 Spi\u0161\u00e1k<\/strong><a href=\"tel:+421905700961\"><br><\/a><a href=\"tel:+421905700961\">+421 905 700 961<\/a>\t\t<\/div>\n\t<\/details>\n\n\t\n\n\n\t<details class=\"govuk-details\" data-module=\"govuk-details\">\n\t\t<summary class=\"govuk-details__summary\">\n\t\t\t<span class=\"govuk-details__summary-text\">\n\t\t\t\tStar\u00e1 \u013dubov\u0148a\t\t\t<\/span>\n\t\t<\/summary>\n\t\t<div class=\"govuk-details__text\">\n\t\t\tKa\u017ed\u00fd druh\u00fd a \u0161tvrt\u00fd piatok v mesiaci 7:30 hod. \u2013 15:30 hod.<br><br><strong>David Vajda<\/strong><br><a href=\"tel:+421908676335\">+421 908 676 335<\/a><br>Pre\u0161ovsk\u00e1 3<br>06401 Star\u00e1 \u013dubov\u0148a\t\t<\/div>\n\t<\/details>\n\n\t<\/div>\n<\/div>\n\n\n\n<hr class=\"wp-block-separator has-alpha-channel-opacity\"\/>\n\n\n\n\t<details class=\"govuk-details\" data-module=\"govuk-details\">\n\t\t<summary class=\"govuk-details__summary\">\n\t\t\t<span class=\"govuk-details__summary-text\">\n\t\t\t\tIng. Maro\u0161 Spi\u0161\u00e1k &#8211; ved\u00faci region\u00e1lneho strediska\t\t\t<\/span>\n\t\t<\/summary>\n\t\t<div class=\"govuk-details__text\">\n\t\t\tBayerova 7<br>080 01 Pre\u0161ov<br><a href=\"tel:+421905700961\">+421 905 700 961<\/a><br><a href=\"mailto:marosspisak@pssr.sk\">marosspisak@pssr.sk<\/a>\t\t<\/div>\n\t<\/details>\n\n\t\n\n\n\t<details class=\"govuk-details\" data-module=\"govuk-details\">\n\t\t<summary class=\"govuk-details__summary\">\n\t\t\t<span class=\"govuk-details__summary-text\">\n\t\t\t\tBc. \u0160tefan Benej &#8211; z\u00e1stupca ved\u00faceho region\u00e1lneho strediska\t\t\t<\/span>\n\t\t<\/summary>\n\t\t<div class=\"govuk-details__text\">\n\t\t\tBayerova 7<br>080 01 Pre\u0161ov<br><a href=\"tel:+421915852248\">+421 915 852 248<\/a><br><a href=\"mailto:stefanbenej@pssr.sk\">stefanbenej@pssr.sk<\/a>\t\t<\/div>\n\t<\/details>\n\n\t\n\n\n\t<details class=\"govuk-details\" data-module=\"govuk-details\">\n\t\t<summary class=\"govuk-details__summary\">\n\t\t\t<span class=\"govuk-details__summary-text\">\n\t\t\t\tIng. Franti\u0161ek Buj\u0148\u00e1k &#8211; plemen\u00e1rsky zootechnik K\u00da HZ\t\t\t<\/span>\n\t\t<\/summary>\n\t\t<div class=\"govuk-details__text\">\n\t\t\tBayerova 7<br>080 01 Pre\u0161ov<br><a href=\"tel:+421517734623\">+421 51 7734 623<\/a> \/kl. 900<br><a href=\"tel:+421908676337\">+421 908 676 337<\/a><br><a href=\"mailto:frantisekbujnak@pssr.sk\">frantisekbujnak@pssr.sk<\/a>\t\t<\/div>\n\t<\/details>\n\n\t\n\n\n\t<details class=\"govuk-details\" data-module=\"govuk-details\">\n\t\t<summary class=\"govuk-details__summary\">\n\t\t\t<span class=\"govuk-details__summary-text\">\n\t\t\t\tIng. Pavol Telep\u00e1k &#8211; plemen\u00e1rsky zootechnik K\u00da HZ\t\t\t<\/span>\n\t\t<\/summary>\n\t\t<div class=\"govuk-details__text\">\n\t\t\tBayerova 7<br>080 01 Pre\u0161ov<br><a href=\"tel:+421517736423\">+421 51 7736 423<\/a><br><a href=\"tel:+421915852053\">+421 915 852 053<\/a>\t\t<\/div>\n\t<\/details>\n\n\t\n\n\n\t<details class=\"govuk-details\" data-module=\"govuk-details\">\n\t\t<summary class=\"govuk-details__summary\">\n\t\t\t<span class=\"govuk-details__summary-text\">\n\t\t\t\tJ\u00e1n Plasko\u0148 &#8211; plemen\u00e1rsky zootechnik K\u00da HZ\t\t\t<\/span>\n\t\t<\/summary>\n\t\t<div class=\"govuk-details__text\">\n\t\t\tBayerova 7<br>080 01 Pre\u0161ov<br><a href=\"tel:+421517736423\">+421 51 7736 423<\/a><br><a href=\"tel:+421915851633\">+421 915 851 633<\/a>\t\t<\/div>\n\t<\/details>\n\n\t\n\n\n\t<details class=\"govuk-details\" data-module=\"govuk-details\">\n\t\t<summary class=\"govuk-details__summary\">\n\t\t\t<span class=\"govuk-details__summary-text\">\n\t\t\t\tJaroslav \u010ce\u010d\u00e1k &#8211; plemen\u00e1rsky zootechnik K\u00da HZ\t\t\t<\/span>\n\t\t<\/summary>\n\t\t<div class=\"govuk-details__text\">\n\t\t\tBayerova 7<br>080 01 Pre\u0161ov<br><a href=\"tel:+421517736423\">+421 51 7736 423<\/a><br><a href=\"tel:+421915851563\">+421 915 851 563<\/a>\t\t<\/div>\n\t<\/details>\n\n\t\n\n\n\t<details class=\"govuk-details\" data-module=\"govuk-details\">\n\t\t<summary class=\"govuk-details__summary\">\n\t\t\t<span class=\"govuk-details__summary-text\">\n\t\t\t\tJozef Hyriak &#8211; plemen\u00e1rsky zootechnik K\u00da HZ\t\t\t<\/span>\n\t\t<\/summary>\n\t\t<div class=\"govuk-details__text\">\n\t\t\tHrani\u010dn\u00e1 12<br>058 01 Poprad<br><a href=\"tel:+421915851293\">+421 915 851 293<\/a><br><a href=\"mailto:jozefhyriak@pssr.sk\">jozefhyriak@pssr.sk<\/a>\t\t<\/div>\n\t<\/details>\n\n\t\n\n\n\t<details class=\"govuk-details\" data-module=\"govuk-details\">\n\t\t<summary class=\"govuk-details__summary\">\n\t\t\t<span class=\"govuk-details__summary-text\">\n\t\t\t\tMari\u00e1n Kuchta &#8211; plemen\u00e1rsky zootechnik K\u00da HZ\t\t\t<\/span>\n\t\t<\/summary>\n\t\t<div class=\"govuk-details__text\">\n\t\t\tBayerova 7<br>080 01 Pre\u0161ov<br><a href=\"tel:+421915851457\">+421 915 851 457<\/a><br><a href=\"mailto:mariankuchta@pssr.sk\">mariankuchta@pssr.sk<\/a>\t\t<\/div>\n\t<\/details>\n\n\t\n\n\n\t<details class=\"govuk-details\" data-module=\"govuk-details\">\n\t\t<summary class=\"govuk-details__summary\">\n\t\t\t<span class=\"govuk-details__summary-text\">\n\t\t\t\tMichal Pu\u0161k\u00e1r &#8211; plemen\u00e1rsky zootechnik K\u00da HZ\t\t\t<\/span>\n\t\t<\/summary>\n\t\t<div class=\"govuk-details__text\">\n\t\t\tGa\u0161tanov\u00e1 3<br>066 01 Humenn\u00e9<br><a href=\"tel:+421915291894\">+421 915 291 894<\/a><br><a href=\"mailto:michalpuskar@pssr.sk\">michalpuskar@pssr.sk<\/a>\t\t<\/div>\n\t<\/details>\n\n\t\n\n\n\t<details class=\"govuk-details\" data-module=\"govuk-details\">\n\t\t<summary class=\"govuk-details__summary\">\n\t\t\t<span class=\"govuk-details__summary-text\">\n\t\t\t\tIng. Filip Hreha &#8211; plemen\u00e1rsky zootechnik K\u00da HZ\t\t\t<\/span>\n\t\t<\/summary>\n\t\t<div class=\"govuk-details__text\">\n\t\t\tBayerova 7<br>080 01 Pre\u0161ov<br><a href=\"tel:+421517734623\">+421 51 7734 623<\/a><br><a href=\"mailto:filiphreha@pssr.sk\">filiphreha@pssr.sk<\/a>\t\t<\/div>\n\t<\/details>\n\n\t\n\n\n\t<details class=\"govuk-details\" data-module=\"govuk-details\">\n\t\t<summary class=\"govuk-details__summary\">\n\t\t\t<span class=\"govuk-details__summary-text\">\n\t\t\t\tStanislav Hencovsk\u00fd &#8211; plemen\u00e1rsky zootechnik K\u00da HZ\t\t\t<\/span>\n\t\t<\/summary>\n\t\t<div class=\"govuk-details__text\">\n\t\t\tBayerova 7<br>080 01 Pre\u0161ov<br><a href=\"tel:+421908676336\">+421 908 676 336<\/a>\t\t<\/div>\n\t<\/details>\n\n\t\n\n\n\t<details class=\"govuk-details\" data-module=\"govuk-details\">\n\t\t<summary class=\"govuk-details__summary\">\n\t\t\t<span class=\"govuk-details__summary-text\">\n\t\t\t\tD\u00e1vid Vajda &#8211; plemen\u00e1rsky zootechnik K\u00da HZ\t\t\t<\/span>\n\t\t<\/summary>\n\t\t<div class=\"govuk-details__text\">\n\t\t\tPre\u0161ovsk\u00e1 3<br>064 01 Star\u00e1 \u013dubov\u0148a<br><a href=\"tel:+421908676335\">+421 908 676 335<\/a><br><a href=\"mailto:davidvajda@pssr.sk\">davidvajda@pssr.sk<\/a>\t\t<\/div>\n\t<\/details>\n\n\t\n\n\n\t<details class=\"govuk-details\" data-module=\"govuk-details\">\n\t\t<summary class=\"govuk-details__summary\">\n\t\t\t<span class=\"govuk-details__summary-text\">\n\t\t\t\tIveta Biedkov\u00e1 &#8211; ekonomicko administrat\u00edvny pracovn\u00edk\t\t\t<\/span>\n\t\t<\/summary>\n\t\t<div class=\"govuk-details__text\">\n\t\t\tBayerova 7<br>080 01 Pre\u0161ov<br><a href=\"tel:+421517734623\">+421 51 7734 623<\/a><br><a href=\"mailto:ivetabiedkova@pssr.sk\">ivetabiedkova@pssr.sk<\/a>\t\t<\/div>\n\t<\/details>\n\n\t\n\n\n\t<details class=\"govuk-details\" data-module=\"govuk-details\">\n\t\t<summary class=\"govuk-details__summary\">\n\t\t\t<span class=\"govuk-details__summary-text\">\n\t\t\t\tTimotej Moska\u013e &#8211; plemen\u00e1rsky zootechnik K\u00da HZ\t\t\t<\/span>\n\t\t<\/summary>\n\t\t<div class=\"govuk-details__text\">\n\t\t\tBayerova 7<br>080 01 Pre\u0161ov<br><a href=\"tel:+421905235101\">+421 905 235 101<\/a><br><a href=\"mailto:timotejmoskal@pssr.sk\">timotejmoskal@pssr.sk<\/a>\t\t<\/div>\n\t<\/details>\n\n\t\n\n\n\t<details class=\"govuk-details\" data-module=\"govuk-details\">\n\t\t<summary class=\"govuk-details__summary\">\n\t\t\t<span class=\"govuk-details__summary-text\">\n\t\t\t\tIng. Tom\u00e1\u0161 Kitz &#8211; plemen\u00e1rsky zootechnik K\u00da HZ\t\t\t<\/span>\n\t\t<\/summary>\n\t\t<div class=\"govuk-details__text\">\n\t\t\tHrani\u010dn\u00e1 12<br>058 01 Poprad<br><a href=\"tel:+421908676332\">+421 908 676 332<\/a><br><a href=\"mailto:tomaskitz@pssr.sk\">tomaskitz@pssr.sk<\/a>\t\t<\/div>\n\t<\/details>\n\n\t\n\n\n\t<details class=\"govuk-details\" data-module=\"govuk-details\">\n\t\t<summary class=\"govuk-details__summary\">\n\t\t\t<span class=\"govuk-details__summary-text\">\n\t\t\t\tVikt\u00f3ria Andrekov\u00e1 &#8211; fakturant &#8211; \u00fa\u010dtovn\u00edk\t\t\t<\/span>\n\t\t<\/summary>\n\t\t<div class=\"govuk-details__text\">\n\t\t\tBayerova 7<br>080 01 Pre\u0161ov<br><a href=\"tel:+421517734623\">+421 51 7734 623<\/a> \/kl.901<br><a href=\"mailto:viktoriaandrekova@pssr.sk\">viktoriaandrekova@pssr.sk<\/a>\t\t<\/div>\n\t<\/details>\n\n\t\n\n\n\t<details class=\"govuk-details\" data-module=\"govuk-details\">\n\t\t<summary class=\"govuk-details__summary\">\n\t\t\t<span class=\"govuk-details__summary-text\">\n\t\t\t\tTom\u00e1\u0161 Kovka &#8211; Plemen\u00e1rsky zootechnik K\u00da HZ\t\t\t<\/span>\n\t\t<\/summary>\n\t\t<div class=\"govuk-details__text\">\n\t\t\tBayerova 7<br>080 01 Pre\u0161ov<br><a href=\"tel:+421915850998\">+421 915 850 998<\/a><br><a href=\"mailto:tomaskovka@pssr.sk\">tomaskovka@pssr.sk<\/a>\t\t<\/div>\n\t<\/details>\n\n\t\n\n\n\t<details class=\"govuk-details\" data-module=\"govuk-details\">\n\t\t<summary class=\"govuk-details__summary\">\n\t\t\t<span class=\"govuk-details__summary-text\">\n\t\t\t\tLuk\u00e1\u0161 Kovka &#8211; Plemen\u00e1rsky zootechnik K\u00da HZ\t\t\t<\/span>\n\t\t<\/summary>\n\t\t<div class=\"govuk-details__text\">\n\t\t\tBayerova 7<br>080 01 Pre\u0161ov<br><a href=\"tel:+421905700957\">+421 905 700 957<\/a><br><a href=\"mailto:lukaskovka@pssr.sk\">lukaskovka@pssr.sk<\/a>\t\t<\/div>\n\t<\/details>\n\n\t","protected":false},"excerpt":{"rendered":"<p>Plemen\u00e1rske slu\u017eby SR, \u0161.p. Bayerov\u00e1 7080 01 Pre\u0161ov+421 51 7734 624mapa podniku: mapa email: regionpo@pssr.skpresov@pssr.sk Str\u00e1nkov\u00e9 dni<\/p>\n","protected":false},"author":1,"featured_media":0,"parent":0,"menu_order":0,"comment_status":"closed","ping_status":"closed","template":"","meta":{"footnotes":""},"class_list":["post-483","page","type-page","status-publish","hentry"],"_links":{"self":[{"href":"http:\/\/web2.pssr.sk\/index.php\/wp-json\/wp\/v2\/pages\/483","targetHints":{"allow":["GET"]}}],"collection":[{"href":"http:\/\/web2.pssr.sk\/index.php\/wp-json\/wp\/v2\/pages"}],"about":[{"href":"http:\/\/web2.pssr.sk\/index.php\/wp-json\/wp\/v2\/types\/page"}],"author":[{"embeddable":true,"href":"http:\/\/web2.pssr.sk\/index.php\/wp-json\/wp\/v2\/users\/1"}],"replies":[{"embeddable":true,"href":"http:\/\/web2.pssr.sk\/index.php\/wp-json\/wp\/v2\/comments?post=483"}],"version-history":[{"count":36,"href":"http:\/\/web2.pssr.sk\/index.php\/wp-json\/wp\/v2\/pages\/483\/revisions"}],"predecessor-version":[{"id":1136,"href":"http:\/\/web2.pssr.sk\/index.php\/wp-json\/wp\/v2\/pages\/483\/revisions\/1136"}],"wp:attachment":[{"href":"http:\/\/web2.pssr.sk\/index.php\/wp-json\/wp\/v2\/media?parent=483"}],"curies":[{"name":"wp","href":"https:\/\/api.w.org\/{rel}","templated":true}]}}