{"id":626,"date":"2026-03-12T06:19:32","date_gmt":"2026-03-12T06:19:32","guid":{"rendered":"http:\/\/web2.pssr.sk\/?page_id=626"},"modified":"2026-03-14T07:38:37","modified_gmt":"2026-03-14T07:38:37","slug":"centralny-register","status":"publish","type":"page","link":"http:\/\/web2.pssr.sk\/index.php\/sk\/centralny-register\/","title":{"rendered":"Centr\u00e1lny register hospod\u00e1rskych zvierat"},"content":{"rendered":"\n<h3 class=\"wp-block-heading\">Plemen\u00e1rske slu\u017eby Slovenskej republiky, \u0161.p.<\/h3>\n\n\n\n<p>Rosinsk\u00e1 cesta 12<br>010 08 \u017dilina<br><a href=\"tel:+421415073744\">+421 41 5073 744<\/a><br>mapa podniku: <a href=\"https:\/\/maps.app.goo.gl\/eLMAKUd8RQiiHNEG9\">mapa<\/a><br>e-mail: <a href=\"mailto:crhz@pssr.sk\">crhz@pssr.sk<\/a><\/p>\n\n\n\n<hr class=\"wp-block-separator has-alpha-channel-opacity\"\/>\n\n\n\n\t<details class=\"govuk-details\" data-module=\"govuk-details\">\n\t\t<summary class=\"govuk-details__summary\">\n\t\t\t<span class=\"govuk-details__summary-text\">\n\t\t\t\tInform\u00e1cie pre chovate\u013eov Hotline Centr\u00e1lny register hospod\u00e1rskych zvierat\t\t\t<\/span>\n\t\t<\/summary>\n\t\t<div class=\"govuk-details__text\">\n\t\t\t<a href=\"tel:+421415073744\">+421 41 5073 744<\/a> \u201ehotline slu\u017eba pre verejnos\u0165\u201c od 8:00 do 15:00 hod.<br><br>Rosinsk\u00e1 cesta 12<br>010 08 \u017dilina<br><a href=\"tel:+421415073744\">+421 41 5073 744<\/a><br><a href=\"mailto:crhz@pssr.sk\">crhz@pssr.sk<\/a>\t\t<\/div>\n\t<\/details>\n\n\t\n\n\n\t<details class=\"govuk-details\" data-module=\"govuk-details\">\n\t\t<summary class=\"govuk-details__summary\">\n\t\t\t<span class=\"govuk-details__summary-text\">\n\t\t\t\tInform\u00e1cie pre chovate\u013eov &#8211; KONE\t\t\t<\/span>\n\t\t<\/summary>\n\t\t<div class=\"govuk-details__text\">\n\t\t\t<a href=\"tel:+421415073744\">+421 41 5073 744<\/a> \u201ehotline slu\u017eba pre verejnos\u0165\u201c od 8:00 do 15:00 hod.<br><br>\u013dubica Mi\u010dencov\u00e1<br>Rosinsk\u00e1 cesta 12<br>010 08 \u017dilina<br><a href=\"tel:+421415073744\">+421 41 5073 744<\/a><br><a href=\"mailto:lubicamicencova@pssr.sk\">lubicamicencova@pssr.sk<\/a>\t\t<\/div>\n\t<\/details>\n\n\t\n\n\n\t<details class=\"govuk-details\" data-module=\"govuk-details\">\n\t\t<summary class=\"govuk-details__summary\">\n\t\t\t<span class=\"govuk-details__summary-text\">\n\t\t\t\tInform\u00e1cie pre chovate\u013eov &#8211; V\u010cELY\t\t\t<\/span>\n\t\t<\/summary>\n\t\t<div class=\"govuk-details__text\">\n\t\t\t<a href=\"tel:+421415073744\">+421 41 5073 744<\/a> \u201ehotline slu\u017eba pre verejnos\u0165\u201c od 8:00 do 15:00 hod.<br><br>Rosinsk\u00e1 cesta 12<br>010 08 \u017dilina<br><a href=\"tel:+421415073744\">+421 41 5073 744<\/a><br><a href=\"mailto:vcelycrhz@pssr.sk\">vcelycrhz@pssr.sk<\/a><br>\t\t<\/div>\n\t<\/details>\n\n\t\n\n\n\t<details class=\"govuk-details\" data-module=\"govuk-details\">\n\t\t<summary class=\"govuk-details__summary\">\n\t\t\t<span class=\"govuk-details__summary-text\">\n\t\t\t\tIng. Martin Toma\u0161ovi\u010d &#8211; ved\u00faci CRHZ\t\t\t<\/span>\n\t\t<\/summary>\n\t\t<div class=\"govuk-details__text\">\n\t\t\t<strong>Centr\u00e1lny register hospod\u00e1rskych zvierat<\/strong><br>Rosinsk\u00e1 cesta 12<br>010 08 \u017dilina<br><a href=\"tel:+421415073762\">+421 41 5073 762<\/a> \/kl. 713<br><a href=\"tel:+421917588668\">+421 917 588 668<\/a><br><a href=\"mailto:martintomasovic@pssr.sk\">martintomasovic@pssr.sk<\/a>\t\t<\/div>\n\t<\/details>\n\n\t\n\n\n\t<details class=\"govuk-details\" data-module=\"govuk-details\">\n\t\t<summary class=\"govuk-details__summary\">\n\t\t\t<span class=\"govuk-details__summary-text\">\n\t\t\t\tIng. Jozef P\u00e1len\u00edk &#8211; z\u00e1stupca ved\u00faceho CRHZ\t\t\t<\/span>\n\t\t<\/summary>\n\t\t<div class=\"govuk-details__text\">\n\t\t\t<strong>Centr\u00e1lny register hospod\u00e1rskych zvierat<\/strong><br>Rosinsk\u00e1 cesta 12<br>010 08 \u017dilina<br><a href=\"tel:00421915851362\">+421 915 851 362<\/a><br><a href=\"mailto:jozefpalenik@pssr.sk\">jozefpalenik@pssr.sk<\/a>\t\t<\/div>\n\t<\/details>\n\n\t\n\n\n\t<details class=\"govuk-details\" data-module=\"govuk-details\">\n\t\t<summary class=\"govuk-details__summary\">\n\t\t\t<span class=\"govuk-details__summary-text\">\n\t\t\t\tJanka Bar\u010d\u00e1kov\u00e1 &#8211; referent kontroly CRHZ\t\t\t<\/span>\n\t\t<\/summary>\n\t\t<div class=\"govuk-details__text\">\n\t\t\t<strong>Centr\u00e1lny register hospod\u00e1rskych zvierat<\/strong><br>Rosinsk\u00e1 cesta 12<br>010 08 \u017dilina<br><a href=\"tel:+421415073745\">+421 41 5073 745<\/a> \/kl. 723<br><a href=\"mailto:janabarcakova@pssr.sk\">janabarcakova@pssr.sk<\/a>\t\t<\/div>\n\t<\/details>\n\n\t","protected":false},"excerpt":{"rendered":"<p>Plemen\u00e1rske slu\u017eby Slovenskej republiky, \u0161.p. Rosinsk\u00e1 cesta 12010 08 \u017dilina+421 41 5073 744mapa podniku: mapae-mail: crhz@pssr.sk<\/p>\n","protected":false},"author":1,"featured_media":0,"parent":0,"menu_order":0,"comment_status":"closed","ping_status":"closed","template":"","meta":{"footnotes":""},"class_list":["post-626","page","type-page","status-publish","hentry"],"_links":{"self":[{"href":"http:\/\/web2.pssr.sk\/index.php\/wp-json\/wp\/v2\/pages\/626","targetHints":{"allow":["GET"]}}],"collection":[{"href":"http:\/\/web2.pssr.sk\/index.php\/wp-json\/wp\/v2\/pages"}],"about":[{"href":"http:\/\/web2.pssr.sk\/index.php\/wp-json\/wp\/v2\/types\/page"}],"author":[{"embeddable":true,"href":"http:\/\/web2.pssr.sk\/index.php\/wp-json\/wp\/v2\/users\/1"}],"replies":[{"embeddable":true,"href":"http:\/\/web2.pssr.sk\/index.php\/wp-json\/wp\/v2\/comments?post=626"}],"version-history":[{"count":9,"href":"http:\/\/web2.pssr.sk\/index.php\/wp-json\/wp\/v2\/pages\/626\/revisions"}],"predecessor-version":[{"id":809,"href":"http:\/\/web2.pssr.sk\/index.php\/wp-json\/wp\/v2\/pages\/626\/revisions\/809"}],"wp:attachment":[{"href":"http:\/\/web2.pssr.sk\/index.php\/wp-json\/wp\/v2\/media?parent=626"}],"curies":[{"name":"wp","href":"https:\/\/api.w.org\/{rel}","templated":true}]}}