{"id":641,"date":"2026-03-12T06:38:08","date_gmt":"2026-03-12T06:38:08","guid":{"rendered":"http:\/\/web2.pssr.sk\/?page_id=641"},"modified":"2026-03-12T06:59:44","modified_gmt":"2026-03-12T06:59:44","slug":"distribucne-centrum","status":"publish","type":"page","link":"http:\/\/web2.pssr.sk\/index.php\/sk\/distribucne-centrum\/","title":{"rendered":"Distribu\u010dn\u00e9 centrum"},"content":{"rendered":"\n<div class=\"wp-block-columns is-layout-flex wp-container-core-columns-is-layout-9d6595d7 wp-block-columns-is-layout-flex\">\n<div class=\"wp-block-column is-layout-flow wp-block-column-is-layout-flow\">\n<h3 class=\"wp-block-heading\">Objedn\u00e1vka u\u0161n\u00fdch zna\u010diek &#8211; s\u00e9ria<\/h3>\n\n\n\n<p>Vytv\u00e1ranie objedn\u00e1vok plastov\u00fdch u\u0161n\u00fdch zna\u010diek a ostatn\u00e9ho ozna\u010dovacieho materi\u00e1lu sl\u00fa\u017eiaceho pre trval\u00fa identifik\u00e1ciu hospod\u00e1rskych zvierat prostredn\u00edctvom formul\u00e1rov. Vytvoren\u00e9 objedn\u00e1vky zasielajte na mailov\u00fa adresu distribucia@pssr.sk<\/p>\n\n\n\n<p>V pr\u00edpade, \u017ee m\u00e1te vytvoren\u00fd pr\u00edstup do syst\u00e9mu centr\u00e1lneho registra hospod\u00e1rskych zvierat pou\u017eite online generovanie objedn\u00e1vok n\u00e1hradn\u00fdch u\u0161n\u00fdch zna\u010diek \u2013 <a href=\"http:\/\/www.crhz.sk\">www.crhz.sk<\/a><\/p>\n\n\n\n\t<a href=\"https:\/\/pssr.sk\/wp-content\/uploads\/cehz\/subory\/distribucne_centrum\/ObjednavkyUZ_serie.pdf\"  role=\"button\" draggable=\"false\"\t\tclass=\"govuk-button \"\n\t\tdata-module=\"govuk-button\"\n\t>\n\t\tObjedna\u0165\t<\/a>\n\n\t<\/div>\n\n\n\n<div class=\"wp-block-column is-layout-flow wp-block-column-is-layout-flow\">\n<h3 class=\"wp-block-heading\">Objedn\u00e1vka u\u0161n\u00fdch zna\u010diek &#8211; n\u00e1hradn\u00e9<\/h3>\n\n\n\n<p>Vytv\u00e1ranie objedn\u00e1vok plastov\u00fdch u\u0161n\u00fdch zna\u010diek a ostatn\u00e9ho ozna\u010dovacieho materi\u00e1lu sl\u00fa\u017eiaceho pre trval\u00fa identifik\u00e1ciu hospod\u00e1rskych zvierat prostredn\u00edctvom formul\u00e1rov. Vytvoren\u00e9 objedn\u00e1vky zasielajte na mailov\u00fa adresu distribucia@pssr.sk<\/p>\n\n\n\n<p>V pr\u00edpade, \u017ee m\u00e1te vytvoren\u00fd pr\u00edstup do syst\u00e9mu centr\u00e1lneho registra hospod\u00e1rskych zvierat pou\u017eite online generovanie objedn\u00e1vok n\u00e1hradn\u00fdch u\u0161n\u00fdch zna\u010diek \u2013 <a href=\"http:\/\/www.crhz.sk\">www.crhz.sk<\/a><\/p>\n\n\n\n\t<a href=\"https:\/\/pssr.sk\/wp-content\/uploads\/cehz\/subory\/distribucne_centrum\/ObjednavkyUZ_nahradne.pdf\"  role=\"button\" draggable=\"false\"\t\tclass=\"govuk-button \"\n\t\tdata-module=\"govuk-button\"\n\t>\n\t\tObjedna\u0165\t<\/a>\n\n\t<\/div>\n<\/div>\n\n\n\n<hr class=\"wp-block-separator has-alpha-channel-opacity\"\/>\n\n\n\n<p><a href=\"https:\/\/pssr.sk\/wp-content\/uploads\/cehz\/subory\/distribucne_centrum\/oznacovaci_material.pdf\">Sortiment ozna\u010dovacieho materi\u00e1lu<\/a><\/p>\n\n\n\n<p><\/p>\n","protected":false},"excerpt":{"rendered":"<p>Objedn\u00e1vka u\u0161n\u00fdch zna\u010diek &#8211; s\u00e9ria Vytv\u00e1ranie objedn\u00e1vok plastov\u00fdch u\u0161n\u00fdch zna\u010diek a ostatn\u00e9ho ozna\u010dovacieho materi\u00e1lu sl\u00fa\u017eiaceho pre trval\u00fa identifik\u00e1ciu hospod\u00e1rskych zvierat prostredn\u00edctvom formul\u00e1rov. Vytvoren\u00e9 objedn\u00e1vky zasielajte na mailov\u00fa adresu distribucia@pssr.sk V pr\u00edpade, \u017ee m\u00e1te vytvoren\u00fd pr\u00edstup do syst\u00e9mu centr\u00e1lneho registra hospod\u00e1rskych zvierat pou\u017eite online generovanie objedn\u00e1vok n\u00e1hradn\u00fdch u\u0161n\u00fdch zna\u010diek \u2013 www.crhz.sk Objedn\u00e1vka u\u0161n\u00fdch zna\u010diek &#8211; n\u00e1hradn\u00e9&#8230;<\/p>\n","protected":false},"author":1,"featured_media":0,"parent":0,"menu_order":0,"comment_status":"closed","ping_status":"closed","template":"","meta":{"footnotes":""},"class_list":["post-641","page","type-page","status-publish","hentry"],"_links":{"self":[{"href":"http:\/\/web2.pssr.sk\/index.php\/wp-json\/wp\/v2\/pages\/641","targetHints":{"allow":["GET"]}}],"collection":[{"href":"http:\/\/web2.pssr.sk\/index.php\/wp-json\/wp\/v2\/pages"}],"about":[{"href":"http:\/\/web2.pssr.sk\/index.php\/wp-json\/wp\/v2\/types\/page"}],"author":[{"embeddable":true,"href":"http:\/\/web2.pssr.sk\/index.php\/wp-json\/wp\/v2\/users\/1"}],"replies":[{"embeddable":true,"href":"http:\/\/web2.pssr.sk\/index.php\/wp-json\/wp\/v2\/comments?post=641"}],"version-history":[{"count":7,"href":"http:\/\/web2.pssr.sk\/index.php\/wp-json\/wp\/v2\/pages\/641\/revisions"}],"predecessor-version":[{"id":653,"href":"http:\/\/web2.pssr.sk\/index.php\/wp-json\/wp\/v2\/pages\/641\/revisions\/653"}],"wp:attachment":[{"href":"http:\/\/web2.pssr.sk\/index.php\/wp-json\/wp\/v2\/media?parent=641"}],"curies":[{"name":"wp","href":"https:\/\/api.w.org\/{rel}","templated":true}]}}