{"id":777,"date":"2026-03-13T12:56:11","date_gmt":"2026-03-13T12:56:11","guid":{"rendered":"http:\/\/web2.pssr.sk\/index.php\/cookies\/"},"modified":"2026-03-13T13:08:46","modified_gmt":"2026-03-13T13:08:46","slug":"cookies","status":"publish","type":"page","link":"http:\/\/web2.pssr.sk\/index.php\/sk\/cookies\/","title":{"rendered":"Ozn\u00e1menie o pou\u017e\u00edvan\u00ed s\u00faborov cookies"},"content":{"rendered":"\n<h2 class=\"wp-block-heading\">\u010co s\u00fa s\u00fabory cookies?<\/h2>\n\n\n\n<p>S\u00fabory cookies s\u00fa mal\u00e9 textov\u00e9 s\u00fabory, ktor\u00e9 webov\u00e1 str\u00e1nka uklad\u00e1 do v\u00e1\u0161ho zariadenia (po\u010d\u00edta\u010d, tablet, mobiln\u00fd telef\u00f3n) pri jej n\u00e1v\u0161teve. Cookies umo\u017e\u0148uj\u00fa str\u00e1nke zapam\u00e4ta\u0165 si va\u0161e nastavenia a preferencie po\u010das n\u00e1v\u0161tevy alebo medzi n\u00e1v\u0161tevami.<\/p>\n\n\n\n<h2 class=\"wp-block-heading\">Ak\u00e9 cookies t\u00e1to str\u00e1nka pou\u017e\u00edva?<\/h2>\n\n\n\n<p>T\u00e1to webov\u00e1 str\u00e1nka pou\u017e\u00edva v\u00fdlu\u010dne technicky nevyhnutn\u00e9 s\u00fabory cookies. Tieto cookies s\u00fa potrebn\u00e9 na zabezpe\u010denie z\u00e1kladn\u00fdch funkci\u00ed str\u00e1nky a bez nich by str\u00e1nka nemohla spr\u00e1vne fungova\u0165.<\/p>\n\n\n\n<p>\u00da\u010del: Uklad\u00e1 zvolen\u00fd jazyk n\u00e1v\u0161tevn\u00edka (sloven\u010dina \/ angli\u010dtina), aby str\u00e1nka zobrazovala obsah v spr\u00e1vnom jazyku pri ka\u017edej n\u00e1v\u0161teve.<br>Typ: Funk\u010dn\u00e1 (technicky nevyhnutn\u00e1)<br><\/p>\n\n\n\n<h2 class=\"wp-block-heading\">Je potrebn\u00fd v\u00e1\u0161 s\u00fahlas?<\/h2>\n\n\n\n<p>Technicky nevyhnutn\u00e9 s\u00fabory cookies nevy\u017eaduj\u00fa v\u00e1\u0161 s\u00fahlas pod\u013ea nariadenia GDPR. Tieto inform\u00e1cie nie je mo\u017en\u00e9 prepoji\u0165 so \u017eiadnou konkr\u00e9tnou osobou. <\/p>\n\n\n\n<p>N\u00e1v\u0161tevou tohto webov\u00e9ho s\u00eddla s\u00fahlas\u00edte s pou\u017e\u00edvan\u00edm s\u00faborov cookies v rozsahu uvedenom v tomto Ozn\u00e1men\u00ed o pou\u017e\u00edvan\u00ed s\u00faborov cookies. Cookies nevyhnutn\u00e9 pre beh str\u00e1nky sa ma\u017e\u00fa pri zatvoren\u00ed prehliada\u010da (session ID). V\u0161etky tieto \u00fadaje s\u00fa celkom anonymn\u00e9 a nie s\u00fa pou\u017e\u00edvan\u00e9 k in\u00fdm \u00fa\u010delom.<\/p>\n\n\n\n<p>Toto Ozn\u00e1menie o pou\u017e\u00edvan\u00ed s\u00faborov cookies m\u00f4\u017ee by\u0165 upraven\u00e9 alebo doplnen\u00e9. Odpor\u00fa\u010dame V\u00e1m pravidelne kontrolova\u0165 toto Ozn\u00e1menie o pou\u017e\u00edvan\u00ed s\u00faborov cookies, aby ste mali preh\u013ead o tom, ak\u00fdm sp\u00f4sobom s\u00fabory cookies pou\u017e\u00edvame.<\/p>\n\n\n\n<h2 class=\"wp-block-heading\">Ako m\u00f4\u017eete cookies spravova\u0165?<\/h2>\n\n\n\n<p>S\u00fabory cookies m\u00f4\u017eete kedyko\u013evek vymaza\u0165 alebo zablokova\u0165 priamo v nastaveniach v\u00e1\u0161ho prehliada\u010da. Upozor\u0148ujeme v\u0161ak, \u017ee zablokovanie funk\u010dn\u00fdch cookies m\u00f4\u017ee ovplyvni\u0165 spr\u00e1vne fungovanie niektor\u00fdch funkci\u00ed str\u00e1nky, napr\u00edklad zapam\u00e4tanie zvolen\u00e9ho jazyka.<\/p>\n\n\n\n<p><\/p>\n","protected":false},"excerpt":{"rendered":"<p>\u010co s\u00fa s\u00fabory cookies? S\u00fabory cookies s\u00fa mal\u00e9 textov\u00e9 s\u00fabory, ktor\u00e9 webov\u00e1 str\u00e1nka uklad\u00e1 do v\u00e1\u0161ho zariadenia (po\u010d\u00edta\u010d, tablet, mobiln\u00fd telef\u00f3n) pri jej n\u00e1v\u0161teve. Cookies umo\u017e\u0148uj\u00fa str\u00e1nke zapam\u00e4ta\u0165 si va\u0161e nastavenia a preferencie po\u010das n\u00e1v\u0161tevy alebo medzi n\u00e1v\u0161tevami. Ak\u00e9 cookies t\u00e1to str\u00e1nka pou\u017e\u00edva? T\u00e1to webov\u00e1 str\u00e1nka pou\u017e\u00edva v\u00fdlu\u010dne technicky nevyhnutn\u00e9 s\u00fabory cookies. Tieto cookies s\u00fa&#8230;<\/p>\n","protected":false},"author":1,"featured_media":0,"parent":0,"menu_order":0,"comment_status":"closed","ping_status":"closed","template":"","meta":{"footnotes":""},"class_list":["post-777","page","type-page","status-publish","hentry"],"_links":{"self":[{"href":"http:\/\/web2.pssr.sk\/index.php\/wp-json\/wp\/v2\/pages\/777","targetHints":{"allow":["GET"]}}],"collection":[{"href":"http:\/\/web2.pssr.sk\/index.php\/wp-json\/wp\/v2\/pages"}],"about":[{"href":"http:\/\/web2.pssr.sk\/index.php\/wp-json\/wp\/v2\/types\/page"}],"author":[{"embeddable":true,"href":"http:\/\/web2.pssr.sk\/index.php\/wp-json\/wp\/v2\/users\/1"}],"replies":[{"embeddable":true,"href":"http:\/\/web2.pssr.sk\/index.php\/wp-json\/wp\/v2\/comments?post=777"}],"version-history":[{"count":2,"href":"http:\/\/web2.pssr.sk\/index.php\/wp-json\/wp\/v2\/pages\/777\/revisions"}],"predecessor-version":[{"id":781,"href":"http:\/\/web2.pssr.sk\/index.php\/wp-json\/wp\/v2\/pages\/777\/revisions\/781"}],"wp:attachment":[{"href":"http:\/\/web2.pssr.sk\/index.php\/wp-json\/wp\/v2\/media?parent=777"}],"curies":[{"name":"wp","href":"https:\/\/api.w.org\/{rel}","templated":true}]}}