{"id":874,"date":"2026-03-19T11:28:35","date_gmt":"2026-03-19T11:28:35","guid":{"rendered":"http:\/\/web2.pssr.sk\/?page_id=874"},"modified":"2026-03-19T11:31:26","modified_gmt":"2026-03-19T11:31:26","slug":"organisational-structure","status":"publish","type":"page","link":"http:\/\/web2.pssr.sk\/index.php\/en\/organisational-structure\/","title":{"rendered":"Organisational Structure"},"content":{"rendered":"\n<figure class=\"wp-block-image\"><img decoding=\"async\" src=\"http:\/\/web2.pssr.sk\/wp-content\/uploads\/org_struktura.svg\" alt=\"Organisational Structure of PSSR\"\/><\/figure>\n\n\n\n\t<hr class=\"idsk-hr-separator govuk-!-margin-bottom-6\" \/>\n\n\t\n\n\n<div class=\"wp-block-columns is-layout-flex wp-container-core-columns-is-layout-9d6595d7 wp-block-columns-is-layout-flex\">\n<div class=\"wp-block-column is-layout-flow wp-block-column-is-layout-flow\" style=\"flex-basis:66.66%\">\n<h3 class=\"wp-block-heading\">Company Management:<\/h3>\n\n\n\n<p><strong>Ing. P\u00e9ter G\u00f6r\u00f6zdi<\/strong><br>Director<br>Staroh\u00e1jska 29<br>852 27 Bratislava<\/p>\n\n\n\n<p><a href=\"tel:+421905444607\">+421 905 444 607<\/a><br><a href=\"mailto:petergorozdi@pssr.sk\">petergorozdi@pssr.sk<\/a><\/p>\n\n\n\n<hr class=\"wp-block-separator has-alpha-channel-opacity\"\/>\n\n\n\n<p><strong>Ing. Marta Dianov\u00e1<\/strong><br>Head of the Breeding Biology Division, Deputy Director<br>Staroh\u00e1jska 29<br>852 27 Bratislava<\/p>\n\n\n\n<p><a href=\"tel:+421908719115\">+421 908 719 115<\/a><br><a href=\"mailto:martadianova@pssr.sk\">martadianova@pssr.sk<\/a><\/p>\n<\/div>\n\n\n\n<div class=\"wp-block-column is-layout-flow wp-block-column-is-layout-flow\" style=\"flex-basis:33.33%\">\n<h3 class=\"wp-block-heading\">Company Information:<\/h3>\n\n\n\n<p><strong>Business Name:<\/strong> The Breeding Services of the Slovak Republic, state enterprise<br><strong>Registered Office:<\/strong> Staroh\u00e1jska 29, Bratislava 852 27<br><strong>ID No.:<\/strong> 36 856 096<br><strong>Legal Form:<\/strong> State Enterprise<br><strong>File No.:<\/strong> 426\/B<\/p>\n\n\n\n<p><a href=\"http:\/\/www.orsr.sk\/vypis.asp?ID=117083&amp;SID=2&amp;P=1\" target=\"_blank\" rel=\"noreferrer noopener\">Extract from the Commercial Register<\/a><\/p>\n<\/div>\n<\/div>\n\n\n\n<p><\/p>\n","protected":false},"excerpt":{"rendered":"<p>Company Management: Ing. P\u00e9ter G\u00f6r\u00f6zdiDirectorStaroh\u00e1jska 29852 27 Bratislava +421 905 444 607petergorozdi@pssr.sk Ing. Marta Dianov\u00e1Head of the Breeding Biology Division, Deputy DirectorStaroh\u00e1jska 29852 27 Bratislava +421 908 719 115martadianova@pssr.sk Company Information: Business Name: The Breeding Services of the Slovak Republic, state enterpriseRegistered Office: Staroh\u00e1jska 29, Bratislava 852 27ID No.: 36 856 096Legal Form: State EnterpriseFile&#8230;<\/p>\n","protected":false},"author":1,"featured_media":0,"parent":0,"menu_order":0,"comment_status":"closed","ping_status":"closed","template":"","meta":{"footnotes":""},"class_list":["post-874","page","type-page","status-publish","hentry"],"_links":{"self":[{"href":"http:\/\/web2.pssr.sk\/index.php\/wp-json\/wp\/v2\/pages\/874","targetHints":{"allow":["GET"]}}],"collection":[{"href":"http:\/\/web2.pssr.sk\/index.php\/wp-json\/wp\/v2\/pages"}],"about":[{"href":"http:\/\/web2.pssr.sk\/index.php\/wp-json\/wp\/v2\/types\/page"}],"author":[{"embeddable":true,"href":"http:\/\/web2.pssr.sk\/index.php\/wp-json\/wp\/v2\/users\/1"}],"replies":[{"embeddable":true,"href":"http:\/\/web2.pssr.sk\/index.php\/wp-json\/wp\/v2\/comments?post=874"}],"version-history":[{"count":2,"href":"http:\/\/web2.pssr.sk\/index.php\/wp-json\/wp\/v2\/pages\/874\/revisions"}],"predecessor-version":[{"id":876,"href":"http:\/\/web2.pssr.sk\/index.php\/wp-json\/wp\/v2\/pages\/874\/revisions\/876"}],"wp:attachment":[{"href":"http:\/\/web2.pssr.sk\/index.php\/wp-json\/wp\/v2\/media?parent=874"}],"curies":[{"name":"wp","href":"https:\/\/api.w.org\/{rel}","templated":true}]}}