{"id":947,"date":"2026-03-23T07:32:58","date_gmt":"2026-03-23T07:32:58","guid":{"rendered":"http:\/\/web2.pssr.sk\/?page_id=947"},"modified":"2026-03-23T07:33:58","modified_gmt":"2026-03-23T07:33:58","slug":"central-register","status":"publish","type":"page","link":"http:\/\/web2.pssr.sk\/index.php\/en\/central-register\/","title":{"rendered":"Central register"},"content":{"rendered":"\n<h3 class=\"wp-block-heading\">The Breeding Services of the Slovak Republic, s.e.<\/h3>\n\n\n\n<p>Rosinsk\u00e1 cesta 12<br>010 08 \u017dilina<br><a href=\"tel:+421415073744\">+421 41 5073 744<\/a><br>company map: <a href=\"https:\/\/maps.app.goo.gl\/eLMAKUd8RQiiHNEG9\">map<\/a><br>e-mail: <a href=\"mailto:crhz@pssr.sk\">crhz@pssr.sk<\/a><\/p>\n\n\n\n<hr class=\"wp-block-separator has-alpha-channel-opacity\"\/>\n\n\n\n\t<details class=\"govuk-details\" data-module=\"govuk-details\">\n\t\t<summary class=\"govuk-details__summary\">\n\t\t\t<span class=\"govuk-details__summary-text\">\n\t\t\t\tInformation for Breeders \u2013 Hotline Central Register of Farm Animals\t\t\t<\/span>\n\t\t<\/summary>\n\t\t<div class=\"govuk-details__text\">\n\t\t\t<a href=\"tel:+421415073744\">+421 41 5073 744<\/a> \u201epublic hotline service\u201c from 8:00 to 15:00<br><br>Rosinsk\u00e1 cesta 12<br>010 08 \u017dilina<br><a href=\"tel:+421415073744\">+421 41 5073 744<\/a><br><a href=\"mailto:crhz@pssr.sk\">crhz@pssr.sk<\/a>\t\t<\/div>\n\t<\/details>\n\n\t\n\n\n\t<details class=\"govuk-details\" data-module=\"govuk-details\">\n\t\t<summary class=\"govuk-details__summary\">\n\t\t\t<span class=\"govuk-details__summary-text\">\n\t\t\t\tInformation for Breeders \u2013 HORSES\t\t\t<\/span>\n\t\t<\/summary>\n\t\t<div class=\"govuk-details__text\">\n\t\t\t<a href=\"tel:+421415073744\">+421 41 5073 744<\/a> \u201epublic hotline service\u201c from 8:00 to 15:00<br><br>\u013dubica Mi\u010dencov\u00e1<br>Rosinsk\u00e1 cesta 12<br>010 08 \u017dilina<br><a href=\"tel:+421415073744\">+421 41 5073 744<\/a><br><a href=\"mailto:lubicamicencova@pssr.sk\">lubicamicencova@pssr.sk<\/a>\t\t<\/div>\n\t<\/details>\n\n\t\n\n\n\t<details class=\"govuk-details\" data-module=\"govuk-details\">\n\t\t<summary class=\"govuk-details__summary\">\n\t\t\t<span class=\"govuk-details__summary-text\">\n\t\t\t\tInformation for Breeders \u2013 BEES\t\t\t<\/span>\n\t\t<\/summary>\n\t\t<div class=\"govuk-details__text\">\n\t\t\t<a href=\"tel:+421415073744\">+421 41 5073 744<\/a> \u201epublic hotline service\u201c from 8:00 to 15:00<br><br>Rosinsk\u00e1 cesta 12<br>010 08 \u017dilina<br><a href=\"tel:+421415073744\">+421 41 5073 744<\/a><br><a href=\"mailto:vcelycrhz@pssr.sk\">vcelycrhz@pssr.sk<\/a><br>\t\t<\/div>\n\t<\/details>\n\n\t\n\n\n\t<details class=\"govuk-details\" data-module=\"govuk-details\">\n\t\t<summary class=\"govuk-details__summary\">\n\t\t\t<span class=\"govuk-details__summary-text\">\n\t\t\t\tIng. Martin Toma\u0161ovi\u010d \u2013 Head of Central Register\t\t\t<\/span>\n\t\t<\/summary>\n\t\t<div class=\"govuk-details__text\">\n\t\t\t<strong>Central Register of Farm Animals<\/strong><br>Rosinsk\u00e1 cesta 12<br>010 08 \u017dilina<br><a href=\"tel:+421415073762\">+421 41 5073 762<\/a> \/ext. 713<br><a href=\"tel:+421917588668\">+421 917 588 668<\/a><br><a href=\"mailto:martintomasovic@pssr.sk\">martintomasovic@pssr.sk<\/a>\t\t<\/div>\n\t<\/details>\n\n\t\n\n\n\t<details class=\"govuk-details\" data-module=\"govuk-details\">\n\t\t<summary class=\"govuk-details__summary\">\n\t\t\t<span class=\"govuk-details__summary-text\">\n\t\t\t\tIng. Jozef P\u00e1len\u00edk \u2013 Deputy Head of Central Register\t\t\t<\/span>\n\t\t<\/summary>\n\t\t<div class=\"govuk-details__text\">\n\t\t\t<strong>Central Register of Farm Animals<\/strong><br>Rosinsk\u00e1 cesta 12<br>010 08 \u017dilina<br><a href=\"tel:00421915851362\">+421 915 851 362<\/a><br><a href=\"mailto:jozefpalenik@pssr.sk\">jozefpalenik@pssr.sk<\/a>\t\t<\/div>\n\t<\/details>\n\n\t\n\n\n\t<details class=\"govuk-details\" data-module=\"govuk-details\">\n\t\t<summary class=\"govuk-details__summary\">\n\t\t\t<span class=\"govuk-details__summary-text\">\n\t\t\t\tJanka Bar\u010d\u00e1kov\u00e1 \u2013 Central Register Control Officer\t\t\t<\/span>\n\t\t<\/summary>\n\t\t<div class=\"govuk-details__text\">\n\t\t\t<strong>Central Register of Farm Animals<\/strong><br>Rosinsk\u00e1 cesta 12<br>010 08 \u017dilina<br><a href=\"tel:+421415073745\">+421 41 5073 745<\/a> \/ext. 723<br><a href=\"mailto:janabarcakova@pssr.sk\">janabarcakova@pssr.sk<\/a>\t\t<\/div>\n\t<\/details>\n\n\t","protected":false},"excerpt":{"rendered":"<p>The Breeding Services of the Slovak Republic, s.e. Rosinsk\u00e1 cesta 12010 08 \u017dilina+421 41 5073 744company map: mape-mail: crhz@pssr.sk<\/p>\n","protected":false},"author":1,"featured_media":0,"parent":0,"menu_order":0,"comment_status":"closed","ping_status":"closed","template":"","meta":{"footnotes":""},"class_list":["post-947","page","type-page","status-publish","hentry"],"_links":{"self":[{"href":"http:\/\/web2.pssr.sk\/index.php\/wp-json\/wp\/v2\/pages\/947","targetHints":{"allow":["GET"]}}],"collection":[{"href":"http:\/\/web2.pssr.sk\/index.php\/wp-json\/wp\/v2\/pages"}],"about":[{"href":"http:\/\/web2.pssr.sk\/index.php\/wp-json\/wp\/v2\/types\/page"}],"author":[{"embeddable":true,"href":"http:\/\/web2.pssr.sk\/index.php\/wp-json\/wp\/v2\/users\/1"}],"replies":[{"embeddable":true,"href":"http:\/\/web2.pssr.sk\/index.php\/wp-json\/wp\/v2\/comments?post=947"}],"version-history":[{"count":2,"href":"http:\/\/web2.pssr.sk\/index.php\/wp-json\/wp\/v2\/pages\/947\/revisions"}],"predecessor-version":[{"id":949,"href":"http:\/\/web2.pssr.sk\/index.php\/wp-json\/wp\/v2\/pages\/947\/revisions\/949"}],"wp:attachment":[{"href":"http:\/\/web2.pssr.sk\/index.php\/wp-json\/wp\/v2\/media?parent=947"}],"curies":[{"name":"wp","href":"https:\/\/api.w.org\/{rel}","templated":true}]}}