{"id":978,"date":"2026-03-23T08:44:28","date_gmt":"2026-03-23T08:44:28","guid":{"rendered":"http:\/\/web2.pssr.sk\/?page_id=978"},"modified":"2026-03-23T08:46:35","modified_gmt":"2026-03-23T08:46:35","slug":"forms-performance-testing","status":"publish","type":"page","link":"http:\/\/web2.pssr.sk\/index.php\/en\/forms-performance-testing\/","title":{"rendered":"Forms \u2013 Performance Testing"},"content":{"rendered":"\n\t<div class=\"govuk-accordion\" data-module=\"idsk-accordion\" id=\"bTgILN45zErLLDiVd4MrJ\">\n\t\t<div class=\"govuk-accordion__controls\">\n\t\t\t<button class=\"govuk-accordion__open-all\"\n\t\t\t\tdata-open-title=\"Open all\"\n\t\t\t\tdata-close-title=\"Close all\"\n\t\t\t\ttype=\"button\"\n\t\t\t\taria-expanded=\"false\"\n\t\t\t>\n\t\t\t\t<span class=\"govuk-visually-hidden govuk-accordion__controls-span\" data-section-title=\"sections\"><\/span>\n\t\t\t<\/button>\n\t\t<\/div>\n\n\t\t\t\t\t<div class=\"govuk-accordion__section \">\n\t\t\t\t<div class=\"govuk-accordion__section-header\">\n\t\t\t\t\t<h2 class=\"govuk-accordion__section-heading\">\n\t\t\t\t\t\t<span class=\"govuk-accordion__section-button\" id=\"bTgILN45zErLLDiVd4MrJ-heading-1\">\n\t\t\t\t\t\t\tApplication for Access to Performance Testing Data\t\t\t\t\t\t<\/span>\n\t\t\t\t\t<\/h2>\n\t\t\t\t\t<div class=\"govuk-accordion__section-summary govuk-body\" id=\"bTgILN45zErLLDiVd4MrJ-summary-1\">\n\t\t\t\t\t\t\t\t\t\t\t<\/div>\n\t\t\t\t<\/div>\n\t\t\t\t<div id=\"bTgILN45zErLLDiVd4MrJ-content-1\"\n\t\t\t\t\tclass=\"govuk-accordion__section-content\"\n\t\t\t\t\taria-labelledby=\"bTgILN45zErLLDiVd4MrJ-heading-1\"\n\t\t\t\t>\n\t\t\t\t\t<a href=\"https:\/\/pssr.sk\/wp-content\/uploads\/stiah\/ku\/PristupPLIS.doc\" target=\"_blank\" rel=\"noreferrer noopener\">Registration Form for Breeder Access to the Breeding Information System<\/a><br><a href=\"https:\/\/pssr.sk\/wp-content\/uploads\/stiah\/ku\/Prehlasenie.pdf\" target=\"_blank\" rel=\"noreferrer noopener\">Declaration<\/a><br><a href=\"https:\/\/pssr.sk\/wp-content\/uploads\/stiah\/ku\/PLIS_povolenie_pristup.docx\" target=\"_blank\" rel=\"noreferrer noopener\">Authorisation for Access to Farm Enterprise Data<\/a>\t\t\t\t<\/div>\n\t\t\t<\/div>\n\t\t\t\t\t\t<div class=\"govuk-accordion__section \">\n\t\t\t\t<div class=\"govuk-accordion__section-header\">\n\t\t\t\t\t<h2 class=\"govuk-accordion__section-heading\">\n\t\t\t\t\t\t<span class=\"govuk-accordion__section-button\" id=\"bTgILN45zErLLDiVd4MrJ-heading-2\">\n\t\t\t\t\t\t\tPerformance Testing Forms for Cattle, Sheep, Goats and Pigs\t\t\t\t\t\t<\/span>\n\t\t\t\t\t<\/h2>\n\t\t\t\t\t<div class=\"govuk-accordion__section-summary govuk-body\" id=\"bTgILN45zErLLDiVd4MrJ-summary-2\">\n\t\t\t\t\t\t\t\t\t\t\t<\/div>\n\t\t\t\t<\/div>\n\t\t\t\t<div id=\"bTgILN45zErLLDiVd4MrJ-content-2\"\n\t\t\t\t\tclass=\"govuk-accordion__section-content\"\n\t\t\t\t\taria-labelledby=\"bTgILN45zErLLDiVd4MrJ-heading-2\"\n\t\t\t\t>\n\t\t\t\t\t<a href=\"https:\/\/pssr.sk\/wp-content\/uploads\/stiah\/ku\/HD01.xls\" target=\"_blank\" rel=\"noreferrer noopener\">Herd Nameplate \u2013 Billing Details of Payer<\/a><br><a href=\"https:\/\/pssr.sk\/wp-content\/uploads\/stiah\/ku\/Menovka chovov HD.xls\" target=\"_blank\" rel=\"noreferrer noopener\">Cattle Herd Nameplate<\/a><br><a href=\"https:\/\/pssr.sk\/wp-content\/uploads\/stiah\/ku\/Menovka chovov oviec.docx\" target=\"_blank\" rel=\"noreferrer noopener\">Sheep Flock Nameplate<\/a><br><a href=\"https:\/\/pssr.sk\/wp-content\/uploads\/stiah\/ku\/Menovka chovov k\u00f4z.docx\" target=\"_blank\" rel=\"noreferrer noopener\">Goat Flock Nameplate<\/a><br><a href=\"https:\/\/pssr.sk\/wp-content\/uploads\/stiah\/ku\/Menovka chovov o\u0161\u00edpan\u00fdch.docx\" target=\"_blank\" rel=\"noreferrer noopener\">Pig Herd Nameplate<\/a><br><a href=\"https:\/\/pssr.sk\/wp-content\/uploads\/stiah\/ku\/Hlasenie rozdelenie na chove.xls\" target=\"_blank\" rel=\"noreferrer noopener\">Report on Performance Distribution for Zootechnicians \u2013 Cattle, Sheep, Goats<\/a>\t\t\t\t<\/div>\n\t\t\t<\/div>\n\t\t\t\t\t\t<div class=\"govuk-accordion__section \">\n\t\t\t\t<div class=\"govuk-accordion__section-header\">\n\t\t\t\t\t<h2 class=\"govuk-accordion__section-heading\">\n\t\t\t\t\t\t<span class=\"govuk-accordion__section-button\" id=\"bTgILN45zErLLDiVd4MrJ-heading-3\">\n\t\t\t\t\t\t\tPerformance Testing Forms for Cattle\t\t\t\t\t\t<\/span>\n\t\t\t\t\t<\/h2>\n\t\t\t\t\t<div class=\"govuk-accordion__section-summary govuk-body\" id=\"bTgILN45zErLLDiVd4MrJ-summary-3\">\n\t\t\t\t\t\t\t\t\t\t\t<\/div>\n\t\t\t\t<\/div>\n\t\t\t\t<div id=\"bTgILN45zErLLDiVd4MrJ-content-3\"\n\t\t\t\t\tclass=\"govuk-accordion__section-content\"\n\t\t\t\t\taria-labelledby=\"bTgILN45zErLLDiVd4MrJ-heading-3\"\n\t\t\t\t>\n\t\t\t\t\t<a href=\"https:\/\/pssr.sk\/wp-content\/uploads\/stiah\/ku\/HD-11 Mastalny zapisnik.xls\" target=\"_blank\" rel=\"noreferrer noopener\">Stable Notebook<\/a><br><a href=\"https:\/\/pssr.sk\/wp-content\/uploads\/stiah\/ku\/HD-12 Oprava celozivotnej uzitkovosti.xls\" target=\"_blank\" rel=\"noreferrer noopener\">Correction of Lifetime Performance<\/a><br><a href=\"https:\/\/pssr.sk\/wp-content\/uploads\/stiah\/ku\/HD-17 Zberny doklad pre skusky dojitelnosti.xls\" target=\"_blank\" rel=\"noreferrer noopener\">Collection Document for Milkability Tests<\/a>\t\t\t\t<\/div>\n\t\t\t<\/div>\n\t\t\t\t\t\t<div class=\"govuk-accordion__section \">\n\t\t\t\t<div class=\"govuk-accordion__section-header\">\n\t\t\t\t\t<h2 class=\"govuk-accordion__section-heading\">\n\t\t\t\t\t\t<span class=\"govuk-accordion__section-button\" id=\"bTgILN45zErLLDiVd4MrJ-heading-4\">\n\t\t\t\t\t\t\tReproduction Forms for Cattle\t\t\t\t\t\t<\/span>\n\t\t\t\t\t<\/h2>\n\t\t\t\t\t<div class=\"govuk-accordion__section-summary govuk-body\" id=\"bTgILN45zErLLDiVd4MrJ-summary-4\">\n\t\t\t\t\t\t\t\t\t\t\t<\/div>\n\t\t\t\t<\/div>\n\t\t\t\t<div id=\"bTgILN45zErLLDiVd4MrJ-content-4\"\n\t\t\t\t\tclass=\"govuk-accordion__section-content\"\n\t\t\t\t\taria-labelledby=\"bTgILN45zErLLDiVd4MrJ-heading-4\"\n\t\t\t\t>\n\t\t\t\t\t<a href=\"https:\/\/pssr.sk\/wp-content\/uploads\/stiah\/ku\/supis_embryotransferu.xls\" target=\"_blank\" rel=\"noreferrer noopener\">Embryo Transfer Register<\/a><br><a href=\"https:\/\/pssr.sk\/wp-content\/uploads\/stiah\/ku\/vykaz_inseminacie.xls\" target=\"_blank\" rel=\"noreferrer noopener\">Insemination Report<\/a><br><a href=\"https:\/\/pssr.sk\/wp-content\/uploads\/stiah\/ku\/vykaz_oprav_inseminacie.xls\" target=\"_blank\" rel=\"noreferrer noopener\">Insemination Correction Report<\/a>\t\t\t\t<\/div>\n\t\t\t<\/div>\n\t\t\t\t\t\t<div class=\"govuk-accordion__section \">\n\t\t\t\t<div class=\"govuk-accordion__section-header\">\n\t\t\t\t\t<h2 class=\"govuk-accordion__section-heading\">\n\t\t\t\t\t\t<span class=\"govuk-accordion__section-button\" id=\"bTgILN45zErLLDiVd4MrJ-heading-5\">\n\t\t\t\t\t\t\tPerformance Testing Forms for Sheep and Goats\t\t\t\t\t\t<\/span>\n\t\t\t\t\t<\/h2>\n\t\t\t\t\t<div class=\"govuk-accordion__section-summary govuk-body\" id=\"bTgILN45zErLLDiVd4MrJ-summary-5\">\n\t\t\t\t\t\t\t\t\t\t\t<\/div>\n\t\t\t\t<\/div>\n\t\t\t\t<div id=\"bTgILN45zErLLDiVd4MrJ-content-5\"\n\t\t\t\t\tclass=\"govuk-accordion__section-content\"\n\t\t\t\t\taria-labelledby=\"bTgILN45zErLLDiVd4MrJ-heading-5\"\n\t\t\t\t>\n\t\t\t\t\t<a href=\"https:\/\/pssr.sk\/wp-content\/uploads\/stiah\/ku\/zaradenie barana a bahnice do ms.doc\" target=\"_blank\" rel=\"noreferrer noopener\">Enrolment of Ram and Ewe into Milk Recording<\/a><br><a href=\"https:\/\/pssr.sk\/wp-content\/uploads\/stiah\/ku\/zaradenie capa a kozy do ms.doc\" target=\"_blank\" rel=\"noreferrer noopener\">Enrolment of Buck and Doe into Milk Recording<\/a><br><a href=\"https:\/\/pssr.sk\/wp-content\/uploads\/stiah\/ku\/OV-010.xls\" target=\"_blank\" rel=\"noreferrer noopener\">Report on Enrolment, Correction, Cancellation, Removal (doc. no. 010)<\/a><br><a href=\"https:\/\/pssr.sk\/wp-content\/uploads\/stiah\/ku\/OV-011.xls\" target=\"_blank\" rel=\"noreferrer noopener\">Transfer \u2013 Sale Report (doc. no. 011)<\/a>\t\t\t\t<\/div>\n\t\t\t<\/div>\n\t\t\t\t\t\t<div class=\"govuk-accordion__section \">\n\t\t\t\t<div class=\"govuk-accordion__section-header\">\n\t\t\t\t\t<h2 class=\"govuk-accordion__section-heading\">\n\t\t\t\t\t\t<span class=\"govuk-accordion__section-button\" id=\"bTgILN45zErLLDiVd4MrJ-heading-6\">\n\t\t\t\t\t\t\tPerformance Testing Forms for Pigs\t\t\t\t\t\t<\/span>\n\t\t\t\t\t<\/h2>\n\t\t\t\t\t<div class=\"govuk-accordion__section-summary govuk-body\" id=\"bTgILN45zErLLDiVd4MrJ-summary-6\">\n\t\t\t\t\t\t\t\t\t\t\t<\/div>\n\t\t\t\t<\/div>\n\t\t\t\t<div id=\"bTgILN45zErLLDiVd4MrJ-content-6\"\n\t\t\t\t\tclass=\"govuk-accordion__section-content\"\n\t\t\t\t\taria-labelledby=\"bTgILN45zErLLDiVd4MrJ-heading-6\"\n\t\t\t\t>\n\t\t\t\t\t<a href=\"https:\/\/pssr.sk\/wp-content\/uploads\/stiah\/ku\/OS-1 Zaradenie, oprava, vyradenie prasnic a kancov.xls\" target=\"_blank\" rel=\"noreferrer noopener\">Enrolment, Correction and Removal of Sows and Boars<\/a><br><a href=\"https:\/\/pssr.sk\/wp-content\/uploads\/stiah\/ku\/OS-3 Vykaz inseminacie, zapustenia prasnic.xls\" target=\"_blank\" rel=\"noreferrer noopener\">Report on Insemination and Mating of Sows<\/a><br><a href=\"https:\/\/pssr.sk\/wp-content\/uploads\/stiah\/ku\/OS-4 Oprava oprasenia a odstavu.xls\" target=\"_blank\" rel=\"noreferrer noopener\">Correction of Farrowing and Weaning<\/a><br><a href=\"https:\/\/pssr.sk\/wp-content\/uploads\/stiah\/ku\/OS-5 Vykaz merania vlastnej uzitkovosti osipanych.xls\" target=\"_blank\" rel=\"noreferrer noopener\">Report on Individual Performance Testing of Pigs<\/a><br><a href=\"https:\/\/pssr.sk\/wp-content\/uploads\/stiah\/ku\/OS-6 Vykaz vykrmnosti a jatocnej hodnoty osipanych.xls\" target=\"_blank\" rel=\"noreferrer noopener\">Report on Fattening Performance and Carcass Value of Pigs<\/a><br><a href=\"https:\/\/pssr.sk\/wp-content\/uploads\/stiah\/ku\/OS-9EX Zaznam k presunu prasnic.xls\" target=\"_blank\" rel=\"noreferrer noopener\">Record of Sow Transfer<\/a>\t\t\t\t<\/div>\n\t\t\t<\/div>\n\t\t\t\t<\/div>\n\n\t","protected":false},"excerpt":{"rendered":"","protected":false},"author":1,"featured_media":0,"parent":0,"menu_order":0,"comment_status":"closed","ping_status":"closed","template":"","meta":{"footnotes":""},"class_list":["post-978","page","type-page","status-publish","hentry"],"_links":{"self":[{"href":"http:\/\/web2.pssr.sk\/index.php\/wp-json\/wp\/v2\/pages\/978","targetHints":{"allow":["GET"]}}],"collection":[{"href":"http:\/\/web2.pssr.sk\/index.php\/wp-json\/wp\/v2\/pages"}],"about":[{"href":"http:\/\/web2.pssr.sk\/index.php\/wp-json\/wp\/v2\/types\/page"}],"author":[{"embeddable":true,"href":"http:\/\/web2.pssr.sk\/index.php\/wp-json\/wp\/v2\/users\/1"}],"replies":[{"embeddable":true,"href":"http:\/\/web2.pssr.sk\/index.php\/wp-json\/wp\/v2\/comments?post=978"}],"version-history":[{"count":2,"href":"http:\/\/web2.pssr.sk\/index.php\/wp-json\/wp\/v2\/pages\/978\/revisions"}],"predecessor-version":[{"id":980,"href":"http:\/\/web2.pssr.sk\/index.php\/wp-json\/wp\/v2\/pages\/978\/revisions\/980"}],"wp:attachment":[{"href":"http:\/\/web2.pssr.sk\/index.php\/wp-json\/wp\/v2\/media?parent=978"}],"curies":[{"name":"wp","href":"https:\/\/api.w.org\/{rel}","templated":true}]}}